{"id":984,"date":"2025-05-12T17:22:23","date_gmt":"2025-05-12T15:22:23","guid":{"rendered":"https:\/\/lomina.es\/?post_type=product&#038;p=984"},"modified":"2025-05-21T20:45:57","modified_gmt":"2025-05-21T18:45:57","slug":"lavadora-beko-b3wft59415w-9kg","status":"publish","type":"product","link":"https:\/\/lomina.es\/?product=lavadora-beko-b3wft59415w-9kg","title":{"rendered":"Lavadora Beko  9kg &#8211; B3WFT59415W"},"content":{"rendered":"<div class=\"PropertyTable__row\">\n<p>&nbsp;<\/p>\n<p><strong>15 programas, para todos los gustos: <\/strong>la lavadora Beko, que dispone de 1400 revoluciones por minuto en su centrifugado, ofrece 15 tipos de programas: Algod\u00f3n, Eco 40\/Eco 60, Sint\u00e9ticos, Diario Expres\/Express super corto 14 min, Lana\/Lavado a mano, DarkWash\/Jeans, Descarga, Centrifugado y vaciado, Aclarado, Sport, StainExpert &#8211; Manchas Pro, Hygiene+, Edredones\/Plum\u00edferos, Camisas, SteamTherapy.<\/p>\n<p><strong>Motor ProSmart Inverter<\/strong>: alta eficiencia, alta durabilidad y bajo nivel de ruido. No te estreses por las facturas de la luz ni sufras cada vez que vayas a lavar la ropa. Gracias al\u00a0motor ProSmart\u2122 de velocidad variable\u00a0y sin fricci\u00f3n conseguir\u00e1s un bajo consumo, menos ruido y una mayor duraci\u00f3n, todo en un solo aparato. As\u00ed sacar\u00e1s el m\u00e1ximo partido a tu lavadora sin que afecte a tu presupuesto mensual ni a tu tranquilidad.<\/p>\n<p><strong>Programa StainExpert\u2122 &#8211; Manchas PRO<\/strong>: limpieza impecable de 24 tipos de manchas. Di adi\u00f3s al vinagre blanco, el zumo de lim\u00f3n y el detergente para lavavajillas. Eso son productos de cocina, y la ropa manchada es cosa de una lavadora con programa StainExpert &#8211; Manchas PRO. Caf\u00e9, k\u00e9tchup, chocolate, maquillaje o sangre: StainExpert &#8211; Manchas PRO est\u00e1 espec\u00edficamente dise\u00f1ado para acabar con 24 tipos de manchas diferentes, para que no tengas que volver a pretratarlas.<\/p>\n<p><strong>Programa Supercorto 14 min: <\/strong>2 kg de ropa limpia en 14 minutos. No todas las prendas requieren un tratamiento intensivo. A veces, un lavado r\u00e1pido puede ser suficiente. Elprograma Supercorto 14 min te permite lavar hasta 2 kg de ropa\u00a0en solo 14 minutos. \u00bfQue 2 kg te suena a poca ropa? \u00a1Eso son como 20 camisetas! M\u00e1s que suficiente para cualquier urgencia.<\/p>\n<p><strong>AquaWave<\/strong>: un trato m\u00e1s delicado con un movimiento como el de las olas. El proceso de secado puede da\u00f1ar tu ropa. Para evitarlo, te presentamos el\u00a0cristal de puerta curvado\u00a0y las palas estrat\u00e9gicamente dise\u00f1adas delsistema AquaWave, que mueven la ropa imitando el movimiento de las olas dentro del tambor para tratar la ropa con mayor delicadeza y mejorar la eficacia de secado. La pr\u00f3xima vez que alguien alabe tu ropa y respondas: \u00bfEsta cosa vieja?, quiz\u00e1 no est\u00e9s exagerando.<\/p>\n<\/div>\n","protected":false},"excerpt":{"rendered":"<div class=\"PropertyTable__row\">\n<div class=\"PropertyTable__row\"><span style=\"font-size: 16px;\">Caracter\u00edsticas<\/span><\/div>\n<\/div>\n<div class=\"PropertyTable__row\">\n<ul>\n<li><span style=\"font-size: 16px;\">Capacidad: <\/span><span style=\"font-size: 16px;\">9 kg<\/span><\/li>\n<li><span style=\"font-size: 16px;\">Clase Eficiencia Energ\u00e9tica: <\/span><span style=\"font-size: 16px;\">A<\/span><\/li>\n<li>Velocidad m\u00e1xima de centrifugado: 1400rpm<\/li>\n<li><label id=\"Nivel de ruido en centrifugadolabel\" class=\"Maw(180px) Maw(280px)--xl Mx(a)\" for=\"Nivel de ruido en centrifugado\">Nivel de ruido en centrifugado: <span style=\"font-size: 16px;\">75 dB<\/span><\/label><\/li>\n<li><label id=\"ProSmart\u2122 Inverter Motorlabel\" class=\"Maw(180px) Maw(280px)--xl Mx(a)\" for=\"ProSmart\u2122 Inverter Motor\">\u00a0ProSmart\u2122 Inverter Motor<\/label><\/li>\n<li><span style=\"font-size: 16px;\">Altura<\/span>: <span style=\"font-size: 16px;\">84.5 cm<\/span><\/li>\n<li><label id=\"Ancholabel\" class=\"Maw(180px) Maw(280px)--xl Mx(a)\" for=\"Ancho\">Ancho: <span style=\"font-size: 16px;\">60 cm<\/span><\/label><\/li>\n<li><label id=\"Profundidadlabel\" class=\"Maw(180px) Maw(280px)--xl Mx(a)\" for=\"Profundidad\">Profundidad: <span style=\"font-size: 16px;\">58 cm<\/span><\/label><\/li>\n<li><label id=\"Funci\u00f3n Vaporlabel\" class=\"Maw(180px) Maw(280px)--xl Mx(a)\" for=\"Funci\u00f3n Vapor\">Funci\u00f3n Vapor<\/label><\/li>\n<\/ul>\n<\/div>\n<div class=\"PropertyTable__row\" style=\"text-align: left;\"><\/div>\n<div class=\"PropertyTable__row\" style=\"text-align: left;\"><label id=\"ProSmart\u2122 Inverter Motorlabel\" class=\"Maw(180px) Maw(280px)--xl Mx(a)\" for=\"ProSmart\u2122 Inverter Motor\">\u00a0<\/label><\/div>\n<div class=\"PropertyTable__row\" style=\"text-align: left;\"><\/div>\n<p>&nbsp;<\/p>\n","protected":false},"featured_media":987,"comment_status":"open","ping_status":"closed","template":"","meta":{"om_disable_all_campaigns":false,"_monsterinsights_skip_tracking":false,"_monsterinsights_sitenote_active":false,"_monsterinsights_sitenote_note":"","_monsterinsights_sitenote_category":0,"site-sidebar-layout":"default","site-content-layout":"","ast-site-content-layout":"default","site-content-style":"default","site-sidebar-style":"default","ast-global-header-display":"","ast-banner-title-visibility":"","ast-main-header-display":"","ast-hfb-above-header-display":"","ast-hfb-below-header-display":"","ast-hfb-mobile-header-display":"","site-post-title":"","ast-breadcrumbs-content":"","ast-featured-img":"","footer-sml-layout":"","theme-transparent-header-meta":"default","adv-header-id-meta":"","stick-header-meta":"","header-above-stick-meta":"","header-main-stick-meta":"","header-below-stick-meta":"","astra-migrate-meta-layouts":"set","ast-page-background-enabled":"default","ast-page-background-meta":{"desktop":{"background-color":"var(--ast-global-color-4)","background-image":"","background-repeat":"repeat","background-position":"center center","background-size":"auto","background-attachment":"scroll","background-type":"","background-media":"","overlay-type":"","overlay-color":"","overlay-gradient":""},"tablet":{"background-color":"","background-image":"","background-repeat":"repeat","background-position":"center center","background-size":"auto","background-attachment":"scroll","background-type":"","background-media":"","overlay-type":"","overlay-color":"","overlay-gradient":""},"mobile":{"background-color":"","background-image":"","background-repeat":"repeat","background-position":"center center","background-size":"auto","background-attachment":"scroll","background-type":"","background-media":"","overlay-type":"","overlay-color":"","overlay-gradient":""}},"ast-content-background-meta":{"desktop":{"background-color":"var(--ast-global-color-5)","background-image":"","background-repeat":"repeat","background-position":"center center","background-size":"auto","background-attachment":"scroll","background-type":"","background-media":"","overlay-type":"","overlay-color":"","overlay-gradient":""},"tablet":{"background-color":"var(--ast-global-color-5)","background-image":"","background-repeat":"repeat","background-position":"center center","background-size":"auto","background-attachment":"scroll","background-type":"","background-media":"","overlay-type":"","overlay-color":"","overlay-gradient":""},"mobile":{"background-color":"var(--ast-global-color-5)","background-image":"","background-repeat":"repeat","background-position":"center center","background-size":"auto","background-attachment":"scroll","background-type":"","background-media":"","overlay-type":"","overlay-color":"","overlay-gradient":""}}},"product_cat":[21],"product_tag":[],"aioseo_notices":[],"jetpack_sharing_enabled":true,"_links":{"self":[{"href":"https:\/\/lomina.es\/index.php?rest_route=\/wp\/v2\/product\/984"}],"collection":[{"href":"https:\/\/lomina.es\/index.php?rest_route=\/wp\/v2\/product"}],"about":[{"href":"https:\/\/lomina.es\/index.php?rest_route=\/wp\/v2\/types\/product"}],"replies":[{"embeddable":true,"href":"https:\/\/lomina.es\/index.php?rest_route=%2Fwp%2Fv2%2Fcomments&post=984"}],"wp:featuredmedia":[{"embeddable":true,"href":"https:\/\/lomina.es\/index.php?rest_route=\/wp\/v2\/media\/987"}],"wp:attachment":[{"href":"https:\/\/lomina.es\/index.php?rest_route=%2Fwp%2Fv2%2Fmedia&parent=984"}],"wp:term":[{"taxonomy":"product_cat","embeddable":true,"href":"https:\/\/lomina.es\/index.php?rest_route=%2Fwp%2Fv2%2Fproduct_cat&post=984"},{"taxonomy":"product_tag","embeddable":true,"href":"https:\/\/lomina.es\/index.php?rest_route=%2Fwp%2Fv2%2Fproduct_tag&post=984"}],"curies":[{"name":"wp","href":"https:\/\/api.w.org\/{rel}","templated":true}]}}