{"id":971,"date":"2025-05-12T13:01:37","date_gmt":"2025-05-12T11:01:37","guid":{"rendered":"https:\/\/lomina.es\/?post_type=product&#038;p=971"},"modified":"2025-05-20T20:24:15","modified_gmt":"2025-05-20T18:24:15","slug":"tensiometro-beurer-brazo","status":"publish","type":"product","link":"https:\/\/lomina.es\/?product=tensiometro-beurer-brazo","title":{"rendered":"Tensiometro Beurer brazo"},"content":{"rendered":"<p>El tensi\u00f3metro con voz para el brazo emite los resultados ac\u00fasticamente, adem\u00e1s de representarlos en la pantalla.<\/p>\n<p>El volumen es regulable y, en caso necesario, la funci\u00f3n de voz se puede desactivar.<\/p>\n","protected":false},"excerpt":{"rendered":"<p>CARACTER\u00cdSTICAS<\/p>\n<ul class=\"a-unordered-list a-vertical a-spacing-mini\">\n<li class=\"a-spacing-mini\"><span class=\"a-list-item\">Con salida de voz ajustable individualmente en varios idiomas DE, FR, IT, NL (la funci\u00f3n de voz tambi\u00e9n se puede desactivar)<\/span><\/li>\n<li class=\"a-spacing-mini\"><span class=\"a-list-item\">Medici\u00f3n totalmente autom\u00e1tica de la presi\u00f3n arterial y el pulso para circunferencias de la parte superior del brazo de 22 a 36 cm con notificaci\u00f3n de errores de aplicaci\u00f3n<\/span><\/li>\n<li class=\"a-spacing-mini\"><span class=\"a-list-item\">Clasificaci\u00f3n por colores de los resultados de medici\u00f3n en el indicador de riesgo y advertencia de posibles alteraciones del ritmo card\u00edaco<\/span><\/li>\n<li class=\"a-spacing-mini\"><span class=\"a-list-item\">Dos memorias de usuario para 60 valores de medici\u00f3n, cada una con el c\u00e1lculo del valor promedio de todos los valores almacenados y la presi\u00f3n arterial matutina y vespertina de los \u00faltimos 7 d\u00edas<\/span><\/li>\n<li class=\"a-spacing-mini\"><span class=\"a-list-item\">Funci\u00f3n autom\u00e1tica de preselecci\u00f3n de presi\u00f3n y desinflado, apagado autom\u00e1tico y visualizaci\u00f3n de fecha y hora<\/span><\/li>\n<li class=\"a-spacing-mini\"><span class=\"a-list-item\">Incluye 1 monitor de presi\u00f3n arterial para la parte superior del brazo con manguito, 1 bolsa de almacenamiento, 4 pilas AA de 1,5 V<\/span><\/li>\n<li class=\"a-spacing-mini\"><span class=\"a-list-item\">Tenga cuidado de no aplicar el manguito a un brazo cuyas arterias o venas est\u00e9n recibiendo tratamiento m\u00e9dico, como acceso intravascular o terapia intravascular o una derivaci\u00f3n arteriovenosa (AV).<\/span><\/li>\n<\/ul>\n","protected":false},"featured_media":972,"comment_status":"open","ping_status":"closed","template":"","meta":{"om_disable_all_campaigns":false,"_monsterinsights_skip_tracking":false,"_monsterinsights_sitenote_active":false,"_monsterinsights_sitenote_note":"","_monsterinsights_sitenote_category":0,"site-sidebar-layout":"default","site-content-layout":"","ast-site-content-layout":"default","site-content-style":"default","site-sidebar-style":"default","ast-global-header-display":"","ast-banner-title-visibility":"","ast-main-header-display":"","ast-hfb-above-header-display":"","ast-hfb-below-header-display":"","ast-hfb-mobile-header-display":"","site-post-title":"","ast-breadcrumbs-content":"","ast-featured-img":"","footer-sml-layout":"","theme-transparent-header-meta":"default","adv-header-id-meta":"","stick-header-meta":"","header-above-stick-meta":"","header-main-stick-meta":"","header-below-stick-meta":"","astra-migrate-meta-layouts":"set","ast-page-background-enabled":"default","ast-page-background-meta":{"desktop":{"background-color":"var(--ast-global-color-4)","background-image":"","background-repeat":"repeat","background-position":"center center","background-size":"auto","background-attachment":"scroll","background-type":"","background-media":"","overlay-type":"","overlay-color":"","overlay-gradient":""},"tablet":{"background-color":"","background-image":"","background-repeat":"repeat","background-position":"center center","background-size":"auto","background-attachment":"scroll","background-type":"","background-media":"","overlay-type":"","overlay-color":"","overlay-gradient":""},"mobile":{"background-color":"","background-image":"","background-repeat":"repeat","background-position":"center center","background-size":"auto","background-attachment":"scroll","background-type":"","background-media":"","overlay-type":"","overlay-color":"","overlay-gradient":""}},"ast-content-background-meta":{"desktop":{"background-color":"var(--ast-global-color-5)","background-image":"","background-repeat":"repeat","background-position":"center center","background-size":"auto","background-attachment":"scroll","background-type":"","background-media":"","overlay-type":"","overlay-color":"","overlay-gradient":""},"tablet":{"background-color":"var(--ast-global-color-5)","background-image":"","background-repeat":"repeat","background-position":"center center","background-size":"auto","background-attachment":"scroll","background-type":"","background-media":"","overlay-type":"","overlay-color":"","overlay-gradient":""},"mobile":{"background-color":"var(--ast-global-color-5)","background-image":"","background-repeat":"repeat","background-position":"center center","background-size":"auto","background-attachment":"scroll","background-type":"","background-media":"","overlay-type":"","overlay-color":"","overlay-gradient":""}}},"product_cat":[66],"product_tag":[],"aioseo_notices":[],"jetpack_sharing_enabled":true,"_links":{"self":[{"href":"https:\/\/lomina.es\/index.php?rest_route=\/wp\/v2\/product\/971"}],"collection":[{"href":"https:\/\/lomina.es\/index.php?rest_route=\/wp\/v2\/product"}],"about":[{"href":"https:\/\/lomina.es\/index.php?rest_route=\/wp\/v2\/types\/product"}],"replies":[{"embeddable":true,"href":"https:\/\/lomina.es\/index.php?rest_route=%2Fwp%2Fv2%2Fcomments&post=971"}],"wp:featuredmedia":[{"embeddable":true,"href":"https:\/\/lomina.es\/index.php?rest_route=\/wp\/v2\/media\/972"}],"wp:attachment":[{"href":"https:\/\/lomina.es\/index.php?rest_route=%2Fwp%2Fv2%2Fmedia&parent=971"}],"wp:term":[{"taxonomy":"product_cat","embeddable":true,"href":"https:\/\/lomina.es\/index.php?rest_route=%2Fwp%2Fv2%2Fproduct_cat&post=971"},{"taxonomy":"product_tag","embeddable":true,"href":"https:\/\/lomina.es\/index.php?rest_route=%2Fwp%2Fv2%2Fproduct_tag&post=971"}],"curies":[{"name":"wp","href":"https:\/\/api.w.org\/{rel}","templated":true}]}}