{"id":965,"date":"2025-05-12T12:33:56","date_gmt":"2025-05-12T10:33:56","guid":{"rendered":"https:\/\/lomina.es\/?post_type=product&#038;p=965"},"modified":"2025-05-21T21:04:59","modified_gmt":"2025-05-21T19:04:59","slug":"cortador-de-pelo-braun-xt5","status":"publish","type":"product","link":"https:\/\/lomina.es\/?product=cortador-de-pelo-braun-xt5","title":{"rendered":"Afeitadora y recortadora de Barba Braun Series XT5"},"content":{"rendered":"<p><b>Recorta, perfila y afeita con una herramienta<\/b>: recortadora de barba, afeitadora para cuerpo y maquinilla el\u00e9ctrica para hombre. La Braun Series X es apta para la cara (peines de 1, 2, 3, 5 mm) y peines suaves.<\/p>\n<p><b>R\u00e1pida y eficiente<\/b>: la Cuchilla Flex 4D tiene una amplia \u00e1rea de corte y 450 movimientos por segundo, para que puedas recortar, afeitar y perfilar con precisi\u00f3n.<\/p>\n<p><b>F\u00e1cil y c\u00f3moda<\/b>: logra resultados excelentes y l\u00edneas precisas, incluso en \u00e1reas dif\u00edciles, con la Cabeza Flex pivotante y la cuchilla bidireccional que recorta en cualquier direcci\u00f3n.<\/p>\n<p><b>Suave con la piel<\/b>: la Cuchilla Ultra Afilada de metal completo dura hasta 6 meses y se ajusta c\u00f3modamente a los contornos en cada pasada.<\/p>\n<p><b>Dise\u00f1ada para durar<\/b>: 100% impermeable con mango AquaGrip engomado. XT5 tiene un tiempo de funcionamiento inal\u00e1mbrico de 45 minutos y viene con una bolsa de cord\u00f3n para almacenamiento en el ba\u00f1o.<\/p>\n","protected":false},"excerpt":{"rendered":"<p>CARACTER\u00cdSTICAS:<\/p>\n<ul>\n<li>Hoja de metal de larga duraci\u00f3n.<\/li>\n<li>Hoja flexible 4D.<\/li>\n<li>Peine para zonas sensibles<\/li>\n<li>AquaGrip. Control 100% impermeable.<\/li>\n<li>45\u00a0minutos\u00a0de autonom\u00eda.<\/li>\n<li>100 &#8211; 240 V<\/li>\n<\/ul>\n","protected":false},"featured_media":970,"comment_status":"open","ping_status":"closed","template":"","meta":{"om_disable_all_campaigns":false,"_monsterinsights_skip_tracking":false,"_monsterinsights_sitenote_active":false,"_monsterinsights_sitenote_note":"","_monsterinsights_sitenote_category":0,"site-sidebar-layout":"default","site-content-layout":"","ast-site-content-layout":"default","site-content-style":"default","site-sidebar-style":"default","ast-global-header-display":"","ast-banner-title-visibility":"","ast-main-header-display":"","ast-hfb-above-header-display":"","ast-hfb-below-header-display":"","ast-hfb-mobile-header-display":"","site-post-title":"","ast-breadcrumbs-content":"","ast-featured-img":"","footer-sml-layout":"","theme-transparent-header-meta":"default","adv-header-id-meta":"","stick-header-meta":"","header-above-stick-meta":"","header-main-stick-meta":"","header-below-stick-meta":"","astra-migrate-meta-layouts":"set","ast-page-background-enabled":"default","ast-page-background-meta":{"desktop":{"background-color":"var(--ast-global-color-4)","background-image":"","background-repeat":"repeat","background-position":"center center","background-size":"auto","background-attachment":"scroll","background-type":"","background-media":"","overlay-type":"","overlay-color":"","overlay-gradient":""},"tablet":{"background-color":"","background-image":"","background-repeat":"repeat","background-position":"center center","background-size":"auto","background-attachment":"scroll","background-type":"","background-media":"","overlay-type":"","overlay-color":"","overlay-gradient":""},"mobile":{"background-color":"","background-image":"","background-repeat":"repeat","background-position":"center center","background-size":"auto","background-attachment":"scroll","background-type":"","background-media":"","overlay-type":"","overlay-color":"","overlay-gradient":""}},"ast-content-background-meta":{"desktop":{"background-color":"var(--ast-global-color-5)","background-image":"","background-repeat":"repeat","background-position":"center center","background-size":"auto","background-attachment":"scroll","background-type":"","background-media":"","overlay-type":"","overlay-color":"","overlay-gradient":""},"tablet":{"background-color":"var(--ast-global-color-5)","background-image":"","background-repeat":"repeat","background-position":"center center","background-size":"auto","background-attachment":"scroll","background-type":"","background-media":"","overlay-type":"","overlay-color":"","overlay-gradient":""},"mobile":{"background-color":"var(--ast-global-color-5)","background-image":"","background-repeat":"repeat","background-position":"center center","background-size":"auto","background-attachment":"scroll","background-type":"","background-media":"","overlay-type":"","overlay-color":"","overlay-gradient":""}}},"product_cat":[66],"product_tag":[],"aioseo_notices":[],"jetpack_sharing_enabled":true,"_links":{"self":[{"href":"https:\/\/lomina.es\/index.php?rest_route=\/wp\/v2\/product\/965"}],"collection":[{"href":"https:\/\/lomina.es\/index.php?rest_route=\/wp\/v2\/product"}],"about":[{"href":"https:\/\/lomina.es\/index.php?rest_route=\/wp\/v2\/types\/product"}],"replies":[{"embeddable":true,"href":"https:\/\/lomina.es\/index.php?rest_route=%2Fwp%2Fv2%2Fcomments&post=965"}],"wp:featuredmedia":[{"embeddable":true,"href":"https:\/\/lomina.es\/index.php?rest_route=\/wp\/v2\/media\/970"}],"wp:attachment":[{"href":"https:\/\/lomina.es\/index.php?rest_route=%2Fwp%2Fv2%2Fmedia&parent=965"}],"wp:term":[{"taxonomy":"product_cat","embeddable":true,"href":"https:\/\/lomina.es\/index.php?rest_route=%2Fwp%2Fv2%2Fproduct_cat&post=965"},{"taxonomy":"product_tag","embeddable":true,"href":"https:\/\/lomina.es\/index.php?rest_route=%2Fwp%2Fv2%2Fproduct_tag&post=965"}],"curies":[{"name":"wp","href":"https:\/\/api.w.org\/{rel}","templated":true}]}}