{"id":2645,"date":"2026-01-15T15:12:09","date_gmt":"2026-01-15T14:12:09","guid":{"rendered":"https:\/\/lomina.es\/?post_type=product&#038;p=2645"},"modified":"2026-01-15T15:12:09","modified_gmt":"2026-01-15T14:12:09","slug":"secador-de-pelo-bellissima-2200w","status":"publish","type":"product","link":"https:\/\/lomina.es\/?product=secador-de-pelo-bellissima-2200w","title":{"rendered":"Secador de pelo Bellissima 2200W"},"content":{"rendered":"<p>Secador potente y c\u00f3modo con 2200 W de potencia y m\u00faltiples ajustes para un secado r\u00e1pido y controlado, perfecto para uso cotidiano.<\/p>\n","protected":false},"excerpt":{"rendered":"<p><strong>Caracter\u00edsticas<\/strong><\/p>\n<ul>\n<li data-start=\"82\" data-end=\"140\">\n<p data-start=\"84\" data-end=\"140\">Potencia de 2200 W para un secado r\u00e1pido y eficaz.<\/p>\n<\/li>\n<li data-start=\"141\" data-end=\"224\">\n<p data-start=\"143\" data-end=\"224\">Ajustes de velocidad y temperatura adaptables a distintos tipos de cabello.<\/p>\n<\/li>\n<li data-start=\"225\" data-end=\"285\">\n<p data-start=\"227\" data-end=\"285\">Funci\u00f3n de aire fr\u00edo para fijar el peinado al final.<\/p>\n<\/li>\n<li data-start=\"286\" data-end=\"340\">\n<p data-start=\"288\" data-end=\"340\">Boquilla concentradora para peinados m\u00e1s precisos.<\/p>\n<\/li>\n<li data-start=\"341\" data-end=\"402\">\n<p data-start=\"343\" data-end=\"402\">Dise\u00f1o ergon\u00f3mico y c\u00f3modo de sujetar durante el uso.<\/p>\n<\/li>\n<li data-start=\"403\" data-end=\"494\">\n<p data-start=\"405\" data-end=\"494\">Ideal para uso diario en casa gracias a su combinaci\u00f3n de potencia y facilidad de manejo.<\/p>\n<\/li>\n<\/ul>\n","protected":false},"featured_media":2646,"comment_status":"open","ping_status":"closed","template":"","meta":{"om_disable_all_campaigns":false,"_monsterinsights_skip_tracking":false,"_monsterinsights_sitenote_active":false,"_monsterinsights_sitenote_note":"","_monsterinsights_sitenote_category":0,"site-sidebar-layout":"default","site-content-layout":"","ast-site-content-layout":"default","site-content-style":"default","site-sidebar-style":"default","ast-global-header-display":"","ast-banner-title-visibility":"","ast-main-header-display":"","ast-hfb-above-header-display":"","ast-hfb-below-header-display":"","ast-hfb-mobile-header-display":"","site-post-title":"","ast-breadcrumbs-content":"","ast-featured-img":"","footer-sml-layout":"","theme-transparent-header-meta":"default","adv-header-id-meta":"","stick-header-meta":"","header-above-stick-meta":"","header-main-stick-meta":"","header-below-stick-meta":"","astra-migrate-meta-layouts":"set","ast-page-background-enabled":"default","ast-page-background-meta":{"desktop":{"background-color":"var(--ast-global-color-4)","background-image":"","background-repeat":"repeat","background-position":"center center","background-size":"auto","background-attachment":"scroll","background-type":"","background-media":"","overlay-type":"","overlay-color":"","overlay-gradient":""},"tablet":{"background-color":"","background-image":"","background-repeat":"repeat","background-position":"center center","background-size":"auto","background-attachment":"scroll","background-type":"","background-media":"","overlay-type":"","overlay-color":"","overlay-gradient":""},"mobile":{"background-color":"","background-image":"","background-repeat":"repeat","background-position":"center center","background-size":"auto","background-attachment":"scroll","background-type":"","background-media":"","overlay-type":"","overlay-color":"","overlay-gradient":""}},"ast-content-background-meta":{"desktop":{"background-color":"var(--ast-global-color-5)","background-image":"","background-repeat":"repeat","background-position":"center center","background-size":"auto","background-attachment":"scroll","background-type":"","background-media":"","overlay-type":"","overlay-color":"","overlay-gradient":""},"tablet":{"background-color":"var(--ast-global-color-5)","background-image":"","background-repeat":"repeat","background-position":"center center","background-size":"auto","background-attachment":"scroll","background-type":"","background-media":"","overlay-type":"","overlay-color":"","overlay-gradient":""},"mobile":{"background-color":"var(--ast-global-color-5)","background-image":"","background-repeat":"repeat","background-position":"center center","background-size":"auto","background-attachment":"scroll","background-type":"","background-media":"","overlay-type":"","overlay-color":"","overlay-gradient":""}}},"product_cat":[66],"product_tag":[],"aioseo_notices":[],"jetpack_sharing_enabled":true,"_links":{"self":[{"href":"https:\/\/lomina.es\/index.php?rest_route=\/wp\/v2\/product\/2645"}],"collection":[{"href":"https:\/\/lomina.es\/index.php?rest_route=\/wp\/v2\/product"}],"about":[{"href":"https:\/\/lomina.es\/index.php?rest_route=\/wp\/v2\/types\/product"}],"replies":[{"embeddable":true,"href":"https:\/\/lomina.es\/index.php?rest_route=%2Fwp%2Fv2%2Fcomments&post=2645"}],"wp:featuredmedia":[{"embeddable":true,"href":"https:\/\/lomina.es\/index.php?rest_route=\/wp\/v2\/media\/2646"}],"wp:attachment":[{"href":"https:\/\/lomina.es\/index.php?rest_route=%2Fwp%2Fv2%2Fmedia&parent=2645"}],"wp:term":[{"taxonomy":"product_cat","embeddable":true,"href":"https:\/\/lomina.es\/index.php?rest_route=%2Fwp%2Fv2%2Fproduct_cat&post=2645"},{"taxonomy":"product_tag","embeddable":true,"href":"https:\/\/lomina.es\/index.php?rest_route=%2Fwp%2Fv2%2Fproduct_tag&post=2645"}],"curies":[{"name":"wp","href":"https:\/\/api.w.org\/{rel}","templated":true}]}}