{"id":2637,"date":"2026-01-15T13:13:56","date_gmt":"2026-01-15T12:13:56","guid":{"rendered":"https:\/\/lomina.es\/?post_type=product&#038;p=2637"},"modified":"2026-01-31T13:45:46","modified_gmt":"2026-01-31T12:45:46","slug":"secador-de-pelo-rowenta-tecnologia-effiwatts","status":"publish","type":"product","link":"https:\/\/lomina.es\/?product=secador-de-pelo-rowenta-tecnologia-effiwatts","title":{"rendered":"Secador de pelo Rowenta &#8211; Tecnolog\u00eda Effiwatts"},"content":{"rendered":"<p>Secador pr\u00e1ctico y eficiente con tecnolog\u00eda que reduce consumo, varios ajustes de calor y velocidad, ideal para secar y peinar c\u00f3modamente en casa.CV5830F0<\/p>\n","protected":false},"excerpt":{"rendered":"<p><strong>Caracter\u00edsticas\u00a0<\/strong><\/p>\n<ul data-start=\"93\" data-end=\"473\">\n<li data-start=\"93\" data-end=\"144\">\n<p data-start=\"95\" data-end=\"144\">Secador de pelo con dise\u00f1o moderno y manejable.<\/p>\n<\/li>\n<li data-start=\"145\" data-end=\"225\">\n<p data-start=\"147\" data-end=\"225\">Tecnolog\u00eda Effiwatts que optimiza el consumo de energ\u00eda sin perder potencia.<\/p>\n<\/li>\n<li data-start=\"226\" data-end=\"314\">\n<p data-start=\"228\" data-end=\"314\">Ajustes de velocidad y temperatura adaptables seg\u00fan el tipo de cabello y estilo.<\/p>\n<\/li>\n<li data-start=\"315\" data-end=\"375\">\n<p data-start=\"317\" data-end=\"375\">Funci\u00f3n de aire fr\u00edo para fijar el peinado al final.<\/p>\n<\/li>\n<li data-start=\"376\" data-end=\"430\">\n<p data-start=\"378\" data-end=\"430\">Boquilla concentradora para peinados m\u00e1s precisos.<\/p>\n<\/li>\n<li data-start=\"431\" data-end=\"473\">\n<p data-start=\"433\" data-end=\"473\">Ergonom\u00eda y ligereza para un uso c\u00f3modo.<\/p>\n<\/li>\n<\/ul>\n<p data-start=\"475\" data-end=\"653\">\n","protected":false},"featured_media":2644,"comment_status":"open","ping_status":"closed","template":"","meta":{"om_disable_all_campaigns":false,"_monsterinsights_skip_tracking":false,"_monsterinsights_sitenote_active":false,"_monsterinsights_sitenote_note":"","_monsterinsights_sitenote_category":0,"site-sidebar-layout":"default","site-content-layout":"","ast-site-content-layout":"default","site-content-style":"default","site-sidebar-style":"default","ast-global-header-display":"","ast-banner-title-visibility":"","ast-main-header-display":"","ast-hfb-above-header-display":"","ast-hfb-below-header-display":"","ast-hfb-mobile-header-display":"","site-post-title":"","ast-breadcrumbs-content":"","ast-featured-img":"","footer-sml-layout":"","theme-transparent-header-meta":"default","adv-header-id-meta":"","stick-header-meta":"","header-above-stick-meta":"","header-main-stick-meta":"","header-below-stick-meta":"","astra-migrate-meta-layouts":"set","ast-page-background-enabled":"default","ast-page-background-meta":{"desktop":{"background-color":"var(--ast-global-color-4)","background-image":"","background-repeat":"repeat","background-position":"center center","background-size":"auto","background-attachment":"scroll","background-type":"","background-media":"","overlay-type":"","overlay-color":"","overlay-gradient":""},"tablet":{"background-color":"","background-image":"","background-repeat":"repeat","background-position":"center center","background-size":"auto","background-attachment":"scroll","background-type":"","background-media":"","overlay-type":"","overlay-color":"","overlay-gradient":""},"mobile":{"background-color":"","background-image":"","background-repeat":"repeat","background-position":"center center","background-size":"auto","background-attachment":"scroll","background-type":"","background-media":"","overlay-type":"","overlay-color":"","overlay-gradient":""}},"ast-content-background-meta":{"desktop":{"background-color":"var(--ast-global-color-5)","background-image":"","background-repeat":"repeat","background-position":"center center","background-size":"auto","background-attachment":"scroll","background-type":"","background-media":"","overlay-type":"","overlay-color":"","overlay-gradient":""},"tablet":{"background-color":"var(--ast-global-color-5)","background-image":"","background-repeat":"repeat","background-position":"center center","background-size":"auto","background-attachment":"scroll","background-type":"","background-media":"","overlay-type":"","overlay-color":"","overlay-gradient":""},"mobile":{"background-color":"var(--ast-global-color-5)","background-image":"","background-repeat":"repeat","background-position":"center center","background-size":"auto","background-attachment":"scroll","background-type":"","background-media":"","overlay-type":"","overlay-color":"","overlay-gradient":""}}},"product_cat":[66],"product_tag":[],"aioseo_notices":[],"jetpack_sharing_enabled":true,"_links":{"self":[{"href":"https:\/\/lomina.es\/index.php?rest_route=\/wp\/v2\/product\/2637"}],"collection":[{"href":"https:\/\/lomina.es\/index.php?rest_route=\/wp\/v2\/product"}],"about":[{"href":"https:\/\/lomina.es\/index.php?rest_route=\/wp\/v2\/types\/product"}],"replies":[{"embeddable":true,"href":"https:\/\/lomina.es\/index.php?rest_route=%2Fwp%2Fv2%2Fcomments&post=2637"}],"wp:featuredmedia":[{"embeddable":true,"href":"https:\/\/lomina.es\/index.php?rest_route=\/wp\/v2\/media\/2644"}],"wp:attachment":[{"href":"https:\/\/lomina.es\/index.php?rest_route=%2Fwp%2Fv2%2Fmedia&parent=2637"}],"wp:term":[{"taxonomy":"product_cat","embeddable":true,"href":"https:\/\/lomina.es\/index.php?rest_route=%2Fwp%2Fv2%2Fproduct_cat&post=2637"},{"taxonomy":"product_tag","embeddable":true,"href":"https:\/\/lomina.es\/index.php?rest_route=%2Fwp%2Fv2%2Fproduct_tag&post=2637"}],"curies":[{"name":"wp","href":"https:\/\/api.w.org\/{rel}","templated":true}]}}