{"id":2635,"date":"2026-01-15T13:06:47","date_gmt":"2026-01-15T12:06:47","guid":{"rendered":"https:\/\/lomina.es\/?post_type=product&#038;p=2635"},"modified":"2026-01-15T13:06:47","modified_gmt":"2026-01-15T12:06:47","slug":"estufa-electrica-de-cuarzo-2-barras","status":"publish","type":"product","link":"https:\/\/lomina.es\/?product=estufa-electrica-de-cuarzo-2-barras","title":{"rendered":"Estufa el\u00e9ctrica de cuarzo &#8211; 2 barras"},"content":{"rendered":"<p>Estufa de cuarzo compacta y eficaz con calor instant\u00e1neo y doble nivel de potencia, ideal para calentar r\u00e1pidamente estancias peque\u00f1as.<\/p>\n","protected":false},"excerpt":{"rendered":"<p><strong>Caracter\u00edsticas<\/strong><\/p>\n<ul>\n<li data-start=\"123\" data-end=\"177\">\n<p data-start=\"125\" data-end=\"177\">Estufa el\u00e9ctrica de cuarzo para uso dom\u00e9stico.<\/p>\n<\/li>\n<li data-start=\"178\" data-end=\"247\">\n<p data-start=\"180\" data-end=\"247\">Potencia m\u00e1xima de 1200 W con 2 niveles (600 W \/ 1200 W).<\/p>\n<\/li>\n<li data-start=\"248\" data-end=\"310\">\n<p data-start=\"250\" data-end=\"310\">Dos barras de cuarzo que proporcionan calor inmediato.<\/p>\n<\/li>\n<li data-start=\"311\" data-end=\"374\">\n<p data-start=\"313\" data-end=\"374\">Sistema de seguridad antivuelco con apagado autom\u00e1tico.<\/p>\n<\/li>\n<li data-start=\"375\" data-end=\"436\">\n<p data-start=\"377\" data-end=\"436\">Funcionamiento sencillo mediante interruptores frontales.<\/p>\n<\/li>\n<li data-start=\"437\" data-end=\"507\">\n<p data-start=\"439\" data-end=\"507\">Dise\u00f1o compacto para colocar en el suelo o superficies planas.<\/p>\n<\/li>\n<\/ul>\n","protected":false},"featured_media":2636,"comment_status":"open","ping_status":"closed","template":"","meta":{"om_disable_all_campaigns":false,"_monsterinsights_skip_tracking":false,"_monsterinsights_sitenote_active":false,"_monsterinsights_sitenote_note":"","_monsterinsights_sitenote_category":0,"site-sidebar-layout":"default","site-content-layout":"","ast-site-content-layout":"default","site-content-style":"default","site-sidebar-style":"default","ast-global-header-display":"","ast-banner-title-visibility":"","ast-main-header-display":"","ast-hfb-above-header-display":"","ast-hfb-below-header-display":"","ast-hfb-mobile-header-display":"","site-post-title":"","ast-breadcrumbs-content":"","ast-featured-img":"","footer-sml-layout":"","theme-transparent-header-meta":"default","adv-header-id-meta":"","stick-header-meta":"","header-above-stick-meta":"","header-main-stick-meta":"","header-below-stick-meta":"","astra-migrate-meta-layouts":"set","ast-page-background-enabled":"default","ast-page-background-meta":{"desktop":{"background-color":"var(--ast-global-color-4)","background-image":"","background-repeat":"repeat","background-position":"center center","background-size":"auto","background-attachment":"scroll","background-type":"","background-media":"","overlay-type":"","overlay-color":"","overlay-gradient":""},"tablet":{"background-color":"","background-image":"","background-repeat":"repeat","background-position":"center center","background-size":"auto","background-attachment":"scroll","background-type":"","background-media":"","overlay-type":"","overlay-color":"","overlay-gradient":""},"mobile":{"background-color":"","background-image":"","background-repeat":"repeat","background-position":"center center","background-size":"auto","background-attachment":"scroll","background-type":"","background-media":"","overlay-type":"","overlay-color":"","overlay-gradient":""}},"ast-content-background-meta":{"desktop":{"background-color":"var(--ast-global-color-5)","background-image":"","background-repeat":"repeat","background-position":"center center","background-size":"auto","background-attachment":"scroll","background-type":"","background-media":"","overlay-type":"","overlay-color":"","overlay-gradient":""},"tablet":{"background-color":"var(--ast-global-color-5)","background-image":"","background-repeat":"repeat","background-position":"center center","background-size":"auto","background-attachment":"scroll","background-type":"","background-media":"","overlay-type":"","overlay-color":"","overlay-gradient":""},"mobile":{"background-color":"var(--ast-global-color-5)","background-image":"","background-repeat":"repeat","background-position":"center center","background-size":"auto","background-attachment":"scroll","background-type":"","background-media":"","overlay-type":"","overlay-color":"","overlay-gradient":""}}},"product_cat":[30],"product_tag":[],"aioseo_notices":[],"jetpack_sharing_enabled":true,"_links":{"self":[{"href":"https:\/\/lomina.es\/index.php?rest_route=\/wp\/v2\/product\/2635"}],"collection":[{"href":"https:\/\/lomina.es\/index.php?rest_route=\/wp\/v2\/product"}],"about":[{"href":"https:\/\/lomina.es\/index.php?rest_route=\/wp\/v2\/types\/product"}],"replies":[{"embeddable":true,"href":"https:\/\/lomina.es\/index.php?rest_route=%2Fwp%2Fv2%2Fcomments&post=2635"}],"wp:featuredmedia":[{"embeddable":true,"href":"https:\/\/lomina.es\/index.php?rest_route=\/wp\/v2\/media\/2636"}],"wp:attachment":[{"href":"https:\/\/lomina.es\/index.php?rest_route=%2Fwp%2Fv2%2Fmedia&parent=2635"}],"wp:term":[{"taxonomy":"product_cat","embeddable":true,"href":"https:\/\/lomina.es\/index.php?rest_route=%2Fwp%2Fv2%2Fproduct_cat&post=2635"},{"taxonomy":"product_tag","embeddable":true,"href":"https:\/\/lomina.es\/index.php?rest_route=%2Fwp%2Fv2%2Fproduct_tag&post=2635"}],"curies":[{"name":"wp","href":"https:\/\/api.w.org\/{rel}","templated":true}]}}