{"id":2622,"date":"2026-01-14T14:11:48","date_gmt":"2026-01-14T13:11:48","guid":{"rendered":"https:\/\/lomina.es\/?post_type=product&#038;p=2622"},"modified":"2026-01-14T14:11:48","modified_gmt":"2026-01-14T13:11:48","slug":"secador-braun-2000w-blanco-ionico","status":"publish","type":"product","link":"https:\/\/lomina.es\/?product=secador-braun-2000w-blanco-ionico","title":{"rendered":"Secador Braun &#8211; 2000w &#8211; Blanco &#8211; Ionico"},"content":{"rendered":"<p>El <strong data-start=\"204\" data-end=\"227\">secador Braun HD380<\/strong> es un secador de pelo <strong data-start=\"250\" data-end=\"273\">potente y eficiente<\/strong> pensado para uso diario. Con <strong data-start=\"303\" data-end=\"325\">2000\u202fW de potencia<\/strong>, proporciona un <strong data-start=\"342\" data-end=\"359\">secado r\u00e1pido<\/strong> y resultados suaves.<\/p>\n","protected":false},"excerpt":{"rendered":"<p><strong>Caracter\u00edsticas<\/strong><\/p>\n<ul>\n<li data-start=\"493\" data-end=\"578\">\n<p data-start=\"495\" data-end=\"578\">Potencia de 2000\u202fW: Flujo de aire fuerte para secar el cabello de forma r\u00e1pida.<\/p>\n<\/li>\n<li data-start=\"579\" data-end=\"669\">\n<p data-start=\"581\" data-end=\"669\">Tecnolog\u00eda i\u00f3nica: Reduce el encrespamiento y deja el cabello m\u00e1s suave y brillante.<\/p>\n<\/li>\n<li data-start=\"670\" data-end=\"801\">\n<p data-start=\"672\" data-end=\"801\">Ajustes de temperatura y velocidad: Varias combinaciones para adaptar el secado seg\u00fan el tipo de cabello y el estilo deseado.<\/p>\n<\/li>\n<li data-start=\"802\" data-end=\"867\">\n<p data-start=\"804\" data-end=\"867\">Funci\u00f3n de aire fr\u00edo: Permite fijar el peinado al terminar.<\/p>\n<\/li>\n<li data-start=\"868\" data-end=\"939\">\n<p data-start=\"870\" data-end=\"939\">Dise\u00f1o ergon\u00f3mico y ligero: Facilita el uso diario sin cansancio.<\/p>\n<\/li>\n<li data-start=\"940\" data-end=\"1007\">\n<p data-start=\"942\" data-end=\"1007\">Color blanco: Estilo limpio y cl\u00e1sico para el ba\u00f1o o tocador.<\/p>\n<\/li>\n<li data-start=\"1008\" data-end=\"1089\">\n<p data-start=\"1010\" data-end=\"1089\">Cable de longitud c\u00f3moda: Para mayor facilidad de manejo durante el secado.<\/p>\n<\/li>\n<\/ul>\n","protected":false},"featured_media":2623,"comment_status":"open","ping_status":"closed","template":"","meta":{"om_disable_all_campaigns":false,"_monsterinsights_skip_tracking":false,"_monsterinsights_sitenote_active":false,"_monsterinsights_sitenote_note":"","_monsterinsights_sitenote_category":0,"site-sidebar-layout":"default","site-content-layout":"","ast-site-content-layout":"default","site-content-style":"default","site-sidebar-style":"default","ast-global-header-display":"","ast-banner-title-visibility":"","ast-main-header-display":"","ast-hfb-above-header-display":"","ast-hfb-below-header-display":"","ast-hfb-mobile-header-display":"","site-post-title":"","ast-breadcrumbs-content":"","ast-featured-img":"","footer-sml-layout":"","theme-transparent-header-meta":"default","adv-header-id-meta":"","stick-header-meta":"","header-above-stick-meta":"","header-main-stick-meta":"","header-below-stick-meta":"","astra-migrate-meta-layouts":"set","ast-page-background-enabled":"default","ast-page-background-meta":{"desktop":{"background-color":"var(--ast-global-color-4)","background-image":"","background-repeat":"repeat","background-position":"center center","background-size":"auto","background-attachment":"scroll","background-type":"","background-media":"","overlay-type":"","overlay-color":"","overlay-gradient":""},"tablet":{"background-color":"","background-image":"","background-repeat":"repeat","background-position":"center center","background-size":"auto","background-attachment":"scroll","background-type":"","background-media":"","overlay-type":"","overlay-color":"","overlay-gradient":""},"mobile":{"background-color":"","background-image":"","background-repeat":"repeat","background-position":"center center","background-size":"auto","background-attachment":"scroll","background-type":"","background-media":"","overlay-type":"","overlay-color":"","overlay-gradient":""}},"ast-content-background-meta":{"desktop":{"background-color":"var(--ast-global-color-5)","background-image":"","background-repeat":"repeat","background-position":"center center","background-size":"auto","background-attachment":"scroll","background-type":"","background-media":"","overlay-type":"","overlay-color":"","overlay-gradient":""},"tablet":{"background-color":"var(--ast-global-color-5)","background-image":"","background-repeat":"repeat","background-position":"center center","background-size":"auto","background-attachment":"scroll","background-type":"","background-media":"","overlay-type":"","overlay-color":"","overlay-gradient":""},"mobile":{"background-color":"var(--ast-global-color-5)","background-image":"","background-repeat":"repeat","background-position":"center center","background-size":"auto","background-attachment":"scroll","background-type":"","background-media":"","overlay-type":"","overlay-color":"","overlay-gradient":""}}},"product_cat":[66],"product_tag":[],"aioseo_notices":[],"jetpack_sharing_enabled":true,"_links":{"self":[{"href":"https:\/\/lomina.es\/index.php?rest_route=\/wp\/v2\/product\/2622"}],"collection":[{"href":"https:\/\/lomina.es\/index.php?rest_route=\/wp\/v2\/product"}],"about":[{"href":"https:\/\/lomina.es\/index.php?rest_route=\/wp\/v2\/types\/product"}],"replies":[{"embeddable":true,"href":"https:\/\/lomina.es\/index.php?rest_route=%2Fwp%2Fv2%2Fcomments&post=2622"}],"wp:featuredmedia":[{"embeddable":true,"href":"https:\/\/lomina.es\/index.php?rest_route=\/wp\/v2\/media\/2623"}],"wp:attachment":[{"href":"https:\/\/lomina.es\/index.php?rest_route=%2Fwp%2Fv2%2Fmedia&parent=2622"}],"wp:term":[{"taxonomy":"product_cat","embeddable":true,"href":"https:\/\/lomina.es\/index.php?rest_route=%2Fwp%2Fv2%2Fproduct_cat&post=2622"},{"taxonomy":"product_tag","embeddable":true,"href":"https:\/\/lomina.es\/index.php?rest_route=%2Fwp%2Fv2%2Fproduct_tag&post=2622"}],"curies":[{"name":"wp","href":"https:\/\/api.w.org\/{rel}","templated":true}]}}