{"id":2611,"date":"2026-01-14T13:12:49","date_gmt":"2026-01-14T12:12:49","guid":{"rendered":"https:\/\/lomina.es\/?post_type=product&#038;p=2611"},"modified":"2026-01-14T13:12:49","modified_gmt":"2026-01-14T12:12:49","slug":"altavoz-portatil-bluetooth-con-luz-led","status":"publish","type":"product","link":"https:\/\/lomina.es\/?product=altavoz-portatil-bluetooth-con-luz-led","title":{"rendered":"Altavoz port\u00e1til bluetooth con luz Led"},"content":{"rendered":"<p data-start=\"231\" data-end=\"515\">El Party BOX-35LED es un altavoz port\u00e1til con Bluetooth, luces LED y funciones de fiesta y karaoke.<\/p>\n","protected":false},"excerpt":{"rendered":"<p><strong>Caracter\u00edsticas<\/strong><\/p>\n<ul>\n<li data-start=\"561\" data-end=\"682\">\n<p data-start=\"563\" data-end=\"682\">Conectividad Bluetooth: Permite reproducir m\u00fasica de forma inal\u00e1mbrica desde m\u00f3viles, tablets u otros dispositivos.<\/p>\n<\/li>\n<li data-start=\"683\" data-end=\"784\">\n<p data-start=\"685\" data-end=\"784\">Reproducci\u00f3n multimedia: Soporta entrada desde USB y tarjetas SD, adem\u00e1s de radio FM integrada.<\/p>\n<\/li>\n<li data-start=\"785\" data-end=\"881\">\n<p data-start=\"787\" data-end=\"881\">Iluminaci\u00f3n LED: Luces integradas que cambian con la m\u00fasica para crear ambiente de fiesta.<\/p>\n<\/li>\n<li data-start=\"882\" data-end=\"1031\">\n<p data-start=\"884\" data-end=\"1031\">Funciones de karaoke: Incluye micr\u00f3fono (inal\u00e1mbrico o con cable, seg\u00fan modelo) y controles independientes de voz y m\u00fasica, con efectos de eco.<\/p>\n<\/li>\n<li data-start=\"1032\" data-end=\"1135\">\n<p data-start=\"1034\" data-end=\"1135\">Bater\u00eda integrada: Permite uso sin necesidad de estar conectado a corriente durante varias horas.<\/p>\n<\/li>\n<li data-start=\"1136\" data-end=\"1264\">\n<p data-start=\"1138\" data-end=\"1264\">Potencia de sonido: Nivel de audio adecuado para espacios peque\u00f1os o medianos, con graves y volumen para animar reuniones.<\/p>\n<\/li>\n<li data-start=\"1265\" data-end=\"1380\">\n<p data-start=\"1267\" data-end=\"1380\">Entradas auxiliares y controles: Con entradas auxiliares y control de volumen\/timbre para m\u00fasica y micr\u00f3fono.<\/p>\n<\/li>\n<\/ul>\n","protected":false},"featured_media":2613,"comment_status":"open","ping_status":"closed","template":"","meta":{"om_disable_all_campaigns":false,"_monsterinsights_skip_tracking":false,"_monsterinsights_sitenote_active":false,"_monsterinsights_sitenote_note":"","_monsterinsights_sitenote_category":0,"site-sidebar-layout":"default","site-content-layout":"","ast-site-content-layout":"default","site-content-style":"default","site-sidebar-style":"default","ast-global-header-display":"","ast-banner-title-visibility":"","ast-main-header-display":"","ast-hfb-above-header-display":"","ast-hfb-below-header-display":"","ast-hfb-mobile-header-display":"","site-post-title":"","ast-breadcrumbs-content":"","ast-featured-img":"","footer-sml-layout":"","theme-transparent-header-meta":"default","adv-header-id-meta":"","stick-header-meta":"","header-above-stick-meta":"","header-main-stick-meta":"","header-below-stick-meta":"","astra-migrate-meta-layouts":"set","ast-page-background-enabled":"default","ast-page-background-meta":{"desktop":{"background-color":"var(--ast-global-color-4)","background-image":"","background-repeat":"repeat","background-position":"center center","background-size":"auto","background-attachment":"scroll","background-type":"","background-media":"","overlay-type":"","overlay-color":"","overlay-gradient":""},"tablet":{"background-color":"","background-image":"","background-repeat":"repeat","background-position":"center center","background-size":"auto","background-attachment":"scroll","background-type":"","background-media":"","overlay-type":"","overlay-color":"","overlay-gradient":""},"mobile":{"background-color":"","background-image":"","background-repeat":"repeat","background-position":"center center","background-size":"auto","background-attachment":"scroll","background-type":"","background-media":"","overlay-type":"","overlay-color":"","overlay-gradient":""}},"ast-content-background-meta":{"desktop":{"background-color":"var(--ast-global-color-5)","background-image":"","background-repeat":"repeat","background-position":"center center","background-size":"auto","background-attachment":"scroll","background-type":"","background-media":"","overlay-type":"","overlay-color":"","overlay-gradient":""},"tablet":{"background-color":"var(--ast-global-color-5)","background-image":"","background-repeat":"repeat","background-position":"center center","background-size":"auto","background-attachment":"scroll","background-type":"","background-media":"","overlay-type":"","overlay-color":"","overlay-gradient":""},"mobile":{"background-color":"var(--ast-global-color-5)","background-image":"","background-repeat":"repeat","background-position":"center center","background-size":"auto","background-attachment":"scroll","background-type":"","background-media":"","overlay-type":"","overlay-color":"","overlay-gradient":""}}},"product_cat":[28],"product_tag":[],"aioseo_notices":[],"jetpack_sharing_enabled":true,"_links":{"self":[{"href":"https:\/\/lomina.es\/index.php?rest_route=\/wp\/v2\/product\/2611"}],"collection":[{"href":"https:\/\/lomina.es\/index.php?rest_route=\/wp\/v2\/product"}],"about":[{"href":"https:\/\/lomina.es\/index.php?rest_route=\/wp\/v2\/types\/product"}],"replies":[{"embeddable":true,"href":"https:\/\/lomina.es\/index.php?rest_route=%2Fwp%2Fv2%2Fcomments&post=2611"}],"wp:featuredmedia":[{"embeddable":true,"href":"https:\/\/lomina.es\/index.php?rest_route=\/wp\/v2\/media\/2613"}],"wp:attachment":[{"href":"https:\/\/lomina.es\/index.php?rest_route=%2Fwp%2Fv2%2Fmedia&parent=2611"}],"wp:term":[{"taxonomy":"product_cat","embeddable":true,"href":"https:\/\/lomina.es\/index.php?rest_route=%2Fwp%2Fv2%2Fproduct_cat&post=2611"},{"taxonomy":"product_tag","embeddable":true,"href":"https:\/\/lomina.es\/index.php?rest_route=%2Fwp%2Fv2%2Fproduct_tag&post=2611"}],"curies":[{"name":"wp","href":"https:\/\/api.w.org\/{rel}","templated":true}]}}