{"id":2598,"date":"2026-01-13T20:50:04","date_gmt":"2026-01-13T19:50:04","guid":{"rendered":"https:\/\/lomina.es\/?post_type=product&#038;p=2598"},"modified":"2026-01-13T20:50:05","modified_gmt":"2026-01-13T19:50:05","slug":"radiador-delonghi-5-elementos-500w","status":"publish","type":"product","link":"https:\/\/lomina.es\/?product=radiador-delonghi-5-elementos-500w","title":{"rendered":"Radiador Delonghi &#8211; 5 elementos &#8211; 500W"},"content":{"rendered":"<p>El <strong data-start=\"87\" data-end=\"129\">radiador de aceite De\u2019Longhi TRNS0505M<\/strong> es una soluci\u00f3n compacta y silenciosa para calentar estancias peque\u00f1as de forma constante. Mantiene el calor incluso despu\u00e9s de apagarse, ofreciendo confort y eficiencia en el uso diario.<\/p>\n","protected":false},"excerpt":{"rendered":"<p><strong>Caracter\u00edsticas<\/strong><\/p>\n<ul>\n<li data-start=\"354\" data-end=\"396\">\n<p data-start=\"356\" data-end=\"396\">Radiador de aceite con 5 elementos<\/p>\n<\/li>\n<li data-start=\"397\" data-end=\"452\">\n<p data-start=\"399\" data-end=\"452\">Potencia de 500 W, ideal para espacios peque\u00f1os<\/p>\n<\/li>\n<li data-start=\"453\" data-end=\"486\">\n<p data-start=\"455\" data-end=\"486\">Calor uniforme y duradero<\/p>\n<\/li>\n<li data-start=\"487\" data-end=\"520\">\n<p data-start=\"489\" data-end=\"520\">Funcionamiento silencioso<\/p>\n<\/li>\n<li data-start=\"521\" data-end=\"549\">\n<p data-start=\"523\" data-end=\"549\">Termostato regulable<\/p>\n<\/li>\n<li data-start=\"550\" data-end=\"604\">\n<p data-start=\"552\" data-end=\"604\">Sistema de seguridad contra sobrecalentamiento<\/p>\n<\/li>\n<li data-start=\"605\" data-end=\"630\">\n<p data-start=\"607\" data-end=\"630\">Funci\u00f3n antihielo<\/p>\n<\/li>\n<li data-start=\"631\" data-end=\"688\">\n<p data-start=\"633\" data-end=\"688\">Dise\u00f1o compacto y port\u00e1til con asas de transporte<\/p>\n<\/li>\n<li data-start=\"689\" data-end=\"720\">\n<p data-start=\"691\" data-end=\"720\">Acabado en color blanco<\/p>\n<\/li>\n<\/ul>\n","protected":false},"featured_media":2600,"comment_status":"open","ping_status":"closed","template":"","meta":{"om_disable_all_campaigns":false,"_monsterinsights_skip_tracking":false,"_monsterinsights_sitenote_active":false,"_monsterinsights_sitenote_note":"","_monsterinsights_sitenote_category":0,"site-sidebar-layout":"default","site-content-layout":"","ast-site-content-layout":"default","site-content-style":"default","site-sidebar-style":"default","ast-global-header-display":"","ast-banner-title-visibility":"","ast-main-header-display":"","ast-hfb-above-header-display":"","ast-hfb-below-header-display":"","ast-hfb-mobile-header-display":"","site-post-title":"","ast-breadcrumbs-content":"","ast-featured-img":"","footer-sml-layout":"","theme-transparent-header-meta":"default","adv-header-id-meta":"","stick-header-meta":"","header-above-stick-meta":"","header-main-stick-meta":"","header-below-stick-meta":"","astra-migrate-meta-layouts":"set","ast-page-background-enabled":"default","ast-page-background-meta":{"desktop":{"background-color":"var(--ast-global-color-4)","background-image":"","background-repeat":"repeat","background-position":"center center","background-size":"auto","background-attachment":"scroll","background-type":"","background-media":"","overlay-type":"","overlay-color":"","overlay-gradient":""},"tablet":{"background-color":"","background-image":"","background-repeat":"repeat","background-position":"center center","background-size":"auto","background-attachment":"scroll","background-type":"","background-media":"","overlay-type":"","overlay-color":"","overlay-gradient":""},"mobile":{"background-color":"","background-image":"","background-repeat":"repeat","background-position":"center center","background-size":"auto","background-attachment":"scroll","background-type":"","background-media":"","overlay-type":"","overlay-color":"","overlay-gradient":""}},"ast-content-background-meta":{"desktop":{"background-color":"var(--ast-global-color-5)","background-image":"","background-repeat":"repeat","background-position":"center center","background-size":"auto","background-attachment":"scroll","background-type":"","background-media":"","overlay-type":"","overlay-color":"","overlay-gradient":""},"tablet":{"background-color":"var(--ast-global-color-5)","background-image":"","background-repeat":"repeat","background-position":"center center","background-size":"auto","background-attachment":"scroll","background-type":"","background-media":"","overlay-type":"","overlay-color":"","overlay-gradient":""},"mobile":{"background-color":"var(--ast-global-color-5)","background-image":"","background-repeat":"repeat","background-position":"center center","background-size":"auto","background-attachment":"scroll","background-type":"","background-media":"","overlay-type":"","overlay-color":"","overlay-gradient":""}}},"product_cat":[30],"product_tag":[],"aioseo_notices":[],"jetpack_sharing_enabled":true,"_links":{"self":[{"href":"https:\/\/lomina.es\/index.php?rest_route=\/wp\/v2\/product\/2598"}],"collection":[{"href":"https:\/\/lomina.es\/index.php?rest_route=\/wp\/v2\/product"}],"about":[{"href":"https:\/\/lomina.es\/index.php?rest_route=\/wp\/v2\/types\/product"}],"replies":[{"embeddable":true,"href":"https:\/\/lomina.es\/index.php?rest_route=%2Fwp%2Fv2%2Fcomments&post=2598"}],"wp:featuredmedia":[{"embeddable":true,"href":"https:\/\/lomina.es\/index.php?rest_route=\/wp\/v2\/media\/2600"}],"wp:attachment":[{"href":"https:\/\/lomina.es\/index.php?rest_route=%2Fwp%2Fv2%2Fmedia&parent=2598"}],"wp:term":[{"taxonomy":"product_cat","embeddable":true,"href":"https:\/\/lomina.es\/index.php?rest_route=%2Fwp%2Fv2%2Fproduct_cat&post=2598"},{"taxonomy":"product_tag","embeddable":true,"href":"https:\/\/lomina.es\/index.php?rest_route=%2Fwp%2Fv2%2Fproduct_tag&post=2598"}],"curies":[{"name":"wp","href":"https:\/\/api.w.org\/{rel}","templated":true}]}}