{"id":2561,"date":"2026-01-13T13:28:56","date_gmt":"2026-01-13T12:28:56","guid":{"rendered":"https:\/\/lomina.es\/?post_type=product&#038;p=2561"},"modified":"2026-01-13T13:28:56","modified_gmt":"2026-01-13T12:28:56","slug":"exprimidor-braun-350ml-20w-negro","status":"publish","type":"product","link":"https:\/\/lomina.es\/?product=exprimidor-braun-350ml-20w-negro","title":{"rendered":"Exprimidor Braun &#8211; 350ml &#8211; 20W &#8211; negro"},"content":{"rendered":"<p>Exprimidor el\u00e9ctrico compacto y pr\u00e1ctico, ideal para preparar zumos c\u00edtricos frescos de forma r\u00e1pida y sencilla, con control de pulpa y f\u00e1cil limpieza.<\/p>\n","protected":false},"excerpt":{"rendered":"<p><strong>Caracter\u00edsticas<\/strong><\/p>\n<ul>\n<li data-start=\"101\" data-end=\"123\">\n<p data-start=\"103\" data-end=\"123\">Potencia de 20 W<\/p>\n<\/li>\n<li data-start=\"124\" data-end=\"168\">\n<p data-start=\"126\" data-end=\"168\">Capacidad de 350 ml con jarra graduada<\/p>\n<\/li>\n<li data-start=\"169\" data-end=\"220\">\n<p data-start=\"171\" data-end=\"220\">Cantidad de pulpa ajustable seg\u00fan preferencia<\/p>\n<\/li>\n<li data-start=\"221\" data-end=\"284\">\n<p data-start=\"223\" data-end=\"284\">Rotaci\u00f3n bidireccional para una mejor extracci\u00f3n del zumo<\/p>\n<\/li>\n<li data-start=\"285\" data-end=\"343\">\n<p data-start=\"287\" data-end=\"343\">Encendido y apagado autom\u00e1tico al presionar la fruta<\/p>\n<\/li>\n<li data-start=\"344\" data-end=\"395\">\n<p data-start=\"346\" data-end=\"395\">Piezas desmontables y aptas para lavavajillas<\/p>\n<\/li>\n<li data-start=\"396\" data-end=\"434\">\n<p data-start=\"398\" data-end=\"434\">Dise\u00f1o compacto con recogecables<\/p>\n<\/li>\n<li data-start=\"435\" data-end=\"452\">\n<p data-start=\"437\" data-end=\"452\">Color negro<\/p>\n<\/li>\n<\/ul>\n","protected":false},"featured_media":0,"comment_status":"open","ping_status":"closed","template":"","meta":{"om_disable_all_campaigns":false,"_monsterinsights_skip_tracking":false,"_monsterinsights_sitenote_active":false,"_monsterinsights_sitenote_note":"","_monsterinsights_sitenote_category":0,"site-sidebar-layout":"default","site-content-layout":"","ast-site-content-layout":"default","site-content-style":"default","site-sidebar-style":"default","ast-global-header-display":"","ast-banner-title-visibility":"","ast-main-header-display":"","ast-hfb-above-header-display":"","ast-hfb-below-header-display":"","ast-hfb-mobile-header-display":"","site-post-title":"","ast-breadcrumbs-content":"","ast-featured-img":"","footer-sml-layout":"","theme-transparent-header-meta":"default","adv-header-id-meta":"","stick-header-meta":"","header-above-stick-meta":"","header-main-stick-meta":"","header-below-stick-meta":"","astra-migrate-meta-layouts":"set","ast-page-background-enabled":"default","ast-page-background-meta":{"desktop":{"background-color":"var(--ast-global-color-4)","background-image":"","background-repeat":"repeat","background-position":"center center","background-size":"auto","background-attachment":"scroll","background-type":"","background-media":"","overlay-type":"","overlay-color":"","overlay-gradient":""},"tablet":{"background-color":"","background-image":"","background-repeat":"repeat","background-position":"center center","background-size":"auto","background-attachment":"scroll","background-type":"","background-media":"","overlay-type":"","overlay-color":"","overlay-gradient":""},"mobile":{"background-color":"","background-image":"","background-repeat":"repeat","background-position":"center center","background-size":"auto","background-attachment":"scroll","background-type":"","background-media":"","overlay-type":"","overlay-color":"","overlay-gradient":""}},"ast-content-background-meta":{"desktop":{"background-color":"var(--ast-global-color-5)","background-image":"","background-repeat":"repeat","background-position":"center center","background-size":"auto","background-attachment":"scroll","background-type":"","background-media":"","overlay-type":"","overlay-color":"","overlay-gradient":""},"tablet":{"background-color":"var(--ast-global-color-5)","background-image":"","background-repeat":"repeat","background-position":"center center","background-size":"auto","background-attachment":"scroll","background-type":"","background-media":"","overlay-type":"","overlay-color":"","overlay-gradient":""},"mobile":{"background-color":"var(--ast-global-color-5)","background-image":"","background-repeat":"repeat","background-position":"center center","background-size":"auto","background-attachment":"scroll","background-type":"","background-media":"","overlay-type":"","overlay-color":"","overlay-gradient":""}}},"product_cat":[23],"product_tag":[],"aioseo_notices":[],"jetpack_sharing_enabled":true,"_links":{"self":[{"href":"https:\/\/lomina.es\/index.php?rest_route=\/wp\/v2\/product\/2561"}],"collection":[{"href":"https:\/\/lomina.es\/index.php?rest_route=\/wp\/v2\/product"}],"about":[{"href":"https:\/\/lomina.es\/index.php?rest_route=\/wp\/v2\/types\/product"}],"replies":[{"embeddable":true,"href":"https:\/\/lomina.es\/index.php?rest_route=%2Fwp%2Fv2%2Fcomments&post=2561"}],"wp:attachment":[{"href":"https:\/\/lomina.es\/index.php?rest_route=%2Fwp%2Fv2%2Fmedia&parent=2561"}],"wp:term":[{"taxonomy":"product_cat","embeddable":true,"href":"https:\/\/lomina.es\/index.php?rest_route=%2Fwp%2Fv2%2Fproduct_cat&post=2561"},{"taxonomy":"product_tag","embeddable":true,"href":"https:\/\/lomina.es\/index.php?rest_route=%2Fwp%2Fv2%2Fproduct_tag&post=2561"}],"curies":[{"name":"wp","href":"https:\/\/api.w.org\/{rel}","templated":true}]}}