{"id":2511,"date":"2026-01-12T14:12:10","date_gmt":"2026-01-12T13:12:10","guid":{"rendered":"https:\/\/lomina.es\/?post_type=product&#038;p=2511"},"modified":"2026-01-12T14:12:10","modified_gmt":"2026-01-12T13:12:10","slug":"encendedor-de-llama-ajustable-clipper","status":"publish","type":"product","link":"https:\/\/lomina.es\/?product=encendedor-de-llama-ajustable-clipper","title":{"rendered":"Encendedor de llama ajustable Clipper"},"content":{"rendered":"<p>Encendedor tubular largo con llama ajustable, dise\u00f1ado para encender de forma segura y c\u00f3moda objetos profundos o de dif\u00edcil acceso.<\/p>\n","protected":false},"excerpt":{"rendered":"<p><strong>Caracter\u00edsticas<\/strong><\/p>\n<ul>\n<li data-start=\"347\" data-end=\"408\">\n<p data-start=\"350\" data-end=\"408\">Encendido piezoel\u00e9ctrico para chispa r\u00e1pida y fiable<\/p>\n<\/li>\n<li data-start=\"409\" data-end=\"467\">\n<p data-start=\"412\" data-end=\"467\">Llama ajustable para adaptar la intensidad al uso<\/p>\n<\/li>\n<li data-start=\"468\" data-end=\"538\">\n<p data-start=\"471\" data-end=\"538\">Cuerpo tubular largo que mantiene las manos lejos de la llama<\/p>\n<\/li>\n<li data-start=\"539\" data-end=\"593\">\n<p data-start=\"542\" data-end=\"593\">Recargable con gas butano para uso prolongado<\/p>\n<\/li>\n<li data-start=\"594\" data-end=\"628\">\n<p data-start=\"597\" data-end=\"628\">Dise\u00f1o robusto y duradero<\/p>\n<\/li>\n<li data-start=\"629\" data-end=\"689\">\n<p data-start=\"632\" data-end=\"689\">Uso vers\u00e1til en cocina, barbacoa, velas o chimeneas<\/p>\n<\/li>\n<\/ul>\n","protected":false},"featured_media":2512,"comment_status":"open","ping_status":"closed","template":"","meta":{"om_disable_all_campaigns":false,"_monsterinsights_skip_tracking":false,"_monsterinsights_sitenote_active":false,"_monsterinsights_sitenote_note":"","_monsterinsights_sitenote_category":0,"site-sidebar-layout":"default","site-content-layout":"","ast-site-content-layout":"default","site-content-style":"default","site-sidebar-style":"default","ast-global-header-display":"","ast-banner-title-visibility":"","ast-main-header-display":"","ast-hfb-above-header-display":"","ast-hfb-below-header-display":"","ast-hfb-mobile-header-display":"","site-post-title":"","ast-breadcrumbs-content":"","ast-featured-img":"","footer-sml-layout":"","theme-transparent-header-meta":"default","adv-header-id-meta":"","stick-header-meta":"","header-above-stick-meta":"","header-main-stick-meta":"","header-below-stick-meta":"","astra-migrate-meta-layouts":"set","ast-page-background-enabled":"default","ast-page-background-meta":{"desktop":{"background-color":"var(--ast-global-color-4)","background-image":"","background-repeat":"repeat","background-position":"center center","background-size":"auto","background-attachment":"scroll","background-type":"","background-media":"","overlay-type":"","overlay-color":"","overlay-gradient":""},"tablet":{"background-color":"","background-image":"","background-repeat":"repeat","background-position":"center center","background-size":"auto","background-attachment":"scroll","background-type":"","background-media":"","overlay-type":"","overlay-color":"","overlay-gradient":""},"mobile":{"background-color":"","background-image":"","background-repeat":"repeat","background-position":"center center","background-size":"auto","background-attachment":"scroll","background-type":"","background-media":"","overlay-type":"","overlay-color":"","overlay-gradient":""}},"ast-content-background-meta":{"desktop":{"background-color":"var(--ast-global-color-5)","background-image":"","background-repeat":"repeat","background-position":"center center","background-size":"auto","background-attachment":"scroll","background-type":"","background-media":"","overlay-type":"","overlay-color":"","overlay-gradient":""},"tablet":{"background-color":"var(--ast-global-color-5)","background-image":"","background-repeat":"repeat","background-position":"center center","background-size":"auto","background-attachment":"scroll","background-type":"","background-media":"","overlay-type":"","overlay-color":"","overlay-gradient":""},"mobile":{"background-color":"var(--ast-global-color-5)","background-image":"","background-repeat":"repeat","background-position":"center center","background-size":"auto","background-attachment":"scroll","background-type":"","background-media":"","overlay-type":"","overlay-color":"","overlay-gradient":""}}},"product_cat":[87],"product_tag":[],"aioseo_notices":[],"jetpack_sharing_enabled":true,"_links":{"self":[{"href":"https:\/\/lomina.es\/index.php?rest_route=\/wp\/v2\/product\/2511"}],"collection":[{"href":"https:\/\/lomina.es\/index.php?rest_route=\/wp\/v2\/product"}],"about":[{"href":"https:\/\/lomina.es\/index.php?rest_route=\/wp\/v2\/types\/product"}],"replies":[{"embeddable":true,"href":"https:\/\/lomina.es\/index.php?rest_route=%2Fwp%2Fv2%2Fcomments&post=2511"}],"wp:featuredmedia":[{"embeddable":true,"href":"https:\/\/lomina.es\/index.php?rest_route=\/wp\/v2\/media\/2512"}],"wp:attachment":[{"href":"https:\/\/lomina.es\/index.php?rest_route=%2Fwp%2Fv2%2Fmedia&parent=2511"}],"wp:term":[{"taxonomy":"product_cat","embeddable":true,"href":"https:\/\/lomina.es\/index.php?rest_route=%2Fwp%2Fv2%2Fproduct_cat&post=2511"},{"taxonomy":"product_tag","embeddable":true,"href":"https:\/\/lomina.es\/index.php?rest_route=%2Fwp%2Fv2%2Fproduct_tag&post=2511"}],"curies":[{"name":"wp","href":"https:\/\/api.w.org\/{rel}","templated":true}]}}