{"id":2497,"date":"2026-01-10T21:25:07","date_gmt":"2026-01-10T20:25:07","guid":{"rendered":"https:\/\/lomina.es\/?post_type=product&#038;p=2497"},"modified":"2026-01-10T21:25:08","modified_gmt":"2026-01-10T20:25:08","slug":"batidora-de-mano-jata-500w-2-velocidades-2","status":"publish","type":"product","link":"https:\/\/lomina.es\/?product=batidora-de-mano-jata-500w-2-velocidades-2","title":{"rendered":"Batidora de mano Jata &#8211; 500W &#8211; 2 velocidades"},"content":{"rendered":"<p>La <strong data-start=\"649\" data-end=\"683\">batidora de mano inox JEBT1906<\/strong> es un modelo pr\u00e1ctico y potente para uso diario en la cocina, con pie de acero inoxidable y varias velocidades.<\/p>\n","protected":false},"excerpt":{"rendered":"<p><strong>Caracter\u00edsticas<\/strong><\/p>\n<ul>\n<li data-start=\"144\" data-end=\"222\">\n<p data-start=\"147\" data-end=\"222\">Potencia de 500\u202fW adecuada para tareas de batido y triturado diarias.<\/p>\n<\/li>\n<li data-start=\"223\" data-end=\"285\">\n<p data-start=\"226\" data-end=\"285\">2 velocidades para ajustar seg\u00fan el tipo de alimento.<\/p>\n<\/li>\n<li data-start=\"286\" data-end=\"351\">\n<p data-start=\"289\" data-end=\"351\">Pie de acero inoxidable desmontable para limpieza f\u00e1cil.<\/p>\n<\/li>\n<li data-start=\"352\" data-end=\"430\">\n<p data-start=\"355\" data-end=\"430\">4 cuchillas de acero inoxidable para mezclas eficaces y consistentes.<\/p>\n<\/li>\n<li data-start=\"431\" data-end=\"499\">\n<p data-start=\"434\" data-end=\"499\">Funci\u00f3n turbo para un extra de potencia cuando se necesita.<\/p>\n<\/li>\n<li data-start=\"500\" data-end=\"558\">\n<p data-start=\"503\" data-end=\"558\">Dise\u00f1o ergon\u00f3mico y ligera para un manejo c\u00f3modo.<\/p>\n<\/li>\n<li data-start=\"559\" data-end=\"627\">\n<p data-start=\"562\" data-end=\"627\">Vers\u00e1til en la cocina, ideal para sopas, salsas, pur\u00e9s y m\u00e1s.<\/p>\n<\/li>\n<\/ul>\n","protected":false},"featured_media":2501,"comment_status":"open","ping_status":"closed","template":"","meta":{"om_disable_all_campaigns":false,"_monsterinsights_skip_tracking":false,"_monsterinsights_sitenote_active":false,"_monsterinsights_sitenote_note":"","_monsterinsights_sitenote_category":0,"site-sidebar-layout":"default","site-content-layout":"","ast-site-content-layout":"default","site-content-style":"default","site-sidebar-style":"default","ast-global-header-display":"","ast-banner-title-visibility":"","ast-main-header-display":"","ast-hfb-above-header-display":"","ast-hfb-below-header-display":"","ast-hfb-mobile-header-display":"","site-post-title":"","ast-breadcrumbs-content":"","ast-featured-img":"","footer-sml-layout":"","theme-transparent-header-meta":"default","adv-header-id-meta":"","stick-header-meta":"","header-above-stick-meta":"","header-main-stick-meta":"","header-below-stick-meta":"","astra-migrate-meta-layouts":"set","ast-page-background-enabled":"default","ast-page-background-meta":{"desktop":{"background-color":"var(--ast-global-color-4)","background-image":"","background-repeat":"repeat","background-position":"center center","background-size":"auto","background-attachment":"scroll","background-type":"","background-media":"","overlay-type":"","overlay-color":"","overlay-gradient":""},"tablet":{"background-color":"","background-image":"","background-repeat":"repeat","background-position":"center center","background-size":"auto","background-attachment":"scroll","background-type":"","background-media":"","overlay-type":"","overlay-color":"","overlay-gradient":""},"mobile":{"background-color":"","background-image":"","background-repeat":"repeat","background-position":"center center","background-size":"auto","background-attachment":"scroll","background-type":"","background-media":"","overlay-type":"","overlay-color":"","overlay-gradient":""}},"ast-content-background-meta":{"desktop":{"background-color":"var(--ast-global-color-5)","background-image":"","background-repeat":"repeat","background-position":"center center","background-size":"auto","background-attachment":"scroll","background-type":"","background-media":"","overlay-type":"","overlay-color":"","overlay-gradient":""},"tablet":{"background-color":"var(--ast-global-color-5)","background-image":"","background-repeat":"repeat","background-position":"center center","background-size":"auto","background-attachment":"scroll","background-type":"","background-media":"","overlay-type":"","overlay-color":"","overlay-gradient":""},"mobile":{"background-color":"var(--ast-global-color-5)","background-image":"","background-repeat":"repeat","background-position":"center center","background-size":"auto","background-attachment":"scroll","background-type":"","background-media":"","overlay-type":"","overlay-color":"","overlay-gradient":""}}},"product_cat":[18],"product_tag":[],"aioseo_notices":[],"jetpack_sharing_enabled":true,"_links":{"self":[{"href":"https:\/\/lomina.es\/index.php?rest_route=\/wp\/v2\/product\/2497"}],"collection":[{"href":"https:\/\/lomina.es\/index.php?rest_route=\/wp\/v2\/product"}],"about":[{"href":"https:\/\/lomina.es\/index.php?rest_route=\/wp\/v2\/types\/product"}],"replies":[{"embeddable":true,"href":"https:\/\/lomina.es\/index.php?rest_route=%2Fwp%2Fv2%2Fcomments&post=2497"}],"wp:featuredmedia":[{"embeddable":true,"href":"https:\/\/lomina.es\/index.php?rest_route=\/wp\/v2\/media\/2501"}],"wp:attachment":[{"href":"https:\/\/lomina.es\/index.php?rest_route=%2Fwp%2Fv2%2Fmedia&parent=2497"}],"wp:term":[{"taxonomy":"product_cat","embeddable":true,"href":"https:\/\/lomina.es\/index.php?rest_route=%2Fwp%2Fv2%2Fproduct_cat&post=2497"},{"taxonomy":"product_tag","embeddable":true,"href":"https:\/\/lomina.es\/index.php?rest_route=%2Fwp%2Fv2%2Fproduct_tag&post=2497"}],"curies":[{"name":"wp","href":"https:\/\/api.w.org\/{rel}","templated":true}]}}