{"id":2489,"date":"2026-01-10T20:50:42","date_gmt":"2026-01-10T19:50:42","guid":{"rendered":"https:\/\/lomina.es\/?post_type=product&#038;p=2489"},"modified":"2026-01-10T20:50:42","modified_gmt":"2026-01-10T19:50:42","slug":"auriculares-energy-sistem-inalambricos","status":"publish","type":"product","link":"https:\/\/lomina.es\/?product=auriculares-energy-sistem-inalambricos","title":{"rendered":"Auriculares Energy Sistem inal\u00e1mbricos"},"content":{"rendered":"<p>Los <strong data-start=\"634\" data-end=\"670\">auriculares Energy Sistem 457687<\/strong> son inal\u00e1mbricos con Bluetooth y radio FM, ofrecen varias horas de reproducci\u00f3n, micr\u00f3fono para llamadas y dise\u00f1o c\u00f3modo.<\/p>\n","protected":false},"excerpt":{"rendered":"<p><strong>Caracter\u00edsticas<\/strong><\/p>\n<ul data-start=\"130\" data-end=\"611\">\n<li data-start=\"130\" data-end=\"204\">\n<p data-start=\"133\" data-end=\"204\">Conectividad Bluetooth para escuchar m\u00fasica de forma inal\u00e1mbrica.<\/p>\n<\/li>\n<li data-start=\"205\" data-end=\"281\">\n<p data-start=\"208\" data-end=\"281\">Radio FM integrada para sintonizar emisoras sin necesidad de m\u00f3vil.<\/p>\n<\/li>\n<li data-start=\"362\" data-end=\"427\">\n<p data-start=\"365\" data-end=\"427\">Bater\u00eda de larga duraci\u00f3n con varias horas de autonom\u00eda.<\/p>\n<\/li>\n<li data-start=\"428\" data-end=\"484\">\n<p data-start=\"431\" data-end=\"484\">Micr\u00f3fono integrado para llamadas manos libres.<\/p>\n<\/li>\n<li data-start=\"485\" data-end=\"546\">\n<p data-start=\"488\" data-end=\"546\">Sonido con buenos graves y claridad para uso diario.<\/p>\n<\/li>\n<li data-start=\"547\" data-end=\"611\">\n<p data-start=\"550\" data-end=\"611\">Dise\u00f1o c\u00f3modo y ligero, con controles en los auriculares.<\/p>\n<\/li>\n<\/ul>\n<h3 data-start=\"613\" data-end=\"629\"><\/h3>\n","protected":false},"featured_media":2492,"comment_status":"open","ping_status":"closed","template":"","meta":{"om_disable_all_campaigns":false,"_monsterinsights_skip_tracking":false,"_monsterinsights_sitenote_active":false,"_monsterinsights_sitenote_note":"","_monsterinsights_sitenote_category":0,"site-sidebar-layout":"default","site-content-layout":"","ast-site-content-layout":"default","site-content-style":"default","site-sidebar-style":"default","ast-global-header-display":"","ast-banner-title-visibility":"","ast-main-header-display":"","ast-hfb-above-header-display":"","ast-hfb-below-header-display":"","ast-hfb-mobile-header-display":"","site-post-title":"","ast-breadcrumbs-content":"","ast-featured-img":"","footer-sml-layout":"","theme-transparent-header-meta":"default","adv-header-id-meta":"","stick-header-meta":"","header-above-stick-meta":"","header-main-stick-meta":"","header-below-stick-meta":"","astra-migrate-meta-layouts":"set","ast-page-background-enabled":"default","ast-page-background-meta":{"desktop":{"background-color":"var(--ast-global-color-4)","background-image":"","background-repeat":"repeat","background-position":"center center","background-size":"auto","background-attachment":"scroll","background-type":"","background-media":"","overlay-type":"","overlay-color":"","overlay-gradient":""},"tablet":{"background-color":"","background-image":"","background-repeat":"repeat","background-position":"center center","background-size":"auto","background-attachment":"scroll","background-type":"","background-media":"","overlay-type":"","overlay-color":"","overlay-gradient":""},"mobile":{"background-color":"","background-image":"","background-repeat":"repeat","background-position":"center center","background-size":"auto","background-attachment":"scroll","background-type":"","background-media":"","overlay-type":"","overlay-color":"","overlay-gradient":""}},"ast-content-background-meta":{"desktop":{"background-color":"var(--ast-global-color-5)","background-image":"","background-repeat":"repeat","background-position":"center center","background-size":"auto","background-attachment":"scroll","background-type":"","background-media":"","overlay-type":"","overlay-color":"","overlay-gradient":""},"tablet":{"background-color":"var(--ast-global-color-5)","background-image":"","background-repeat":"repeat","background-position":"center center","background-size":"auto","background-attachment":"scroll","background-type":"","background-media":"","overlay-type":"","overlay-color":"","overlay-gradient":""},"mobile":{"background-color":"var(--ast-global-color-5)","background-image":"","background-repeat":"repeat","background-position":"center center","background-size":"auto","background-attachment":"scroll","background-type":"","background-media":"","overlay-type":"","overlay-color":"","overlay-gradient":""}}},"product_cat":[70],"product_tag":[],"aioseo_notices":[],"jetpack_sharing_enabled":true,"_links":{"self":[{"href":"https:\/\/lomina.es\/index.php?rest_route=\/wp\/v2\/product\/2489"}],"collection":[{"href":"https:\/\/lomina.es\/index.php?rest_route=\/wp\/v2\/product"}],"about":[{"href":"https:\/\/lomina.es\/index.php?rest_route=\/wp\/v2\/types\/product"}],"replies":[{"embeddable":true,"href":"https:\/\/lomina.es\/index.php?rest_route=%2Fwp%2Fv2%2Fcomments&post=2489"}],"wp:featuredmedia":[{"embeddable":true,"href":"https:\/\/lomina.es\/index.php?rest_route=\/wp\/v2\/media\/2492"}],"wp:attachment":[{"href":"https:\/\/lomina.es\/index.php?rest_route=%2Fwp%2Fv2%2Fmedia&parent=2489"}],"wp:term":[{"taxonomy":"product_cat","embeddable":true,"href":"https:\/\/lomina.es\/index.php?rest_route=%2Fwp%2Fv2%2Fproduct_cat&post=2489"},{"taxonomy":"product_tag","embeddable":true,"href":"https:\/\/lomina.es\/index.php?rest_route=%2Fwp%2Fv2%2Fproduct_tag&post=2489"}],"curies":[{"name":"wp","href":"https:\/\/api.w.org\/{rel}","templated":true}]}}