{"id":2477,"date":"2026-01-10T19:14:01","date_gmt":"2026-01-10T18:14:01","guid":{"rendered":"https:\/\/lomina.es\/?post_type=product&#038;p=2477"},"modified":"2026-01-10T19:14:02","modified_gmt":"2026-01-10T18:14:02","slug":"radiador-de-aceite-fm-br-10-1000w","status":"publish","type":"product","link":"https:\/\/lomina.es\/?product=radiador-de-aceite-fm-br-10-1000w","title":{"rendered":"Radiador de aceite FM BR 10  1000W"},"content":{"rendered":"<p>El <strong data-start=\"593\" data-end=\"624\">radiador de aceite FM BR 10<\/strong> es una soluci\u00f3n pr\u00e1ctica y eficiente para calentar estancias peque\u00f1as y medianas, ofreciendo un calor constante, silencioso y seguro, con f\u00e1cil movilidad dentro del hogar.<\/p>\n","protected":false},"excerpt":{"rendered":"<p><strong>Caracter\u00edsticas<\/strong><\/p>\n<ul>\n<li data-start=\"102\" data-end=\"184\">\n<p data-start=\"105\" data-end=\"184\">Potencia de 1000 W con varios niveles de calor para un consumo eficiente.<\/p>\n<\/li>\n<li data-start=\"185\" data-end=\"255\">\n<p data-start=\"188\" data-end=\"255\">Radiador de aceite que proporciona calor uniforme y duradero.<\/p>\n<\/li>\n<li data-start=\"256\" data-end=\"322\">\n<p data-start=\"259\" data-end=\"322\">Termostato regulable para ajustar la temperatura deseada.<\/p>\n<\/li>\n<li data-start=\"323\" data-end=\"379\">\n<p data-start=\"326\" data-end=\"379\">Sistema de seguridad contra sobrecalentamiento.<\/p>\n<\/li>\n<li data-start=\"380\" data-end=\"442\">\n<p data-start=\"383\" data-end=\"442\">Dise\u00f1o port\u00e1til con ruedas para f\u00e1cil desplazamiento.<\/p>\n<\/li>\n<li data-start=\"443\" data-end=\"510\">\n<p data-start=\"446\" data-end=\"510\">Funcionamiento silencioso, ideal para dormitorios y salas.<\/p>\n<\/li>\n<li data-start=\"511\" data-end=\"571\">\n<p data-start=\"514\" data-end=\"571\">Recoge-cables integrado para mayor orden y comodidad.<\/p>\n<\/li>\n<\/ul>\n","protected":false},"featured_media":2478,"comment_status":"open","ping_status":"closed","template":"","meta":{"om_disable_all_campaigns":false,"_monsterinsights_skip_tracking":false,"_monsterinsights_sitenote_active":false,"_monsterinsights_sitenote_note":"","_monsterinsights_sitenote_category":0,"site-sidebar-layout":"default","site-content-layout":"","ast-site-content-layout":"default","site-content-style":"default","site-sidebar-style":"default","ast-global-header-display":"","ast-banner-title-visibility":"","ast-main-header-display":"","ast-hfb-above-header-display":"","ast-hfb-below-header-display":"","ast-hfb-mobile-header-display":"","site-post-title":"","ast-breadcrumbs-content":"","ast-featured-img":"","footer-sml-layout":"","theme-transparent-header-meta":"default","adv-header-id-meta":"","stick-header-meta":"","header-above-stick-meta":"","header-main-stick-meta":"","header-below-stick-meta":"","astra-migrate-meta-layouts":"set","ast-page-background-enabled":"default","ast-page-background-meta":{"desktop":{"background-color":"var(--ast-global-color-4)","background-image":"","background-repeat":"repeat","background-position":"center center","background-size":"auto","background-attachment":"scroll","background-type":"","background-media":"","overlay-type":"","overlay-color":"","overlay-gradient":""},"tablet":{"background-color":"","background-image":"","background-repeat":"repeat","background-position":"center center","background-size":"auto","background-attachment":"scroll","background-type":"","background-media":"","overlay-type":"","overlay-color":"","overlay-gradient":""},"mobile":{"background-color":"","background-image":"","background-repeat":"repeat","background-position":"center center","background-size":"auto","background-attachment":"scroll","background-type":"","background-media":"","overlay-type":"","overlay-color":"","overlay-gradient":""}},"ast-content-background-meta":{"desktop":{"background-color":"var(--ast-global-color-5)","background-image":"","background-repeat":"repeat","background-position":"center center","background-size":"auto","background-attachment":"scroll","background-type":"","background-media":"","overlay-type":"","overlay-color":"","overlay-gradient":""},"tablet":{"background-color":"var(--ast-global-color-5)","background-image":"","background-repeat":"repeat","background-position":"center center","background-size":"auto","background-attachment":"scroll","background-type":"","background-media":"","overlay-type":"","overlay-color":"","overlay-gradient":""},"mobile":{"background-color":"var(--ast-global-color-5)","background-image":"","background-repeat":"repeat","background-position":"center center","background-size":"auto","background-attachment":"scroll","background-type":"","background-media":"","overlay-type":"","overlay-color":"","overlay-gradient":""}}},"product_cat":[30],"product_tag":[],"aioseo_notices":[],"jetpack_sharing_enabled":true,"_links":{"self":[{"href":"https:\/\/lomina.es\/index.php?rest_route=\/wp\/v2\/product\/2477"}],"collection":[{"href":"https:\/\/lomina.es\/index.php?rest_route=\/wp\/v2\/product"}],"about":[{"href":"https:\/\/lomina.es\/index.php?rest_route=\/wp\/v2\/types\/product"}],"replies":[{"embeddable":true,"href":"https:\/\/lomina.es\/index.php?rest_route=%2Fwp%2Fv2%2Fcomments&post=2477"}],"wp:featuredmedia":[{"embeddable":true,"href":"https:\/\/lomina.es\/index.php?rest_route=\/wp\/v2\/media\/2478"}],"wp:attachment":[{"href":"https:\/\/lomina.es\/index.php?rest_route=%2Fwp%2Fv2%2Fmedia&parent=2477"}],"wp:term":[{"taxonomy":"product_cat","embeddable":true,"href":"https:\/\/lomina.es\/index.php?rest_route=%2Fwp%2Fv2%2Fproduct_cat&post=2477"},{"taxonomy":"product_tag","embeddable":true,"href":"https:\/\/lomina.es\/index.php?rest_route=%2Fwp%2Fv2%2Fproduct_tag&post=2477"}],"curies":[{"name":"wp","href":"https:\/\/api.w.org\/{rel}","templated":true}]}}