{"id":2440,"date":"2026-01-09T17:34:09","date_gmt":"2026-01-09T16:34:09","guid":{"rendered":"https:\/\/lomina.es\/?post_type=product&#038;p=2440"},"modified":"2026-01-28T19:29:51","modified_gmt":"2026-01-28T18:29:51","slug":"radiador-electrico-de-mica-fm-1500w","status":"publish","type":"product","link":"https:\/\/lomina.es\/?product=radiador-electrico-de-mica-fm-1500w","title":{"rendered":"Radiador el\u00e9ctrico de mica FM BM15 &#8211; 1500W"},"content":{"rendered":"<p>Radiador el\u00e9ctrico de mica con dos potencias y termostato regulable, ideal para calefacci\u00f3n r\u00e1pida y eficiente en espacios peque\u00f1os o medianos, con dise\u00f1o compacto y protecci\u00f3n antivuelco.<\/p>\n","protected":false},"excerpt":{"rendered":"<p><strong>Caracter\u00edsticas<\/strong><\/p>\n<ul>\n<li data-start=\"24\" data-end=\"110\">\n<p data-start=\"27\" data-end=\"110\">Potencia de 1500 W con dos niveles de calor (aproximadamente 750 W y 1500 W).<\/p>\n<\/li>\n<li data-start=\"111\" data-end=\"229\">\n<p data-start=\"114\" data-end=\"229\">Elementos calefactores de mica que combinan radiaci\u00f3n y convecci\u00f3n para una distribuci\u00f3n eficiente del calor.<\/p>\n<\/li>\n<li data-start=\"230\" data-end=\"306\">\n<p data-start=\"233\" data-end=\"306\">Calentamiento r\u00e1pido, alcanzando temperatura \u00f3ptima en poco tiempo.<\/p>\n<\/li>\n<li data-start=\"307\" data-end=\"384\">\n<p data-start=\"310\" data-end=\"384\">Termostato regulable para ajustar y mantener la temperatura deseada.<\/p>\n<\/li>\n<li data-start=\"385\" data-end=\"451\">\n<p data-start=\"388\" data-end=\"451\">Dise\u00f1o compacto y ligero, f\u00e1cil de mover entre estancias.<\/p>\n<\/li>\n<li data-start=\"452\" data-end=\"539\">\n<p data-start=\"455\" data-end=\"539\">Sin fluido interno, lo que reduce mantenimiento y acelera la emisi\u00f3n de calor.<\/p>\n<\/li>\n<li data-start=\"540\" data-end=\"622\">\n<p data-start=\"543\" data-end=\"622\">Sistema de seguridad anti-vuelco que apaga el radiador si se inclina o cae.<\/p>\n<\/li>\n<\/ul>\n","protected":false},"featured_media":2441,"comment_status":"open","ping_status":"closed","template":"","meta":{"om_disable_all_campaigns":false,"_monsterinsights_skip_tracking":false,"_monsterinsights_sitenote_active":false,"_monsterinsights_sitenote_note":"","_monsterinsights_sitenote_category":0,"site-sidebar-layout":"default","site-content-layout":"","ast-site-content-layout":"default","site-content-style":"default","site-sidebar-style":"default","ast-global-header-display":"","ast-banner-title-visibility":"","ast-main-header-display":"","ast-hfb-above-header-display":"","ast-hfb-below-header-display":"","ast-hfb-mobile-header-display":"","site-post-title":"","ast-breadcrumbs-content":"","ast-featured-img":"","footer-sml-layout":"","theme-transparent-header-meta":"default","adv-header-id-meta":"","stick-header-meta":"","header-above-stick-meta":"","header-main-stick-meta":"","header-below-stick-meta":"","astra-migrate-meta-layouts":"set","ast-page-background-enabled":"default","ast-page-background-meta":{"desktop":{"background-color":"var(--ast-global-color-4)","background-image":"","background-repeat":"repeat","background-position":"center center","background-size":"auto","background-attachment":"scroll","background-type":"","background-media":"","overlay-type":"","overlay-color":"","overlay-gradient":""},"tablet":{"background-color":"","background-image":"","background-repeat":"repeat","background-position":"center center","background-size":"auto","background-attachment":"scroll","background-type":"","background-media":"","overlay-type":"","overlay-color":"","overlay-gradient":""},"mobile":{"background-color":"","background-image":"","background-repeat":"repeat","background-position":"center center","background-size":"auto","background-attachment":"scroll","background-type":"","background-media":"","overlay-type":"","overlay-color":"","overlay-gradient":""}},"ast-content-background-meta":{"desktop":{"background-color":"var(--ast-global-color-5)","background-image":"","background-repeat":"repeat","background-position":"center center","background-size":"auto","background-attachment":"scroll","background-type":"","background-media":"","overlay-type":"","overlay-color":"","overlay-gradient":""},"tablet":{"background-color":"var(--ast-global-color-5)","background-image":"","background-repeat":"repeat","background-position":"center center","background-size":"auto","background-attachment":"scroll","background-type":"","background-media":"","overlay-type":"","overlay-color":"","overlay-gradient":""},"mobile":{"background-color":"var(--ast-global-color-5)","background-image":"","background-repeat":"repeat","background-position":"center center","background-size":"auto","background-attachment":"scroll","background-type":"","background-media":"","overlay-type":"","overlay-color":"","overlay-gradient":""}}},"product_cat":[30],"product_tag":[],"aioseo_notices":[],"jetpack_sharing_enabled":true,"_links":{"self":[{"href":"https:\/\/lomina.es\/index.php?rest_route=\/wp\/v2\/product\/2440"}],"collection":[{"href":"https:\/\/lomina.es\/index.php?rest_route=\/wp\/v2\/product"}],"about":[{"href":"https:\/\/lomina.es\/index.php?rest_route=\/wp\/v2\/types\/product"}],"replies":[{"embeddable":true,"href":"https:\/\/lomina.es\/index.php?rest_route=%2Fwp%2Fv2%2Fcomments&post=2440"}],"wp:featuredmedia":[{"embeddable":true,"href":"https:\/\/lomina.es\/index.php?rest_route=\/wp\/v2\/media\/2441"}],"wp:attachment":[{"href":"https:\/\/lomina.es\/index.php?rest_route=%2Fwp%2Fv2%2Fmedia&parent=2440"}],"wp:term":[{"taxonomy":"product_cat","embeddable":true,"href":"https:\/\/lomina.es\/index.php?rest_route=%2Fwp%2Fv2%2Fproduct_cat&post=2440"},{"taxonomy":"product_tag","embeddable":true,"href":"https:\/\/lomina.es\/index.php?rest_route=%2Fwp%2Fv2%2Fproduct_tag&post=2440"}],"curies":[{"name":"wp","href":"https:\/\/api.w.org\/{rel}","templated":true}]}}