{"id":2426,"date":"2026-01-05T21:11:09","date_gmt":"2026-01-05T20:11:09","guid":{"rendered":"https:\/\/lomina.es\/?post_type=product&#038;p=2426"},"modified":"2026-01-28T17:50:35","modified_gmt":"2026-01-28T16:50:35","slug":"calefactor-electrico-syp-horizontal","status":"publish","type":"product","link":"https:\/\/lomina.es\/?product=calefactor-electrico-syp-horizontal","title":{"rendered":"Calefactor el\u00e9ctrico SyP TL-10N Horizontal"},"content":{"rendered":"<p>Los <strong data-start=\"188\" data-end=\"230\">calefactores horizontales Serie TL\u201110N<\/strong> son calefactores el\u00e9ctricos port\u00e1tiles con dise\u00f1o en formato horizontal, pensados para ofrecer <strong data-start=\"326\" data-end=\"354\">calor r\u00e1pido y eficiente.<\/strong><\/p>\n","protected":false},"excerpt":{"rendered":"<p><strong>Caracter\u00edsticas<\/strong><\/p>\n<ul>\n<li data-start=\"472\" data-end=\"561\">\n<p data-start=\"475\" data-end=\"561\">Dise\u00f1o horizontal port\u00e1til, f\u00e1cil de colocar en el suelo o sobre una superficie.<\/p>\n<\/li>\n<li data-start=\"562\" data-end=\"667\">\n<p data-start=\"565\" data-end=\"667\">Potencia regulable en varios niveles para adaptar la intensidad del calor seg\u00fan tus necesidades.<\/p>\n<\/li>\n<li data-start=\"668\" data-end=\"754\">\n<p data-start=\"671\" data-end=\"754\">Termostato regulable que mantiene la temperatura deseada de forma autom\u00e1tica.<\/p>\n<\/li>\n<li data-start=\"755\" data-end=\"842\">\n<p data-start=\"758\" data-end=\"842\">Protecci\u00f3n t\u00e9rmica de seguridad que desconecta el aparato si se sobrecalienta.<\/p>\n<\/li>\n<li data-start=\"843\" data-end=\"944\">\n<p data-start=\"846\" data-end=\"944\">Rejilla de entrada de aire para un flujo de aire adecuado y distribuci\u00f3n uniforme del calor.<\/p>\n<\/li>\n<li data-start=\"945\" data-end=\"1028\">\n<p data-start=\"948\" data-end=\"1028\">Materiales resistentes al calor, que mejoran la seguridad en uso continuo.<\/p>\n<\/li>\n<li data-start=\"1029\" data-end=\"1113\">\n<p data-start=\"1032\" data-end=\"1113\">Dise\u00f1o compacto y con recogecable, f\u00e1cil de mover y guardar cuando no se usa.<\/p>\n<\/li>\n<\/ul>\n","protected":false},"featured_media":2430,"comment_status":"open","ping_status":"closed","template":"","meta":{"om_disable_all_campaigns":false,"_monsterinsights_skip_tracking":false,"_monsterinsights_sitenote_active":false,"_monsterinsights_sitenote_note":"","_monsterinsights_sitenote_category":0,"site-sidebar-layout":"default","site-content-layout":"","ast-site-content-layout":"default","site-content-style":"default","site-sidebar-style":"default","ast-global-header-display":"","ast-banner-title-visibility":"","ast-main-header-display":"","ast-hfb-above-header-display":"","ast-hfb-below-header-display":"","ast-hfb-mobile-header-display":"","site-post-title":"","ast-breadcrumbs-content":"","ast-featured-img":"","footer-sml-layout":"","theme-transparent-header-meta":"default","adv-header-id-meta":"","stick-header-meta":"","header-above-stick-meta":"","header-main-stick-meta":"","header-below-stick-meta":"","astra-migrate-meta-layouts":"set","ast-page-background-enabled":"default","ast-page-background-meta":{"desktop":{"background-color":"var(--ast-global-color-4)","background-image":"","background-repeat":"repeat","background-position":"center center","background-size":"auto","background-attachment":"scroll","background-type":"","background-media":"","overlay-type":"","overlay-color":"","overlay-gradient":""},"tablet":{"background-color":"","background-image":"","background-repeat":"repeat","background-position":"center center","background-size":"auto","background-attachment":"scroll","background-type":"","background-media":"","overlay-type":"","overlay-color":"","overlay-gradient":""},"mobile":{"background-color":"","background-image":"","background-repeat":"repeat","background-position":"center center","background-size":"auto","background-attachment":"scroll","background-type":"","background-media":"","overlay-type":"","overlay-color":"","overlay-gradient":""}},"ast-content-background-meta":{"desktop":{"background-color":"var(--ast-global-color-5)","background-image":"","background-repeat":"repeat","background-position":"center center","background-size":"auto","background-attachment":"scroll","background-type":"","background-media":"","overlay-type":"","overlay-color":"","overlay-gradient":""},"tablet":{"background-color":"var(--ast-global-color-5)","background-image":"","background-repeat":"repeat","background-position":"center center","background-size":"auto","background-attachment":"scroll","background-type":"","background-media":"","overlay-type":"","overlay-color":"","overlay-gradient":""},"mobile":{"background-color":"var(--ast-global-color-5)","background-image":"","background-repeat":"repeat","background-position":"center center","background-size":"auto","background-attachment":"scroll","background-type":"","background-media":"","overlay-type":"","overlay-color":"","overlay-gradient":""}}},"product_cat":[30],"product_tag":[],"aioseo_notices":[],"jetpack_sharing_enabled":true,"_links":{"self":[{"href":"https:\/\/lomina.es\/index.php?rest_route=\/wp\/v2\/product\/2426"}],"collection":[{"href":"https:\/\/lomina.es\/index.php?rest_route=\/wp\/v2\/product"}],"about":[{"href":"https:\/\/lomina.es\/index.php?rest_route=\/wp\/v2\/types\/product"}],"replies":[{"embeddable":true,"href":"https:\/\/lomina.es\/index.php?rest_route=%2Fwp%2Fv2%2Fcomments&post=2426"}],"wp:featuredmedia":[{"embeddable":true,"href":"https:\/\/lomina.es\/index.php?rest_route=\/wp\/v2\/media\/2430"}],"wp:attachment":[{"href":"https:\/\/lomina.es\/index.php?rest_route=%2Fwp%2Fv2%2Fmedia&parent=2426"}],"wp:term":[{"taxonomy":"product_cat","embeddable":true,"href":"https:\/\/lomina.es\/index.php?rest_route=%2Fwp%2Fv2%2Fproduct_cat&post=2426"},{"taxonomy":"product_tag","embeddable":true,"href":"https:\/\/lomina.es\/index.php?rest_route=%2Fwp%2Fv2%2Fproduct_tag&post=2426"}],"curies":[{"name":"wp","href":"https:\/\/api.w.org\/{rel}","templated":true}]}}