{"id":2423,"date":"2026-01-05T21:07:34","date_gmt":"2026-01-05T20:07:34","guid":{"rendered":"https:\/\/lomina.es\/?post_type=product&#038;p=2423"},"modified":"2026-01-28T17:17:11","modified_gmt":"2026-01-28T16:17:11","slug":"calefactor-portatil-fabrilamp-2000w","status":"publish","type":"product","link":"https:\/\/lomina.es\/?product=calefactor-portatil-fabrilamp-2000w","title":{"rendered":"Calefactor port\u00e1til Tundra Fabrilamp 2000W"},"content":{"rendered":"<p>El <strong data-start=\"178\" data-end=\"211\">termoventilador Tundra 2000\u202fW<\/strong> es un calefactor port\u00e1til compacto con varias funciones de ventilaci\u00f3n y calor, ideal para calentar r\u00e1pidamente estancias peque\u00f1as o medianas con controles sencillos y un dise\u00f1o pr\u00e1ctico.<\/p>\n","protected":false},"excerpt":{"rendered":"<p><strong>Cracter\u00edsticas<\/strong><\/p>\n<ul>\n<li data-start=\"438\" data-end=\"513\">\n<p data-start=\"441\" data-end=\"513\">Potencia de 2000\u202fW \u2014 proporciona un calentamiento r\u00e1pido y eficaz.<\/p>\n<\/li>\n<li data-start=\"514\" data-end=\"609\">\n<p data-start=\"517\" data-end=\"609\">2 niveles de potencia \u2014 permite regular la intensidad del calor seg\u00fan tus necesidades.<\/p>\n<\/li>\n<li data-start=\"610\" data-end=\"688\">\n<p data-start=\"613\" data-end=\"688\">3 funciones \u2014 combinaciones de calor y ventilaci\u00f3n para uso vers\u00e1til.<\/p>\n<\/li>\n<li data-start=\"689\" data-end=\"780\">\n<p data-start=\"692\" data-end=\"780\">Protecci\u00f3n de seguridad \u2014 sistemas integrados para mayor seguridad durante su uso.<\/p>\n<\/li>\n<li data-start=\"781\" data-end=\"868\">\n<p data-start=\"784\" data-end=\"868\">Indicador luminoso \u2014 luz que muestra cuando el aparato est\u00e1 en funcionamiento.<\/p>\n<\/li>\n<li data-start=\"869\" data-end=\"962\">\n<p data-start=\"872\" data-end=\"962\">Dise\u00f1o compacto (~24,8 \u00d7 23,3 \u00d7 11,7\u202fcm) \u2014 ocupa poco espacio y es f\u00e1cil de colocar.<\/p>\n<\/li>\n<li data-start=\"963\" data-end=\"1060\">\n<p data-start=\"966\" data-end=\"1060\">Colores blanco y marr\u00f3n \u2014 est\u00e9tica neutra que se adapta a distintos estilos de decoraci\u00f3n.<\/p>\n<\/li>\n<\/ul>\n","protected":false},"featured_media":2424,"comment_status":"open","ping_status":"closed","template":"","meta":{"om_disable_all_campaigns":false,"_monsterinsights_skip_tracking":false,"_monsterinsights_sitenote_active":false,"_monsterinsights_sitenote_note":"","_monsterinsights_sitenote_category":0,"site-sidebar-layout":"default","site-content-layout":"","ast-site-content-layout":"default","site-content-style":"default","site-sidebar-style":"default","ast-global-header-display":"","ast-banner-title-visibility":"","ast-main-header-display":"","ast-hfb-above-header-display":"","ast-hfb-below-header-display":"","ast-hfb-mobile-header-display":"","site-post-title":"","ast-breadcrumbs-content":"","ast-featured-img":"","footer-sml-layout":"","theme-transparent-header-meta":"default","adv-header-id-meta":"","stick-header-meta":"","header-above-stick-meta":"","header-main-stick-meta":"","header-below-stick-meta":"","astra-migrate-meta-layouts":"set","ast-page-background-enabled":"default","ast-page-background-meta":{"desktop":{"background-color":"var(--ast-global-color-4)","background-image":"","background-repeat":"repeat","background-position":"center center","background-size":"auto","background-attachment":"scroll","background-type":"","background-media":"","overlay-type":"","overlay-color":"","overlay-gradient":""},"tablet":{"background-color":"","background-image":"","background-repeat":"repeat","background-position":"center center","background-size":"auto","background-attachment":"scroll","background-type":"","background-media":"","overlay-type":"","overlay-color":"","overlay-gradient":""},"mobile":{"background-color":"","background-image":"","background-repeat":"repeat","background-position":"center center","background-size":"auto","background-attachment":"scroll","background-type":"","background-media":"","overlay-type":"","overlay-color":"","overlay-gradient":""}},"ast-content-background-meta":{"desktop":{"background-color":"var(--ast-global-color-5)","background-image":"","background-repeat":"repeat","background-position":"center center","background-size":"auto","background-attachment":"scroll","background-type":"","background-media":"","overlay-type":"","overlay-color":"","overlay-gradient":""},"tablet":{"background-color":"var(--ast-global-color-5)","background-image":"","background-repeat":"repeat","background-position":"center center","background-size":"auto","background-attachment":"scroll","background-type":"","background-media":"","overlay-type":"","overlay-color":"","overlay-gradient":""},"mobile":{"background-color":"var(--ast-global-color-5)","background-image":"","background-repeat":"repeat","background-position":"center center","background-size":"auto","background-attachment":"scroll","background-type":"","background-media":"","overlay-type":"","overlay-color":"","overlay-gradient":""}}},"product_cat":[30],"product_tag":[],"aioseo_notices":[],"jetpack_sharing_enabled":true,"_links":{"self":[{"href":"https:\/\/lomina.es\/index.php?rest_route=\/wp\/v2\/product\/2423"}],"collection":[{"href":"https:\/\/lomina.es\/index.php?rest_route=\/wp\/v2\/product"}],"about":[{"href":"https:\/\/lomina.es\/index.php?rest_route=\/wp\/v2\/types\/product"}],"replies":[{"embeddable":true,"href":"https:\/\/lomina.es\/index.php?rest_route=%2Fwp%2Fv2%2Fcomments&post=2423"}],"wp:featuredmedia":[{"embeddable":true,"href":"https:\/\/lomina.es\/index.php?rest_route=\/wp\/v2\/media\/2424"}],"wp:attachment":[{"href":"https:\/\/lomina.es\/index.php?rest_route=%2Fwp%2Fv2%2Fmedia&parent=2423"}],"wp:term":[{"taxonomy":"product_cat","embeddable":true,"href":"https:\/\/lomina.es\/index.php?rest_route=%2Fwp%2Fv2%2Fproduct_cat&post=2423"},{"taxonomy":"product_tag","embeddable":true,"href":"https:\/\/lomina.es\/index.php?rest_route=%2Fwp%2Fv2%2Fproduct_tag&post=2423"}],"curies":[{"name":"wp","href":"https:\/\/api.w.org\/{rel}","templated":true}]}}