{"id":2416,"date":"2026-01-05T20:36:11","date_gmt":"2026-01-05T19:36:11","guid":{"rendered":"https:\/\/lomina.es\/?post_type=product&#038;p=2416"},"modified":"2026-01-05T20:36:11","modified_gmt":"2026-01-05T19:36:11","slug":"calefactor-ceramico-fabrilamp-negro","status":"publish","type":"product","link":"https:\/\/lomina.es\/?product=calefactor-ceramico-fabrilamp-negro","title":{"rendered":"Calefactor cer\u00e1mico Fabrilamp &#8211; Negro"},"content":{"rendered":"<p>El <strong data-start=\"166\" data-end=\"201\">termoventilador cer\u00e1mico 1500 W<\/strong> en color negro y plata es un calefactor port\u00e1til eficiente que combina ventilaci\u00f3n y calor cer\u00e1mico.<\/p>\n","protected":false},"excerpt":{"rendered":"<p><strong>Caracter\u00edsticas<\/strong><\/p>\n<ul>\n<li data-start=\"451\" data-end=\"523\">\n<p data-start=\"454\" data-end=\"523\">Potencia m\u00e1xima de 1500 W \u2014 proporciona calor r\u00e1pido y potente.<\/p>\n<\/li>\n<li data-start=\"524\" data-end=\"610\">\n<p data-start=\"527\" data-end=\"610\">Termostato regulable \u2014 permite mantener la temperatura deseada con precisi\u00f3n.<\/p>\n<\/li>\n<li data-start=\"611\" data-end=\"692\">\n<p data-start=\"614\" data-end=\"692\">2 niveles de potencia \u2014 opciones de calor adaptables seg\u00fan la necesidad.<\/p>\n<\/li>\n<li data-start=\"693\" data-end=\"778\">\n<p data-start=\"696\" data-end=\"778\">Modos ventilaci\u00f3n\/calor \u2014 funci\u00f3n de aire fr\u00edo o caliente seg\u00fan la estaci\u00f3n.<\/p>\n<\/li>\n<li data-start=\"779\" data-end=\"860\">\n<p data-start=\"782\" data-end=\"860\">Sistema antivuelco \u2014 seguridad integrada que apaga el aparato si se cae.<\/p>\n<\/li>\n<li data-start=\"861\" data-end=\"942\">\n<p data-start=\"864\" data-end=\"942\">Asa de transporte \u2014 f\u00e1cil de mover y trasladar de una habitaci\u00f3n a otra.<\/p>\n<\/li>\n<li data-start=\"943\" data-end=\"1049\">\n<p data-start=\"946\" data-end=\"1049\">Dimensiones compactas (~28 \u00d7 18,5 \u00d7 15 cm) \u2014 ocupa poco espacio y es pr\u00e1ctico para uso dom\u00e9stico.<\/p>\n<\/li>\n<\/ul>\n","protected":false},"featured_media":2417,"comment_status":"open","ping_status":"closed","template":"","meta":{"om_disable_all_campaigns":false,"_monsterinsights_skip_tracking":false,"_monsterinsights_sitenote_active":false,"_monsterinsights_sitenote_note":"","_monsterinsights_sitenote_category":0,"site-sidebar-layout":"default","site-content-layout":"","ast-site-content-layout":"default","site-content-style":"default","site-sidebar-style":"default","ast-global-header-display":"","ast-banner-title-visibility":"","ast-main-header-display":"","ast-hfb-above-header-display":"","ast-hfb-below-header-display":"","ast-hfb-mobile-header-display":"","site-post-title":"","ast-breadcrumbs-content":"","ast-featured-img":"","footer-sml-layout":"","theme-transparent-header-meta":"default","adv-header-id-meta":"","stick-header-meta":"","header-above-stick-meta":"","header-main-stick-meta":"","header-below-stick-meta":"","astra-migrate-meta-layouts":"set","ast-page-background-enabled":"default","ast-page-background-meta":{"desktop":{"background-color":"var(--ast-global-color-4)","background-image":"","background-repeat":"repeat","background-position":"center center","background-size":"auto","background-attachment":"scroll","background-type":"","background-media":"","overlay-type":"","overlay-color":"","overlay-gradient":""},"tablet":{"background-color":"","background-image":"","background-repeat":"repeat","background-position":"center center","background-size":"auto","background-attachment":"scroll","background-type":"","background-media":"","overlay-type":"","overlay-color":"","overlay-gradient":""},"mobile":{"background-color":"","background-image":"","background-repeat":"repeat","background-position":"center center","background-size":"auto","background-attachment":"scroll","background-type":"","background-media":"","overlay-type":"","overlay-color":"","overlay-gradient":""}},"ast-content-background-meta":{"desktop":{"background-color":"var(--ast-global-color-5)","background-image":"","background-repeat":"repeat","background-position":"center center","background-size":"auto","background-attachment":"scroll","background-type":"","background-media":"","overlay-type":"","overlay-color":"","overlay-gradient":""},"tablet":{"background-color":"var(--ast-global-color-5)","background-image":"","background-repeat":"repeat","background-position":"center center","background-size":"auto","background-attachment":"scroll","background-type":"","background-media":"","overlay-type":"","overlay-color":"","overlay-gradient":""},"mobile":{"background-color":"var(--ast-global-color-5)","background-image":"","background-repeat":"repeat","background-position":"center center","background-size":"auto","background-attachment":"scroll","background-type":"","background-media":"","overlay-type":"","overlay-color":"","overlay-gradient":""}}},"product_cat":[30],"product_tag":[],"aioseo_notices":[],"jetpack_sharing_enabled":true,"_links":{"self":[{"href":"https:\/\/lomina.es\/index.php?rest_route=\/wp\/v2\/product\/2416"}],"collection":[{"href":"https:\/\/lomina.es\/index.php?rest_route=\/wp\/v2\/product"}],"about":[{"href":"https:\/\/lomina.es\/index.php?rest_route=\/wp\/v2\/types\/product"}],"replies":[{"embeddable":true,"href":"https:\/\/lomina.es\/index.php?rest_route=%2Fwp%2Fv2%2Fcomments&post=2416"}],"wp:featuredmedia":[{"embeddable":true,"href":"https:\/\/lomina.es\/index.php?rest_route=\/wp\/v2\/media\/2417"}],"wp:attachment":[{"href":"https:\/\/lomina.es\/index.php?rest_route=%2Fwp%2Fv2%2Fmedia&parent=2416"}],"wp:term":[{"taxonomy":"product_cat","embeddable":true,"href":"https:\/\/lomina.es\/index.php?rest_route=%2Fwp%2Fv2%2Fproduct_cat&post=2416"},{"taxonomy":"product_tag","embeddable":true,"href":"https:\/\/lomina.es\/index.php?rest_route=%2Fwp%2Fv2%2Fproduct_tag&post=2416"}],"curies":[{"name":"wp","href":"https:\/\/api.w.org\/{rel}","templated":true}]}}