{"id":2414,"date":"2026-01-05T20:28:18","date_gmt":"2026-01-05T19:28:18","guid":{"rendered":"https:\/\/lomina.es\/?post_type=product&#038;p=2414"},"modified":"2026-01-28T17:46:54","modified_gmt":"2026-01-28T16:46:54","slug":"calefactor-electrico-fm-vertical-1000w","status":"publish","type":"product","link":"https:\/\/lomina.es\/?product=calefactor-electrico-fm-vertical-1000w","title":{"rendered":"Calefactor el\u00e9ctrico FM  TH20 &#8211; Vertical 1000W"},"content":{"rendered":"<p data-start=\"152\" data-end=\"338\">El <strong data-start=\"155\" data-end=\"184\">calefactor FM TH20 1000 W<\/strong> es un calefactor el\u00e9ctrico compacto y ligero, ideal para calentar r\u00e1pidamente estancias peque\u00f1as con opciones de ajuste sencillas y uso dom\u00e9stico seguro.<\/p>\n<h3 data-start=\"340\" data-end=\"376\"><\/h3>\n","protected":false},"excerpt":{"rendered":"<p><strong>Caracter\u00edsticas<\/strong><\/p>\n<ul>\n<li data-start=\"377\" data-end=\"468\">\n<p data-start=\"380\" data-end=\"468\">Potencia de 1000 W \u2014 suficiente para aportar calor eficiente en espacios peque\u00f1os.<\/p>\n<\/li>\n<li data-start=\"469\" data-end=\"563\">\n<p data-start=\"472\" data-end=\"563\">Control de potencia ajustable \u2014 permite seleccionar niveles de calor seg\u00fan necesidad.<\/p>\n<\/li>\n<li data-start=\"564\" data-end=\"644\">\n<p data-start=\"567\" data-end=\"644\">Termostato regulable \u2014 mantiene la temperatura deseada autom\u00e1ticamente.<\/p>\n<\/li>\n<li data-start=\"645\" data-end=\"733\">\n<p data-start=\"648\" data-end=\"733\">Dise\u00f1o compacto y ligero \u2014 f\u00e1cil de mover y colocar en diferentes habitaciones.<\/p>\n<\/li>\n<li data-start=\"734\" data-end=\"821\">\n<p data-start=\"737\" data-end=\"821\">Color blanco neutro \u2014 se integra bien con la mayor\u00eda de estilos de decoraci\u00f3n.<\/p>\n<\/li>\n<li data-start=\"822\" data-end=\"906\">\n<p data-start=\"825\" data-end=\"906\">Protecci\u00f3n de seguridad \u2014 incluye sistemas para evitar sobrecalentamientos.<\/p>\n<\/li>\n<li data-start=\"907\" data-end=\"981\">\n<p data-start=\"910\" data-end=\"981\">Funcionamiento silencioso \u2014 calefacci\u00f3n c\u00f3moda sin ruidos molestos.<\/p>\n<\/li>\n<\/ul>\n","protected":false},"featured_media":2415,"comment_status":"open","ping_status":"closed","template":"","meta":{"om_disable_all_campaigns":false,"_monsterinsights_skip_tracking":false,"_monsterinsights_sitenote_active":false,"_monsterinsights_sitenote_note":"","_monsterinsights_sitenote_category":0,"site-sidebar-layout":"default","site-content-layout":"","ast-site-content-layout":"default","site-content-style":"default","site-sidebar-style":"default","ast-global-header-display":"","ast-banner-title-visibility":"","ast-main-header-display":"","ast-hfb-above-header-display":"","ast-hfb-below-header-display":"","ast-hfb-mobile-header-display":"","site-post-title":"","ast-breadcrumbs-content":"","ast-featured-img":"","footer-sml-layout":"","theme-transparent-header-meta":"default","adv-header-id-meta":"","stick-header-meta":"","header-above-stick-meta":"","header-main-stick-meta":"","header-below-stick-meta":"","astra-migrate-meta-layouts":"set","ast-page-background-enabled":"default","ast-page-background-meta":{"desktop":{"background-color":"var(--ast-global-color-4)","background-image":"","background-repeat":"repeat","background-position":"center center","background-size":"auto","background-attachment":"scroll","background-type":"","background-media":"","overlay-type":"","overlay-color":"","overlay-gradient":""},"tablet":{"background-color":"","background-image":"","background-repeat":"repeat","background-position":"center center","background-size":"auto","background-attachment":"scroll","background-type":"","background-media":"","overlay-type":"","overlay-color":"","overlay-gradient":""},"mobile":{"background-color":"","background-image":"","background-repeat":"repeat","background-position":"center center","background-size":"auto","background-attachment":"scroll","background-type":"","background-media":"","overlay-type":"","overlay-color":"","overlay-gradient":""}},"ast-content-background-meta":{"desktop":{"background-color":"var(--ast-global-color-5)","background-image":"","background-repeat":"repeat","background-position":"center center","background-size":"auto","background-attachment":"scroll","background-type":"","background-media":"","overlay-type":"","overlay-color":"","overlay-gradient":""},"tablet":{"background-color":"var(--ast-global-color-5)","background-image":"","background-repeat":"repeat","background-position":"center center","background-size":"auto","background-attachment":"scroll","background-type":"","background-media":"","overlay-type":"","overlay-color":"","overlay-gradient":""},"mobile":{"background-color":"var(--ast-global-color-5)","background-image":"","background-repeat":"repeat","background-position":"center center","background-size":"auto","background-attachment":"scroll","background-type":"","background-media":"","overlay-type":"","overlay-color":"","overlay-gradient":""}}},"product_cat":[30],"product_tag":[],"aioseo_notices":[],"jetpack_sharing_enabled":true,"_links":{"self":[{"href":"https:\/\/lomina.es\/index.php?rest_route=\/wp\/v2\/product\/2414"}],"collection":[{"href":"https:\/\/lomina.es\/index.php?rest_route=\/wp\/v2\/product"}],"about":[{"href":"https:\/\/lomina.es\/index.php?rest_route=\/wp\/v2\/types\/product"}],"replies":[{"embeddable":true,"href":"https:\/\/lomina.es\/index.php?rest_route=%2Fwp%2Fv2%2Fcomments&post=2414"}],"wp:featuredmedia":[{"embeddable":true,"href":"https:\/\/lomina.es\/index.php?rest_route=\/wp\/v2\/media\/2415"}],"wp:attachment":[{"href":"https:\/\/lomina.es\/index.php?rest_route=%2Fwp%2Fv2%2Fmedia&parent=2414"}],"wp:term":[{"taxonomy":"product_cat","embeddable":true,"href":"https:\/\/lomina.es\/index.php?rest_route=%2Fwp%2Fv2%2Fproduct_cat&post=2414"},{"taxonomy":"product_tag","embeddable":true,"href":"https:\/\/lomina.es\/index.php?rest_route=%2Fwp%2Fv2%2Fproduct_tag&post=2414"}],"curies":[{"name":"wp","href":"https:\/\/api.w.org\/{rel}","templated":true}]}}