{"id":2405,"date":"2026-01-05T17:55:09","date_gmt":"2026-01-05T16:55:09","guid":{"rendered":"https:\/\/lomina.es\/?post_type=product&#038;p=2405"},"modified":"2026-01-28T18:06:14","modified_gmt":"2026-01-28T17:06:14","slug":"calefactor-ceramico-fm-split-de-pared","status":"publish","type":"product","link":"https:\/\/lomina.es\/?product=calefactor-ceramico-fm-split-de-pared","title":{"rendered":"Calefactor cer\u00e1mico FM Split de pared TS20"},"content":{"rendered":"<p>El <strong data-start=\"166\" data-end=\"204\">calefactor FM TS-20 Split Cer\u00e1mico<\/strong> es un calefactor el\u00e9ctrico de pared compacto y potente, dise\u00f1ado para calentar de forma eficiente estancias peque\u00f1as o medianas con control digital y funciones programables.<\/p>\n","protected":false},"excerpt":{"rendered":"<p><strong>Cracter\u00edsticas<\/strong><\/p>\n<ul>\n<li data-start=\"417\" data-end=\"500\">\n<p data-start=\"420\" data-end=\"500\">Potencia ajustable: Dos niveles de potencia (por ejemplo 1100 W y 2000 W).<\/p>\n<\/li>\n<li data-start=\"501\" data-end=\"576\">\n<p data-start=\"504\" data-end=\"576\">Control remoto: Mando a distancia para cambiar ajustes f\u00e1cilmente.<\/p>\n<\/li>\n<li data-start=\"577\" data-end=\"654\">\n<p data-start=\"580\" data-end=\"654\">Display digital: Pantalla para ver y configurar temperatura y modos.<\/p>\n<\/li>\n<li data-start=\"655\" data-end=\"738\">\n<p data-start=\"658\" data-end=\"738\">Programaci\u00f3n: Temporizador y posibilidad de programar encendido y apagado.<\/p>\n<\/li>\n<li data-start=\"739\" data-end=\"829\">\n<p data-start=\"742\" data-end=\"829\">Funci\u00f3n ventilaci\u00f3n\/calefacci\u00f3n: Permite aire fr\u00edo o caliente seg\u00fan la necesidad.<\/p>\n<\/li>\n<li data-start=\"830\" data-end=\"939\">\n<p data-start=\"833\" data-end=\"939\">Seguridad: Incluye sistemas de protecci\u00f3n como detector de ventana abierta y protecci\u00f3n IP adecuada.<\/p>\n<\/li>\n<li data-start=\"940\" data-end=\"1022\">\n<p data-start=\"943\" data-end=\"1022\">Instalaci\u00f3n mural: Dise\u00f1o tipo split para fijar en pared y ahorrar espacio.<\/p>\n<\/li>\n<\/ul>\n","protected":false},"featured_media":2406,"comment_status":"open","ping_status":"closed","template":"","meta":{"om_disable_all_campaigns":false,"_monsterinsights_skip_tracking":false,"_monsterinsights_sitenote_active":false,"_monsterinsights_sitenote_note":"","_monsterinsights_sitenote_category":0,"site-sidebar-layout":"default","site-content-layout":"","ast-site-content-layout":"default","site-content-style":"default","site-sidebar-style":"default","ast-global-header-display":"","ast-banner-title-visibility":"","ast-main-header-display":"","ast-hfb-above-header-display":"","ast-hfb-below-header-display":"","ast-hfb-mobile-header-display":"","site-post-title":"","ast-breadcrumbs-content":"","ast-featured-img":"","footer-sml-layout":"","theme-transparent-header-meta":"default","adv-header-id-meta":"","stick-header-meta":"","header-above-stick-meta":"","header-main-stick-meta":"","header-below-stick-meta":"","astra-migrate-meta-layouts":"set","ast-page-background-enabled":"default","ast-page-background-meta":{"desktop":{"background-color":"var(--ast-global-color-4)","background-image":"","background-repeat":"repeat","background-position":"center center","background-size":"auto","background-attachment":"scroll","background-type":"","background-media":"","overlay-type":"","overlay-color":"","overlay-gradient":""},"tablet":{"background-color":"","background-image":"","background-repeat":"repeat","background-position":"center center","background-size":"auto","background-attachment":"scroll","background-type":"","background-media":"","overlay-type":"","overlay-color":"","overlay-gradient":""},"mobile":{"background-color":"","background-image":"","background-repeat":"repeat","background-position":"center center","background-size":"auto","background-attachment":"scroll","background-type":"","background-media":"","overlay-type":"","overlay-color":"","overlay-gradient":""}},"ast-content-background-meta":{"desktop":{"background-color":"var(--ast-global-color-5)","background-image":"","background-repeat":"repeat","background-position":"center center","background-size":"auto","background-attachment":"scroll","background-type":"","background-media":"","overlay-type":"","overlay-color":"","overlay-gradient":""},"tablet":{"background-color":"var(--ast-global-color-5)","background-image":"","background-repeat":"repeat","background-position":"center center","background-size":"auto","background-attachment":"scroll","background-type":"","background-media":"","overlay-type":"","overlay-color":"","overlay-gradient":""},"mobile":{"background-color":"var(--ast-global-color-5)","background-image":"","background-repeat":"repeat","background-position":"center center","background-size":"auto","background-attachment":"scroll","background-type":"","background-media":"","overlay-type":"","overlay-color":"","overlay-gradient":""}}},"product_cat":[30],"product_tag":[],"aioseo_notices":[],"jetpack_sharing_enabled":true,"_links":{"self":[{"href":"https:\/\/lomina.es\/index.php?rest_route=\/wp\/v2\/product\/2405"}],"collection":[{"href":"https:\/\/lomina.es\/index.php?rest_route=\/wp\/v2\/product"}],"about":[{"href":"https:\/\/lomina.es\/index.php?rest_route=\/wp\/v2\/types\/product"}],"replies":[{"embeddable":true,"href":"https:\/\/lomina.es\/index.php?rest_route=%2Fwp%2Fv2%2Fcomments&post=2405"}],"wp:featuredmedia":[{"embeddable":true,"href":"https:\/\/lomina.es\/index.php?rest_route=\/wp\/v2\/media\/2406"}],"wp:attachment":[{"href":"https:\/\/lomina.es\/index.php?rest_route=%2Fwp%2Fv2%2Fmedia&parent=2405"}],"wp:term":[{"taxonomy":"product_cat","embeddable":true,"href":"https:\/\/lomina.es\/index.php?rest_route=%2Fwp%2Fv2%2Fproduct_cat&post=2405"},{"taxonomy":"product_tag","embeddable":true,"href":"https:\/\/lomina.es\/index.php?rest_route=%2Fwp%2Fv2%2Fproduct_tag&post=2405"}],"curies":[{"name":"wp","href":"https:\/\/api.w.org\/{rel}","templated":true}]}}