{"id":2399,"date":"2025-12-27T18:01:12","date_gmt":"2025-12-27T17:01:12","guid":{"rendered":"https:\/\/lomina.es\/?post_type=product&#038;p=2399"},"modified":"2026-01-28T17:53:57","modified_gmt":"2026-01-28T16:53:57","slug":"radiador-de-aceite-syp-900w-termostato-regulable","status":"publish","type":"product","link":"https:\/\/lomina.es\/?product=radiador-de-aceite-syp-900w-termostato-regulable","title":{"rendered":"Radiador de aceite SyP SAHARA- 900W"},"content":{"rendered":"<p>Radiadores de aceite de la serie SAHARA, dise\u00f1ados para ofrecer un calor eficiente, constante y silencioso.<br data-start=\"728\" data-end=\"731\" \/>Ideales para mantener el confort t\u00e9rmico en el hogar con total seguridad y facilidad de uso.<\/p>\n","protected":false},"excerpt":{"rendered":"<p><strong>Caracter\u00edsticas<\/strong><\/p>\n<ul>\n<li data-start=\"76\" data-end=\"151\">\n<p data-start=\"79\" data-end=\"151\">Sistema de calefacci\u00f3n por aceite, silencioso y de calor uniforme.<\/p>\n<\/li>\n<li data-start=\"152\" data-end=\"229\">\n<p data-start=\"155\" data-end=\"229\">Dise\u00f1o de alta inercia t\u00e9rmica que mantiene el calor por m\u00e1s tiempo.<\/p>\n<\/li>\n<li data-start=\"230\" data-end=\"302\">\n<p data-start=\"233\" data-end=\"302\">Termostato regulable para un control preciso de la temperatura.<\/p>\n<\/li>\n<li data-start=\"303\" data-end=\"378\">\n<p data-start=\"306\" data-end=\"378\">Varios niveles de potencia para adaptarse a distintas necesidades.<\/p>\n<\/li>\n<li data-start=\"379\" data-end=\"446\">\n<p data-start=\"382\" data-end=\"446\">Protecci\u00f3n contra sobrecalentamiento para mayor seguridad.<\/p>\n<\/li>\n<li data-start=\"519\" data-end=\"584\">\n<p data-start=\"522\" data-end=\"584\">Dise\u00f1o robusto y funcional, ideal para uso dom\u00e9stico continuo.<\/p>\n<\/li>\n<\/ul>\n","protected":false},"featured_media":2400,"comment_status":"open","ping_status":"closed","template":"","meta":{"om_disable_all_campaigns":false,"_monsterinsights_skip_tracking":false,"_monsterinsights_sitenote_active":false,"_monsterinsights_sitenote_note":"","_monsterinsights_sitenote_category":0,"site-sidebar-layout":"default","site-content-layout":"","ast-site-content-layout":"default","site-content-style":"default","site-sidebar-style":"default","ast-global-header-display":"","ast-banner-title-visibility":"","ast-main-header-display":"","ast-hfb-above-header-display":"","ast-hfb-below-header-display":"","ast-hfb-mobile-header-display":"","site-post-title":"","ast-breadcrumbs-content":"","ast-featured-img":"","footer-sml-layout":"","theme-transparent-header-meta":"default","adv-header-id-meta":"","stick-header-meta":"","header-above-stick-meta":"","header-main-stick-meta":"","header-below-stick-meta":"","astra-migrate-meta-layouts":"set","ast-page-background-enabled":"default","ast-page-background-meta":{"desktop":{"background-color":"var(--ast-global-color-4)","background-image":"","background-repeat":"repeat","background-position":"center center","background-size":"auto","background-attachment":"scroll","background-type":"","background-media":"","overlay-type":"","overlay-color":"","overlay-gradient":""},"tablet":{"background-color":"","background-image":"","background-repeat":"repeat","background-position":"center center","background-size":"auto","background-attachment":"scroll","background-type":"","background-media":"","overlay-type":"","overlay-color":"","overlay-gradient":""},"mobile":{"background-color":"","background-image":"","background-repeat":"repeat","background-position":"center center","background-size":"auto","background-attachment":"scroll","background-type":"","background-media":"","overlay-type":"","overlay-color":"","overlay-gradient":""}},"ast-content-background-meta":{"desktop":{"background-color":"var(--ast-global-color-5)","background-image":"","background-repeat":"repeat","background-position":"center center","background-size":"auto","background-attachment":"scroll","background-type":"","background-media":"","overlay-type":"","overlay-color":"","overlay-gradient":""},"tablet":{"background-color":"var(--ast-global-color-5)","background-image":"","background-repeat":"repeat","background-position":"center center","background-size":"auto","background-attachment":"scroll","background-type":"","background-media":"","overlay-type":"","overlay-color":"","overlay-gradient":""},"mobile":{"background-color":"var(--ast-global-color-5)","background-image":"","background-repeat":"repeat","background-position":"center center","background-size":"auto","background-attachment":"scroll","background-type":"","background-media":"","overlay-type":"","overlay-color":"","overlay-gradient":""}}},"product_cat":[30],"product_tag":[],"aioseo_notices":[],"jetpack_sharing_enabled":true,"_links":{"self":[{"href":"https:\/\/lomina.es\/index.php?rest_route=\/wp\/v2\/product\/2399"}],"collection":[{"href":"https:\/\/lomina.es\/index.php?rest_route=\/wp\/v2\/product"}],"about":[{"href":"https:\/\/lomina.es\/index.php?rest_route=\/wp\/v2\/types\/product"}],"replies":[{"embeddable":true,"href":"https:\/\/lomina.es\/index.php?rest_route=%2Fwp%2Fv2%2Fcomments&post=2399"}],"wp:featuredmedia":[{"embeddable":true,"href":"https:\/\/lomina.es\/index.php?rest_route=\/wp\/v2\/media\/2400"}],"wp:attachment":[{"href":"https:\/\/lomina.es\/index.php?rest_route=%2Fwp%2Fv2%2Fmedia&parent=2399"}],"wp:term":[{"taxonomy":"product_cat","embeddable":true,"href":"https:\/\/lomina.es\/index.php?rest_route=%2Fwp%2Fv2%2Fproduct_cat&post=2399"},{"taxonomy":"product_tag","embeddable":true,"href":"https:\/\/lomina.es\/index.php?rest_route=%2Fwp%2Fv2%2Fproduct_tag&post=2399"}],"curies":[{"name":"wp","href":"https:\/\/api.w.org\/{rel}","templated":true}]}}