{"id":2395,"date":"2025-12-27T17:47:24","date_gmt":"2025-12-27T16:47:24","guid":{"rendered":"https:\/\/lomina.es\/?post_type=product&#038;p=2395"},"modified":"2025-12-27T17:49:09","modified_gmt":"2025-12-27T16:49:09","slug":"calefactor-ceramico-azul-blanco-1500w","status":"publish","type":"product","link":"https:\/\/lomina.es\/?product=calefactor-ceramico-azul-blanco-1500w","title":{"rendered":"Calefactor Cer\u00e1mico Azul-Blanco 1500W"},"content":{"rendered":"<p>Termoventilador cer\u00e1mico PTC Corcega de 1500 W, eficiente y seguro para calentar estancias peque\u00f1as y medianas.<br data-start=\"610\" data-end=\"613\" data-is-only-node=\"\" \/>Incluye 3 funciones, protecci\u00f3n t\u00e9rmica y sistema antivuelco para un uso confortable.<\/p>\n","protected":false},"excerpt":{"rendered":"<p><strong>Caracter\u00edsticas<\/strong><\/p>\n<ul>\n<li data-start=\"25\" data-end=\"90\">\n<p data-start=\"28\" data-end=\"90\">Potencia m\u00e1xima de 1500 W con 2 niveles de potencia.<\/p>\n<\/li>\n<li data-start=\"91\" data-end=\"165\">\n<p data-start=\"94\" data-end=\"165\">Tecnolog\u00eda cer\u00e1mica PTC para un calentamiento r\u00e1pido y eficiente.<\/p>\n<\/li>\n<li data-start=\"166\" data-end=\"226\">\n<p data-start=\"169\" data-end=\"226\">3 funciones: aire fr\u00edo, calor medio y calor m\u00e1ximo.<\/p>\n<\/li>\n<li data-start=\"227\" data-end=\"293\">\n<p data-start=\"230\" data-end=\"293\">Sistema de corte t\u00e9rmico para evitar sobrecalentamientos.<\/p>\n<\/li>\n<li data-start=\"294\" data-end=\"347\">\n<p data-start=\"297\" data-end=\"347\">Seguridad antivuelco con apagado autom\u00e1tico.<\/p>\n<\/li>\n<li data-start=\"348\" data-end=\"413\">\n<p data-start=\"351\" data-end=\"413\">Dise\u00f1o elegante en blanco y cromo, moderno y decorativo.<\/p>\n<\/li>\n<li data-start=\"414\" data-end=\"462\">\n<p data-start=\"417\" data-end=\"462\">Dimensiones compactas: 21 \u00d7 23 \u00d7 13,6 cm.<\/p>\n<\/li>\n<\/ul>\n","protected":false},"featured_media":2398,"comment_status":"open","ping_status":"closed","template":"","meta":{"om_disable_all_campaigns":false,"_monsterinsights_skip_tracking":false,"_monsterinsights_sitenote_active":false,"_monsterinsights_sitenote_note":"","_monsterinsights_sitenote_category":0,"site-sidebar-layout":"default","site-content-layout":"","ast-site-content-layout":"default","site-content-style":"default","site-sidebar-style":"default","ast-global-header-display":"","ast-banner-title-visibility":"","ast-main-header-display":"","ast-hfb-above-header-display":"","ast-hfb-below-header-display":"","ast-hfb-mobile-header-display":"","site-post-title":"","ast-breadcrumbs-content":"","ast-featured-img":"","footer-sml-layout":"","theme-transparent-header-meta":"default","adv-header-id-meta":"","stick-header-meta":"","header-above-stick-meta":"","header-main-stick-meta":"","header-below-stick-meta":"","astra-migrate-meta-layouts":"set","ast-page-background-enabled":"default","ast-page-background-meta":{"desktop":{"background-color":"var(--ast-global-color-4)","background-image":"","background-repeat":"repeat","background-position":"center center","background-size":"auto","background-attachment":"scroll","background-type":"","background-media":"","overlay-type":"","overlay-color":"","overlay-gradient":""},"tablet":{"background-color":"","background-image":"","background-repeat":"repeat","background-position":"center center","background-size":"auto","background-attachment":"scroll","background-type":"","background-media":"","overlay-type":"","overlay-color":"","overlay-gradient":""},"mobile":{"background-color":"","background-image":"","background-repeat":"repeat","background-position":"center center","background-size":"auto","background-attachment":"scroll","background-type":"","background-media":"","overlay-type":"","overlay-color":"","overlay-gradient":""}},"ast-content-background-meta":{"desktop":{"background-color":"var(--ast-global-color-5)","background-image":"","background-repeat":"repeat","background-position":"center center","background-size":"auto","background-attachment":"scroll","background-type":"","background-media":"","overlay-type":"","overlay-color":"","overlay-gradient":""},"tablet":{"background-color":"var(--ast-global-color-5)","background-image":"","background-repeat":"repeat","background-position":"center center","background-size":"auto","background-attachment":"scroll","background-type":"","background-media":"","overlay-type":"","overlay-color":"","overlay-gradient":""},"mobile":{"background-color":"var(--ast-global-color-5)","background-image":"","background-repeat":"repeat","background-position":"center center","background-size":"auto","background-attachment":"scroll","background-type":"","background-media":"","overlay-type":"","overlay-color":"","overlay-gradient":""}}},"product_cat":[30],"product_tag":[],"aioseo_notices":[],"jetpack_sharing_enabled":true,"_links":{"self":[{"href":"https:\/\/lomina.es\/index.php?rest_route=\/wp\/v2\/product\/2395"}],"collection":[{"href":"https:\/\/lomina.es\/index.php?rest_route=\/wp\/v2\/product"}],"about":[{"href":"https:\/\/lomina.es\/index.php?rest_route=\/wp\/v2\/types\/product"}],"replies":[{"embeddable":true,"href":"https:\/\/lomina.es\/index.php?rest_route=%2Fwp%2Fv2%2Fcomments&post=2395"}],"wp:featuredmedia":[{"embeddable":true,"href":"https:\/\/lomina.es\/index.php?rest_route=\/wp\/v2\/media\/2398"}],"wp:attachment":[{"href":"https:\/\/lomina.es\/index.php?rest_route=%2Fwp%2Fv2%2Fmedia&parent=2395"}],"wp:term":[{"taxonomy":"product_cat","embeddable":true,"href":"https:\/\/lomina.es\/index.php?rest_route=%2Fwp%2Fv2%2Fproduct_cat&post=2395"},{"taxonomy":"product_tag","embeddable":true,"href":"https:\/\/lomina.es\/index.php?rest_route=%2Fwp%2Fv2%2Fproduct_tag&post=2395"}],"curies":[{"name":"wp","href":"https:\/\/api.w.org\/{rel}","templated":true}]}}