{"id":2369,"date":"2025-12-23T20:59:32","date_gmt":"2025-12-23T19:59:32","guid":{"rendered":"https:\/\/lomina.es\/?post_type=product&#038;p=2369"},"modified":"2026-01-28T17:02:14","modified_gmt":"2026-01-28T16:02:14","slug":"toallero-electrico-blanco-100w-5-barras","status":"publish","type":"product","link":"https:\/\/lomina.es\/?product=toallero-electrico-blanco-100w-5-barras","title":{"rendered":"Toallero el\u00e9ctrico cornejo blanco &#8211; 100W &#8211; 5 barras"},"content":{"rendered":"<p>Toallero el\u00e9ctrico 255605101\u00a0ideal para secar y calentar toallas de forma r\u00e1pida y eficiente. Puede instalarse <strong data-start=\"265\" data-end=\"288\">en pared o en suelo<\/strong>, adapt\u00e1ndose a diferentes espacios de ba\u00f1o.<\/p>\n","protected":false},"excerpt":{"rendered":"<p><strong>Caracter\u00edsticas<\/strong><\/p>\n<ul>\n<li data-start=\"373\" data-end=\"464\">\n<p data-start=\"376\" data-end=\"464\">Potencia de 100 W, suficiente para calentar toallas y aportar calor suave al ba\u00f1o.<\/p>\n<\/li>\n<li data-start=\"465\" data-end=\"541\">\n<p data-start=\"468\" data-end=\"541\">5 barras calefactables que permiten colgar varias toallas a la vez.<\/p>\n<\/li>\n<li data-start=\"542\" data-end=\"644\">\n<p data-start=\"545\" data-end=\"644\">Instalaci\u00f3n vers\u00e1til: apto para colocar en pared o usarlo en suelo seg\u00fan tus necesidades.<\/p>\n<\/li>\n<li data-start=\"645\" data-end=\"726\">\n<p data-start=\"648\" data-end=\"726\">Dise\u00f1o blanco y moderno, que encaja bien en ba\u00f1os de diferentes estilos.<\/p>\n<\/li>\n<li data-start=\"727\" data-end=\"815\">\n<p data-start=\"730\" data-end=\"815\">Dimensiones compactas (94 \u00d7 50 \u00d7 10\/30 cm) para adaptarse a espacios reducidos.<\/p>\n<\/li>\n<li data-start=\"816\" data-end=\"910\">\n<p data-start=\"819\" data-end=\"910\">Funcionamiento el\u00e9ctrico estable, sin necesidad de caldera o instalaciones complejas.<\/p>\n<\/li>\n<li data-start=\"911\" data-end=\"1011\">\n<p data-start=\"914\" data-end=\"1011\">Estructura robusta y f\u00e1cil de limpiar, con barras tubulares que facilitan el secado uniforme.<\/p>\n<\/li>\n<\/ul>\n","protected":false},"featured_media":2370,"comment_status":"open","ping_status":"closed","template":"","meta":{"om_disable_all_campaigns":false,"_monsterinsights_skip_tracking":false,"_monsterinsights_sitenote_active":false,"_monsterinsights_sitenote_note":"","_monsterinsights_sitenote_category":0,"site-sidebar-layout":"default","site-content-layout":"","ast-site-content-layout":"default","site-content-style":"default","site-sidebar-style":"default","ast-global-header-display":"","ast-banner-title-visibility":"","ast-main-header-display":"","ast-hfb-above-header-display":"","ast-hfb-below-header-display":"","ast-hfb-mobile-header-display":"","site-post-title":"","ast-breadcrumbs-content":"","ast-featured-img":"","footer-sml-layout":"","theme-transparent-header-meta":"default","adv-header-id-meta":"","stick-header-meta":"","header-above-stick-meta":"","header-main-stick-meta":"","header-below-stick-meta":"","astra-migrate-meta-layouts":"set","ast-page-background-enabled":"default","ast-page-background-meta":{"desktop":{"background-color":"var(--ast-global-color-4)","background-image":"","background-repeat":"repeat","background-position":"center center","background-size":"auto","background-attachment":"scroll","background-type":"","background-media":"","overlay-type":"","overlay-color":"","overlay-gradient":""},"tablet":{"background-color":"","background-image":"","background-repeat":"repeat","background-position":"center center","background-size":"auto","background-attachment":"scroll","background-type":"","background-media":"","overlay-type":"","overlay-color":"","overlay-gradient":""},"mobile":{"background-color":"","background-image":"","background-repeat":"repeat","background-position":"center center","background-size":"auto","background-attachment":"scroll","background-type":"","background-media":"","overlay-type":"","overlay-color":"","overlay-gradient":""}},"ast-content-background-meta":{"desktop":{"background-color":"var(--ast-global-color-5)","background-image":"","background-repeat":"repeat","background-position":"center center","background-size":"auto","background-attachment":"scroll","background-type":"","background-media":"","overlay-type":"","overlay-color":"","overlay-gradient":""},"tablet":{"background-color":"var(--ast-global-color-5)","background-image":"","background-repeat":"repeat","background-position":"center center","background-size":"auto","background-attachment":"scroll","background-type":"","background-media":"","overlay-type":"","overlay-color":"","overlay-gradient":""},"mobile":{"background-color":"var(--ast-global-color-5)","background-image":"","background-repeat":"repeat","background-position":"center center","background-size":"auto","background-attachment":"scroll","background-type":"","background-media":"","overlay-type":"","overlay-color":"","overlay-gradient":""}}},"product_cat":[30],"product_tag":[],"aioseo_notices":[],"jetpack_sharing_enabled":true,"_links":{"self":[{"href":"https:\/\/lomina.es\/index.php?rest_route=\/wp\/v2\/product\/2369"}],"collection":[{"href":"https:\/\/lomina.es\/index.php?rest_route=\/wp\/v2\/product"}],"about":[{"href":"https:\/\/lomina.es\/index.php?rest_route=\/wp\/v2\/types\/product"}],"replies":[{"embeddable":true,"href":"https:\/\/lomina.es\/index.php?rest_route=%2Fwp%2Fv2%2Fcomments&post=2369"}],"wp:featuredmedia":[{"embeddable":true,"href":"https:\/\/lomina.es\/index.php?rest_route=\/wp\/v2\/media\/2370"}],"wp:attachment":[{"href":"https:\/\/lomina.es\/index.php?rest_route=%2Fwp%2Fv2%2Fmedia&parent=2369"}],"wp:term":[{"taxonomy":"product_cat","embeddable":true,"href":"https:\/\/lomina.es\/index.php?rest_route=%2Fwp%2Fv2%2Fproduct_cat&post=2369"},{"taxonomy":"product_tag","embeddable":true,"href":"https:\/\/lomina.es\/index.php?rest_route=%2Fwp%2Fv2%2Fproduct_tag&post=2369"}],"curies":[{"name":"wp","href":"https:\/\/api.w.org\/{rel}","templated":true}]}}