{"id":2364,"date":"2025-12-23T20:50:39","date_gmt":"2025-12-23T19:50:39","guid":{"rendered":"https:\/\/lomina.es\/?post_type=product&#038;p=2364"},"modified":"2025-12-23T20:50:39","modified_gmt":"2025-12-23T19:50:39","slug":"radiador-fabrilamp-mica-maxima-potencia-2000w","status":"publish","type":"product","link":"https:\/\/lomina.es\/?product=radiador-fabrilamp-mica-maxima-potencia-2000w","title":{"rendered":"Radiador Fabrilamp Mica &#8211; m\u00e1xima potencia 2000W"},"content":{"rendered":"<p>Radiador de mica 202012016, ideal para calentar estancias de forma r\u00e1pida y eficiente. Ofrece <strong data-start=\"279\" data-end=\"306\">dos niveles de potencia<\/strong>, control de temperatura y sistemas de seguridad para un uso c\u00f3modo y seguro.<\/p>\n","protected":false},"excerpt":{"rendered":"<p><strong>Caracter\u00edsticas<\/strong><\/p>\n<ul>\n<li data-start=\"424\" data-end=\"508\">\n<p data-start=\"427\" data-end=\"508\">Potencia m\u00e1xima de 2000 W para una calefacci\u00f3n eficaz en espacios medianos.<\/p>\n<\/li>\n<li data-start=\"509\" data-end=\"604\">\n<p data-start=\"512\" data-end=\"604\">Dos niveles de potencia que permiten ajustar el consumo y el calor seg\u00fan la necesidad.<\/p>\n<\/li>\n<li data-start=\"605\" data-end=\"694\">\n<p data-start=\"608\" data-end=\"694\">4 elementos de mica que distribuyen el calor de manera uniforme por ambas caras.<\/p>\n<\/li>\n<li data-start=\"695\" data-end=\"762\">\n<p data-start=\"698\" data-end=\"762\">Termostato regulable para mantener la temperatura deseada.<\/p>\n<\/li>\n<li data-start=\"763\" data-end=\"851\">\n<p data-start=\"766\" data-end=\"851\">Sistema antivuelco y protecci\u00f3n contra sobrecalentamiento para mayor seguridad.<\/p>\n<\/li>\n<li data-start=\"852\" data-end=\"940\">\n<p data-start=\"855\" data-end=\"940\">Luz indicadora de funcionamiento que muestra cuando el radiador est\u00e1 encendido.<\/p>\n<\/li>\n<li data-start=\"941\" data-end=\"1036\">\n<p data-start=\"944\" data-end=\"1036\">Dise\u00f1o port\u00e1til con ruedas, f\u00e1cil de mover y con dimensiones de 61,5 \u00d7 56 \u00d7 26,5 cm.<\/p>\n<\/li>\n<\/ul>\n","protected":false},"featured_media":2365,"comment_status":"open","ping_status":"closed","template":"","meta":{"om_disable_all_campaigns":false,"_monsterinsights_skip_tracking":false,"_monsterinsights_sitenote_active":false,"_monsterinsights_sitenote_note":"","_monsterinsights_sitenote_category":0,"site-sidebar-layout":"default","site-content-layout":"","ast-site-content-layout":"default","site-content-style":"default","site-sidebar-style":"default","ast-global-header-display":"","ast-banner-title-visibility":"","ast-main-header-display":"","ast-hfb-above-header-display":"","ast-hfb-below-header-display":"","ast-hfb-mobile-header-display":"","site-post-title":"","ast-breadcrumbs-content":"","ast-featured-img":"","footer-sml-layout":"","theme-transparent-header-meta":"default","adv-header-id-meta":"","stick-header-meta":"","header-above-stick-meta":"","header-main-stick-meta":"","header-below-stick-meta":"","astra-migrate-meta-layouts":"set","ast-page-background-enabled":"default","ast-page-background-meta":{"desktop":{"background-color":"var(--ast-global-color-4)","background-image":"","background-repeat":"repeat","background-position":"center center","background-size":"auto","background-attachment":"scroll","background-type":"","background-media":"","overlay-type":"","overlay-color":"","overlay-gradient":""},"tablet":{"background-color":"","background-image":"","background-repeat":"repeat","background-position":"center center","background-size":"auto","background-attachment":"scroll","background-type":"","background-media":"","overlay-type":"","overlay-color":"","overlay-gradient":""},"mobile":{"background-color":"","background-image":"","background-repeat":"repeat","background-position":"center center","background-size":"auto","background-attachment":"scroll","background-type":"","background-media":"","overlay-type":"","overlay-color":"","overlay-gradient":""}},"ast-content-background-meta":{"desktop":{"background-color":"var(--ast-global-color-5)","background-image":"","background-repeat":"repeat","background-position":"center center","background-size":"auto","background-attachment":"scroll","background-type":"","background-media":"","overlay-type":"","overlay-color":"","overlay-gradient":""},"tablet":{"background-color":"var(--ast-global-color-5)","background-image":"","background-repeat":"repeat","background-position":"center center","background-size":"auto","background-attachment":"scroll","background-type":"","background-media":"","overlay-type":"","overlay-color":"","overlay-gradient":""},"mobile":{"background-color":"var(--ast-global-color-5)","background-image":"","background-repeat":"repeat","background-position":"center center","background-size":"auto","background-attachment":"scroll","background-type":"","background-media":"","overlay-type":"","overlay-color":"","overlay-gradient":""}}},"product_cat":[30],"product_tag":[],"aioseo_notices":[],"jetpack_sharing_enabled":true,"_links":{"self":[{"href":"https:\/\/lomina.es\/index.php?rest_route=\/wp\/v2\/product\/2364"}],"collection":[{"href":"https:\/\/lomina.es\/index.php?rest_route=\/wp\/v2\/product"}],"about":[{"href":"https:\/\/lomina.es\/index.php?rest_route=\/wp\/v2\/types\/product"}],"replies":[{"embeddable":true,"href":"https:\/\/lomina.es\/index.php?rest_route=%2Fwp%2Fv2%2Fcomments&post=2364"}],"wp:featuredmedia":[{"embeddable":true,"href":"https:\/\/lomina.es\/index.php?rest_route=\/wp\/v2\/media\/2365"}],"wp:attachment":[{"href":"https:\/\/lomina.es\/index.php?rest_route=%2Fwp%2Fv2%2Fmedia&parent=2364"}],"wp:term":[{"taxonomy":"product_cat","embeddable":true,"href":"https:\/\/lomina.es\/index.php?rest_route=%2Fwp%2Fv2%2Fproduct_cat&post=2364"},{"taxonomy":"product_tag","embeddable":true,"href":"https:\/\/lomina.es\/index.php?rest_route=%2Fwp%2Fv2%2Fproduct_tag&post=2364"}],"curies":[{"name":"wp","href":"https:\/\/api.w.org\/{rel}","templated":true}]}}