{"id":2297,"date":"2025-12-22T18:51:37","date_gmt":"2025-12-22T17:51:37","guid":{"rendered":"https:\/\/lomina.es\/?post_type=product&#038;p=2297"},"modified":"2025-12-22T18:51:37","modified_gmt":"2025-12-22T17:51:37","slug":"batidora-de-vaso-solac-beauty-and-the-best","status":"publish","type":"product","link":"https:\/\/lomina.es\/?product=batidora-de-vaso-solac-beauty-and-the-best","title":{"rendered":"Batidora de vaso Solac Beauty and the Best"},"content":{"rendered":"<p>Batidora de vaso robusta y potente dise\u00f1ada para preparar batidos, sopas y mezclas densas con facilidad. Incluye controles vers\u00e1tiles y componentes f\u00e1ciles de limpiar.<\/p>\n","protected":false},"excerpt":{"rendered":"<p><strong>Caracter\u00edsticas<\/strong><\/p>\n<ul>\n<li data-start=\"88\" data-end=\"157\">\n<p data-start=\"91\" data-end=\"157\">Potencia alta de 1500 W para mezclas y triturados exigentes.<\/p>\n<\/li>\n<li data-start=\"158\" data-end=\"214\">\n<p data-start=\"161\" data-end=\"214\">Jarra de cristal de 1,5 L con medidas visibles.<\/p>\n<\/li>\n<li data-start=\"215\" data-end=\"284\">\n<p data-start=\"218\" data-end=\"284\">2 velocidades + funci\u00f3n Turbo\/Pulse para control de textura.<\/p>\n<\/li>\n<li data-start=\"285\" data-end=\"352\">\n<p data-start=\"288\" data-end=\"352\">6 cuchillas de acero inoxidable para triturar eficazmente.<\/p>\n<\/li>\n<li data-start=\"353\" data-end=\"409\">\n<p data-start=\"356\" data-end=\"409\">Funci\u00f3n picahielo para hielo y alimentos duros.<\/p>\n<\/li>\n<li data-start=\"410\" data-end=\"486\">\n<p data-start=\"413\" data-end=\"486\">Sistema de seguridad que evita el arranque sin jarra bien colocada.<\/p>\n<\/li>\n<li data-start=\"487\" data-end=\"554\">\n<p data-start=\"490\" data-end=\"554\">Partes aptas para lavavajillas para facilitar la limpieza.<\/p>\n<\/li>\n<li data-start=\"555\" data-end=\"617\">\n<p data-start=\"558\" data-end=\"617\">Pies antideslizantes que mejoran la estabilidad en uso.<\/p>\n<\/li>\n<\/ul>\n","protected":false},"featured_media":2298,"comment_status":"open","ping_status":"closed","template":"","meta":{"om_disable_all_campaigns":false,"_monsterinsights_skip_tracking":false,"_monsterinsights_sitenote_active":false,"_monsterinsights_sitenote_note":"","_monsterinsights_sitenote_category":0,"site-sidebar-layout":"default","site-content-layout":"","ast-site-content-layout":"default","site-content-style":"default","site-sidebar-style":"default","ast-global-header-display":"","ast-banner-title-visibility":"","ast-main-header-display":"","ast-hfb-above-header-display":"","ast-hfb-below-header-display":"","ast-hfb-mobile-header-display":"","site-post-title":"","ast-breadcrumbs-content":"","ast-featured-img":"","footer-sml-layout":"","theme-transparent-header-meta":"default","adv-header-id-meta":"","stick-header-meta":"","header-above-stick-meta":"","header-main-stick-meta":"","header-below-stick-meta":"","astra-migrate-meta-layouts":"set","ast-page-background-enabled":"default","ast-page-background-meta":{"desktop":{"background-color":"var(--ast-global-color-4)","background-image":"","background-repeat":"repeat","background-position":"center center","background-size":"auto","background-attachment":"scroll","background-type":"","background-media":"","overlay-type":"","overlay-color":"","overlay-gradient":""},"tablet":{"background-color":"","background-image":"","background-repeat":"repeat","background-position":"center center","background-size":"auto","background-attachment":"scroll","background-type":"","background-media":"","overlay-type":"","overlay-color":"","overlay-gradient":""},"mobile":{"background-color":"","background-image":"","background-repeat":"repeat","background-position":"center center","background-size":"auto","background-attachment":"scroll","background-type":"","background-media":"","overlay-type":"","overlay-color":"","overlay-gradient":""}},"ast-content-background-meta":{"desktop":{"background-color":"var(--ast-global-color-5)","background-image":"","background-repeat":"repeat","background-position":"center center","background-size":"auto","background-attachment":"scroll","background-type":"","background-media":"","overlay-type":"","overlay-color":"","overlay-gradient":""},"tablet":{"background-color":"var(--ast-global-color-5)","background-image":"","background-repeat":"repeat","background-position":"center center","background-size":"auto","background-attachment":"scroll","background-type":"","background-media":"","overlay-type":"","overlay-color":"","overlay-gradient":""},"mobile":{"background-color":"var(--ast-global-color-5)","background-image":"","background-repeat":"repeat","background-position":"center center","background-size":"auto","background-attachment":"scroll","background-type":"","background-media":"","overlay-type":"","overlay-color":"","overlay-gradient":""}}},"product_cat":[63],"product_tag":[],"aioseo_notices":[],"jetpack_sharing_enabled":true,"_links":{"self":[{"href":"https:\/\/lomina.es\/index.php?rest_route=\/wp\/v2\/product\/2297"}],"collection":[{"href":"https:\/\/lomina.es\/index.php?rest_route=\/wp\/v2\/product"}],"about":[{"href":"https:\/\/lomina.es\/index.php?rest_route=\/wp\/v2\/types\/product"}],"replies":[{"embeddable":true,"href":"https:\/\/lomina.es\/index.php?rest_route=%2Fwp%2Fv2%2Fcomments&post=2297"}],"wp:featuredmedia":[{"embeddable":true,"href":"https:\/\/lomina.es\/index.php?rest_route=\/wp\/v2\/media\/2298"}],"wp:attachment":[{"href":"https:\/\/lomina.es\/index.php?rest_route=%2Fwp%2Fv2%2Fmedia&parent=2297"}],"wp:term":[{"taxonomy":"product_cat","embeddable":true,"href":"https:\/\/lomina.es\/index.php?rest_route=%2Fwp%2Fv2%2Fproduct_cat&post=2297"},{"taxonomy":"product_tag","embeddable":true,"href":"https:\/\/lomina.es\/index.php?rest_route=%2Fwp%2Fv2%2Fproduct_tag&post=2297"}],"curies":[{"name":"wp","href":"https:\/\/api.w.org\/{rel}","templated":true}]}}