{"id":2276,"date":"2025-12-20T14:18:25","date_gmt":"2025-12-20T13:18:25","guid":{"rendered":"https:\/\/lomina.es\/?post_type=product&#038;p=2276"},"modified":"2025-12-20T14:24:52","modified_gmt":"2025-12-20T13:24:52","slug":"auriculares-xiaomi-redmi-buds-6-active-azul","status":"publish","type":"product","link":"https:\/\/lomina.es\/?product=auriculares-xiaomi-redmi-buds-6-active-azul","title":{"rendered":"Auriculares Xiaomi Redmi Buds 6 Active &#8211; Azul"},"content":{"rendered":"<p>Auriculares inal\u00e1mbricos Xiaomi Redmi Buds 6 Active con Bluetooth 5.4, hasta 30 horas de bater\u00eda, cancelaci\u00f3n de ruido para llamadas y resistencia IPX4, ideales para un uso c\u00f3modo y diario.<\/p>\n","protected":false},"excerpt":{"rendered":"<p><strong>Caracter\u00edsticas<\/strong><\/p>\n<ul>\n<li data-start=\"100\" data-end=\"161\">\n<p data-start=\"103\" data-end=\"161\">Bluetooth 5.4 para conexi\u00f3n m\u00e1s estable y eficiente.<\/p>\n<\/li>\n<li data-start=\"162\" data-end=\"221\">\n<p data-start=\"165\" data-end=\"221\">Hasta 30 horas de bater\u00eda con el estuche de carga.<\/p>\n<\/li>\n<li data-start=\"222\" data-end=\"299\">\n<p data-start=\"225\" data-end=\"299\">Cancelaci\u00f3n de ruido para llamadas, voz m\u00e1s clara en conversaciones.<\/p>\n<\/li>\n<li data-start=\"300\" data-end=\"377\">\n<p data-start=\"303\" data-end=\"377\">5 modos de sintonizaci\u00f3n para personalizar la experiencia de sonido.<\/p>\n<\/li>\n<li data-start=\"378\" data-end=\"433\">\n<p data-start=\"381\" data-end=\"433\">Dise\u00f1o ligero y c\u00f3modo, ideal para uso diario.<\/p>\n<\/li>\n<li data-start=\"434\" data-end=\"507\">\n<p data-start=\"437\" data-end=\"507\">Resistencia al agua IPX4, adecuados para deporte y uso exterior.<\/p>\n<\/li>\n<li data-start=\"508\" data-end=\"559\">\n<p data-start=\"511\" data-end=\"559\">Controles t\u00e1ctiles para m\u00fasica y llamadas.<\/p>\n<\/li>\n<li data-start=\"560\" data-end=\"619\" data-is-last-node=\"\">\n<p data-start=\"563\" data-end=\"619\" data-is-last-node=\"\">Color blanco minimalista, estilo moderno y discreto.<\/p>\n<\/li>\n<\/ul>\n","protected":false},"featured_media":2277,"comment_status":"open","ping_status":"closed","template":"","meta":{"om_disable_all_campaigns":false,"_monsterinsights_skip_tracking":false,"_monsterinsights_sitenote_active":false,"_monsterinsights_sitenote_note":"","_monsterinsights_sitenote_category":0,"site-sidebar-layout":"default","site-content-layout":"","ast-site-content-layout":"default","site-content-style":"default","site-sidebar-style":"default","ast-global-header-display":"","ast-banner-title-visibility":"","ast-main-header-display":"","ast-hfb-above-header-display":"","ast-hfb-below-header-display":"","ast-hfb-mobile-header-display":"","site-post-title":"","ast-breadcrumbs-content":"","ast-featured-img":"","footer-sml-layout":"","theme-transparent-header-meta":"default","adv-header-id-meta":"","stick-header-meta":"","header-above-stick-meta":"","header-main-stick-meta":"","header-below-stick-meta":"","astra-migrate-meta-layouts":"set","ast-page-background-enabled":"default","ast-page-background-meta":{"desktop":{"background-color":"var(--ast-global-color-4)","background-image":"","background-repeat":"repeat","background-position":"center center","background-size":"auto","background-attachment":"scroll","background-type":"","background-media":"","overlay-type":"","overlay-color":"","overlay-gradient":""},"tablet":{"background-color":"","background-image":"","background-repeat":"repeat","background-position":"center center","background-size":"auto","background-attachment":"scroll","background-type":"","background-media":"","overlay-type":"","overlay-color":"","overlay-gradient":""},"mobile":{"background-color":"","background-image":"","background-repeat":"repeat","background-position":"center center","background-size":"auto","background-attachment":"scroll","background-type":"","background-media":"","overlay-type":"","overlay-color":"","overlay-gradient":""}},"ast-content-background-meta":{"desktop":{"background-color":"var(--ast-global-color-5)","background-image":"","background-repeat":"repeat","background-position":"center center","background-size":"auto","background-attachment":"scroll","background-type":"","background-media":"","overlay-type":"","overlay-color":"","overlay-gradient":""},"tablet":{"background-color":"var(--ast-global-color-5)","background-image":"","background-repeat":"repeat","background-position":"center center","background-size":"auto","background-attachment":"scroll","background-type":"","background-media":"","overlay-type":"","overlay-color":"","overlay-gradient":""},"mobile":{"background-color":"var(--ast-global-color-5)","background-image":"","background-repeat":"repeat","background-position":"center center","background-size":"auto","background-attachment":"scroll","background-type":"","background-media":"","overlay-type":"","overlay-color":"","overlay-gradient":""}}},"product_cat":[70],"product_tag":[],"aioseo_notices":[],"jetpack_sharing_enabled":true,"_links":{"self":[{"href":"https:\/\/lomina.es\/index.php?rest_route=\/wp\/v2\/product\/2276"}],"collection":[{"href":"https:\/\/lomina.es\/index.php?rest_route=\/wp\/v2\/product"}],"about":[{"href":"https:\/\/lomina.es\/index.php?rest_route=\/wp\/v2\/types\/product"}],"replies":[{"embeddable":true,"href":"https:\/\/lomina.es\/index.php?rest_route=%2Fwp%2Fv2%2Fcomments&post=2276"}],"wp:featuredmedia":[{"embeddable":true,"href":"https:\/\/lomina.es\/index.php?rest_route=\/wp\/v2\/media\/2277"}],"wp:attachment":[{"href":"https:\/\/lomina.es\/index.php?rest_route=%2Fwp%2Fv2%2Fmedia&parent=2276"}],"wp:term":[{"taxonomy":"product_cat","embeddable":true,"href":"https:\/\/lomina.es\/index.php?rest_route=%2Fwp%2Fv2%2Fproduct_cat&post=2276"},{"taxonomy":"product_tag","embeddable":true,"href":"https:\/\/lomina.es\/index.php?rest_route=%2Fwp%2Fv2%2Fproduct_tag&post=2276"}],"curies":[{"name":"wp","href":"https:\/\/api.w.org\/{rel}","templated":true}]}}