{"id":2240,"date":"2025-12-19T13:00:22","date_gmt":"2025-12-19T12:00:22","guid":{"rendered":"https:\/\/lomina.es\/?post_type=product&#038;p=2240"},"modified":"2026-01-10T14:35:37","modified_gmt":"2026-01-10T13:35:37","slug":"plancha-de-pelo-straightcare-essential","status":"publish","type":"product","link":"https:\/\/lomina.es\/?product=plancha-de-pelo-straightcare-essential","title":{"rendered":"Plancha de pelo Plilips StraightCare Essential"},"content":{"rendered":"<article class=\"text-token-text-primary w-full focus:outline-none [--shadow-height:45px] has-data-writing-block:pointer-events-none has-data-writing-block:-mt-(--shadow-height) has-data-writing-block:pt-(--shadow-height) [&amp;:has([data-writing-block])&gt;*]:pointer-events-auto scroll-mt-[calc(var(--header-height)+min(200px,max(70px,20svh)))]\" dir=\"auto\" tabindex=\"-1\" data-turn-id=\"request-WEB:994f5a9f-67d1-4c55-b342-69ecac4421ba-2\" data-testid=\"conversation-turn-6\" data-scroll-anchor=\"false\" data-turn=\"assistant\">\n<div class=\"text-base my-auto mx-auto [--thread-content-margin:--spacing(4)] @w-sm\/main:[--thread-content-margin:--spacing(6)] @w-lg\/main:[--thread-content-margin:--spacing(16)] px-(--thread-content-margin)\">\n<div class=\"[--thread-content-max-width:40rem] @w-lg\/main:[--thread-content-max-width:48rem] mx-auto max-w-(--thread-content-max-width) flex-1 group\/turn-messages focus-visible:outline-hidden relative flex w-full min-w-0 flex-col agent-turn\" tabindex=\"-1\">\n<div class=\"flex max-w-full flex-col grow\">\n<div class=\"min-h-8 text-message relative flex w-full flex-col items-end gap-2 text-start break-words whitespace-normal [.text-message+&amp;]:mt-1\" dir=\"auto\" data-message-author-role=\"assistant\" data-message-id=\"796accfc-f1e6-456d-9717-a4ce75023d00\" data-message-model-slug=\"gpt-5-2\">\n<div class=\"flex w-full flex-col gap-1 empty:hidden first:pt-[1px]\">\n<div class=\"markdown prose dark:prose-invert w-full break-words light markdown-new-styling\">\n<p data-start=\"64\" data-end=\"290\" data-is-last-node=\"\" data-is-only-node=\"\">Plancha de pelo StraightCare Essential con tecnolog\u00eda <strong data-start=\"143\" data-end=\"160\">ThermoProtect<\/strong>, dise\u00f1ada para mantener una temperatura uniforme que protege el cabello del sobrecalentamiento y logra un alisado suave y eficaz.<\/p>\n<\/div>\n<\/div>\n<\/div>\n<\/div>\n<div class=\"z-0 flex min-h-[46px] justify-start\"><\/div>\n<\/div>\n<\/div>\n<\/article>\n","protected":false},"excerpt":{"rendered":"<p><strong>Caracter\u00edsticas<\/strong><\/p>\n<ul>\n<li data-start=\"86\" data-end=\"182\">\n<p data-start=\"89\" data-end=\"182\">Tecnolog\u00eda ThermoProtect que mantiene una temperatura constante para cuidar el cabello.<\/p>\n<\/li>\n<li data-start=\"183\" data-end=\"259\">\n<p data-start=\"186\" data-end=\"259\">Placas cer\u00e1micas para un deslizamiento suave y un alisado uniforme.<\/p>\n<\/li>\n<li data-start=\"260\" data-end=\"322\">\n<p data-start=\"263\" data-end=\"322\">Calentamiento r\u00e1pido, lista para usar en poco tiempo.<\/p>\n<\/li>\n<li data-start=\"323\" data-end=\"401\">\n<p data-start=\"326\" data-end=\"401\">Temperatura \u00f3ptima de peinado que reduce el riesgo de da\u00f1o por calor.<\/p>\n<\/li>\n<li data-start=\"402\" data-end=\"457\">\n<p data-start=\"405\" data-end=\"457\">Dise\u00f1o ligero y ergon\u00f3mico para un uso c\u00f3modo.<\/p>\n<\/li>\n<li data-start=\"458\" data-end=\"514\">\n<p data-start=\"461\" data-end=\"514\">Resultados suaves y brillantes con menos frizz.<\/p>\n<\/li>\n<li data-start=\"515\" data-end=\"562\">\n<p data-start=\"518\" data-end=\"562\">Uso sencillo, ideal para el d\u00eda a d\u00eda.<\/p>\n<\/li>\n<li data-start=\"563\" data-end=\"628\" data-is-last-node=\"\">\n<p data-start=\"566\" data-end=\"628\" data-is-last-node=\"\">Cable giratorio que facilita el manejo durante el peinado.<\/p>\n<\/li>\n<\/ul>\n","protected":false},"featured_media":2241,"comment_status":"open","ping_status":"closed","template":"","meta":{"om_disable_all_campaigns":false,"_monsterinsights_skip_tracking":false,"_monsterinsights_sitenote_active":false,"_monsterinsights_sitenote_note":"","_monsterinsights_sitenote_category":0,"site-sidebar-layout":"default","site-content-layout":"","ast-site-content-layout":"default","site-content-style":"default","site-sidebar-style":"default","ast-global-header-display":"","ast-banner-title-visibility":"","ast-main-header-display":"","ast-hfb-above-header-display":"","ast-hfb-below-header-display":"","ast-hfb-mobile-header-display":"","site-post-title":"","ast-breadcrumbs-content":"","ast-featured-img":"","footer-sml-layout":"","theme-transparent-header-meta":"default","adv-header-id-meta":"","stick-header-meta":"","header-above-stick-meta":"","header-main-stick-meta":"","header-below-stick-meta":"","astra-migrate-meta-layouts":"set","ast-page-background-enabled":"default","ast-page-background-meta":{"desktop":{"background-color":"var(--ast-global-color-4)","background-image":"","background-repeat":"repeat","background-position":"center center","background-size":"auto","background-attachment":"scroll","background-type":"","background-media":"","overlay-type":"","overlay-color":"","overlay-gradient":""},"tablet":{"background-color":"","background-image":"","background-repeat":"repeat","background-position":"center center","background-size":"auto","background-attachment":"scroll","background-type":"","background-media":"","overlay-type":"","overlay-color":"","overlay-gradient":""},"mobile":{"background-color":"","background-image":"","background-repeat":"repeat","background-position":"center center","background-size":"auto","background-attachment":"scroll","background-type":"","background-media":"","overlay-type":"","overlay-color":"","overlay-gradient":""}},"ast-content-background-meta":{"desktop":{"background-color":"var(--ast-global-color-5)","background-image":"","background-repeat":"repeat","background-position":"center center","background-size":"auto","background-attachment":"scroll","background-type":"","background-media":"","overlay-type":"","overlay-color":"","overlay-gradient":""},"tablet":{"background-color":"var(--ast-global-color-5)","background-image":"","background-repeat":"repeat","background-position":"center center","background-size":"auto","background-attachment":"scroll","background-type":"","background-media":"","overlay-type":"","overlay-color":"","overlay-gradient":""},"mobile":{"background-color":"var(--ast-global-color-5)","background-image":"","background-repeat":"repeat","background-position":"center center","background-size":"auto","background-attachment":"scroll","background-type":"","background-media":"","overlay-type":"","overlay-color":"","overlay-gradient":""}}},"product_cat":[66],"product_tag":[],"aioseo_notices":[],"jetpack_sharing_enabled":true,"_links":{"self":[{"href":"https:\/\/lomina.es\/index.php?rest_route=\/wp\/v2\/product\/2240"}],"collection":[{"href":"https:\/\/lomina.es\/index.php?rest_route=\/wp\/v2\/product"}],"about":[{"href":"https:\/\/lomina.es\/index.php?rest_route=\/wp\/v2\/types\/product"}],"replies":[{"embeddable":true,"href":"https:\/\/lomina.es\/index.php?rest_route=%2Fwp%2Fv2%2Fcomments&post=2240"}],"wp:featuredmedia":[{"embeddable":true,"href":"https:\/\/lomina.es\/index.php?rest_route=\/wp\/v2\/media\/2241"}],"wp:attachment":[{"href":"https:\/\/lomina.es\/index.php?rest_route=%2Fwp%2Fv2%2Fmedia&parent=2240"}],"wp:term":[{"taxonomy":"product_cat","embeddable":true,"href":"https:\/\/lomina.es\/index.php?rest_route=%2Fwp%2Fv2%2Fproduct_cat&post=2240"},{"taxonomy":"product_tag","embeddable":true,"href":"https:\/\/lomina.es\/index.php?rest_route=%2Fwp%2Fv2%2Fproduct_tag&post=2240"}],"curies":[{"name":"wp","href":"https:\/\/api.w.org\/{rel}","templated":true}]}}