{"id":2228,"date":"2025-12-17T14:28:23","date_gmt":"2025-12-17T13:28:23","guid":{"rendered":"https:\/\/lomina.es\/?post_type=product&#038;p=2228"},"modified":"2025-12-17T14:28:23","modified_gmt":"2025-12-17T13:28:23","slug":"plancha-de-pelo-ceramica-para-alisado-braun","status":"publish","type":"product","link":"https:\/\/lomina.es\/?product=plancha-de-pelo-ceramica-para-alisado-braun","title":{"rendered":"Plancha de pelo cer\u00e1mica para alisado Braun"},"content":{"rendered":"<p>La <strong data-start=\"44\" data-end=\"82\">Braun Satin Hair 7 SensoCare ST780<\/strong> es una plancha de pelo con <strong data-start=\"110\" data-end=\"150\">placas cer\u00e1micas y tecnolog\u00eda Sensor<\/strong> que ajusta autom\u00e1ticamente la temperatura seg\u00fan las necesidades de tu cabello para un alisado eficaz y con menor da\u00f1o.<\/p>\n","protected":false},"excerpt":{"rendered":"<p><strong>Caracter\u00edsticas<\/strong><\/p>\n<ul>\n<li data-start=\"319\" data-end=\"406\">\n<p data-start=\"322\" data-end=\"406\"><strong data-start=\"322\" data-end=\"346\">Tecnolog\u00eda SensoCare<\/strong> que detecta y adapta la temperatura a tu tipo de cabello.<\/p>\n<\/li>\n<li data-start=\"407\" data-end=\"485\">\n<p data-start=\"410\" data-end=\"485\"><strong data-start=\"410\" data-end=\"430\">Placas cer\u00e1micas<\/strong> que deslizan suavemente y reducen el encrespamiento.<\/p>\n<\/li>\n<li data-start=\"486\" data-end=\"574\">\n<p data-start=\"489\" data-end=\"574\"><strong data-start=\"489\" data-end=\"527\">Control de temperatura inteligente<\/strong> para proteger el cabello del da\u00f1o por calor.<\/p>\n<\/li>\n<li data-start=\"575\" data-end=\"637\">\n<p data-start=\"578\" data-end=\"637\"><strong data-start=\"578\" data-end=\"602\">Calentamiento r\u00e1pido<\/strong> para estar lista en poco tiempo.<\/p>\n<\/li>\n<li data-start=\"638\" data-end=\"707\">\n<p data-start=\"641\" data-end=\"707\"><strong data-start=\"641\" data-end=\"662\">Dise\u00f1o ergon\u00f3mico<\/strong> que facilita el manejo durante el alisado.<\/p>\n<\/li>\n<li data-start=\"708\" data-end=\"770\">\n<p data-start=\"711\" data-end=\"770\"><strong data-start=\"711\" data-end=\"735\">Resultados duraderos<\/strong> con un acabado liso y brillante.<\/p>\n<\/li>\n<li data-start=\"771\" data-end=\"848\">\n<p data-start=\"774\" data-end=\"848\"><strong data-start=\"774\" data-end=\"812\">Apta para distinto tipo de cabello<\/strong>, incluso cabello fino o delicado.<\/p>\n<\/li>\n<li data-start=\"849\" data-end=\"930\">\n<p data-start=\"852\" data-end=\"930\"><strong data-start=\"852\" data-end=\"876\">Sistema de seguridad<\/strong> con apagado autom\u00e1tico tras un tiempo de inactividad.<\/p>\n<\/li>\n<\/ul>\n","protected":false},"featured_media":2230,"comment_status":"open","ping_status":"closed","template":"","meta":{"om_disable_all_campaigns":false,"_monsterinsights_skip_tracking":false,"_monsterinsights_sitenote_active":false,"_monsterinsights_sitenote_note":"","_monsterinsights_sitenote_category":0,"site-sidebar-layout":"default","site-content-layout":"","ast-site-content-layout":"default","site-content-style":"default","site-sidebar-style":"default","ast-global-header-display":"","ast-banner-title-visibility":"","ast-main-header-display":"","ast-hfb-above-header-display":"","ast-hfb-below-header-display":"","ast-hfb-mobile-header-display":"","site-post-title":"","ast-breadcrumbs-content":"","ast-featured-img":"","footer-sml-layout":"","theme-transparent-header-meta":"default","adv-header-id-meta":"","stick-header-meta":"","header-above-stick-meta":"","header-main-stick-meta":"","header-below-stick-meta":"","astra-migrate-meta-layouts":"set","ast-page-background-enabled":"default","ast-page-background-meta":{"desktop":{"background-color":"var(--ast-global-color-4)","background-image":"","background-repeat":"repeat","background-position":"center center","background-size":"auto","background-attachment":"scroll","background-type":"","background-media":"","overlay-type":"","overlay-color":"","overlay-gradient":""},"tablet":{"background-color":"","background-image":"","background-repeat":"repeat","background-position":"center center","background-size":"auto","background-attachment":"scroll","background-type":"","background-media":"","overlay-type":"","overlay-color":"","overlay-gradient":""},"mobile":{"background-color":"","background-image":"","background-repeat":"repeat","background-position":"center center","background-size":"auto","background-attachment":"scroll","background-type":"","background-media":"","overlay-type":"","overlay-color":"","overlay-gradient":""}},"ast-content-background-meta":{"desktop":{"background-color":"var(--ast-global-color-5)","background-image":"","background-repeat":"repeat","background-position":"center center","background-size":"auto","background-attachment":"scroll","background-type":"","background-media":"","overlay-type":"","overlay-color":"","overlay-gradient":""},"tablet":{"background-color":"var(--ast-global-color-5)","background-image":"","background-repeat":"repeat","background-position":"center center","background-size":"auto","background-attachment":"scroll","background-type":"","background-media":"","overlay-type":"","overlay-color":"","overlay-gradient":""},"mobile":{"background-color":"var(--ast-global-color-5)","background-image":"","background-repeat":"repeat","background-position":"center center","background-size":"auto","background-attachment":"scroll","background-type":"","background-media":"","overlay-type":"","overlay-color":"","overlay-gradient":""}}},"product_cat":[66],"product_tag":[],"aioseo_notices":[],"jetpack_sharing_enabled":true,"_links":{"self":[{"href":"https:\/\/lomina.es\/index.php?rest_route=\/wp\/v2\/product\/2228"}],"collection":[{"href":"https:\/\/lomina.es\/index.php?rest_route=\/wp\/v2\/product"}],"about":[{"href":"https:\/\/lomina.es\/index.php?rest_route=\/wp\/v2\/types\/product"}],"replies":[{"embeddable":true,"href":"https:\/\/lomina.es\/index.php?rest_route=%2Fwp%2Fv2%2Fcomments&post=2228"}],"wp:featuredmedia":[{"embeddable":true,"href":"https:\/\/lomina.es\/index.php?rest_route=\/wp\/v2\/media\/2230"}],"wp:attachment":[{"href":"https:\/\/lomina.es\/index.php?rest_route=%2Fwp%2Fv2%2Fmedia&parent=2228"}],"wp:term":[{"taxonomy":"product_cat","embeddable":true,"href":"https:\/\/lomina.es\/index.php?rest_route=%2Fwp%2Fv2%2Fproduct_cat&post=2228"},{"taxonomy":"product_tag","embeddable":true,"href":"https:\/\/lomina.es\/index.php?rest_route=%2Fwp%2Fv2%2Fproduct_tag&post=2228"}],"curies":[{"name":"wp","href":"https:\/\/api.w.org\/{rel}","templated":true}]}}