{"id":2181,"date":"2025-12-03T20:19:42","date_gmt":"2025-12-03T19:19:42","guid":{"rendered":"https:\/\/lomina.es\/?post_type=product&#038;p=2181"},"modified":"2025-12-03T20:19:42","modified_gmt":"2025-12-03T19:19:42","slug":"pulsera-xiaomi-mi-smart-9-azul-162","status":"publish","type":"product","link":"https:\/\/lomina.es\/?product=pulsera-xiaomi-mi-smart-9-azul-162","title":{"rendered":"Pulsera Xiaomi Mi Smart 9 Azul &#8211; 1,62&#8243;"},"content":{"rendered":"<p>Pulsera de actividad con pantalla AMOLED, sensores de salud, resistencia al agua y hasta 21\u202fd\u00edas de autonom\u00eda.<\/p>\n","protected":false},"excerpt":{"rendered":"<p><strong>Caracter\u00edsticas\u00a0<\/strong><\/p>\n<ul>\n<li data-start=\"116\" data-end=\"155\">\n<p data-start=\"119\" data-end=\"155\">Pantalla t\u00e1ctil AMOLED de ~ 1,62\u2033.<\/p>\n<\/li>\n<li data-start=\"156\" data-end=\"234\">\n<p data-start=\"159\" data-end=\"234\">Autonom\u00eda larga \u2014 con una carga puede durar varias semanas en uso normal.<\/p>\n<\/li>\n<li data-start=\"235\" data-end=\"330\">\n<p data-start=\"238\" data-end=\"330\">Sensores para medici\u00f3n de frecuencia card\u00edaca (heart rate) y saturaci\u00f3n de ox\u00edgeno (SpO\u2082).<\/p>\n<\/li>\n<li data-start=\"331\" data-end=\"409\">\n<p data-start=\"334\" data-end=\"409\">Seguimiento de actividad diaria: pasos, ejercicios, sue\u00f1o, calor\u00edas, etc.<\/p>\n<\/li>\n<li data-start=\"410\" data-end=\"471\">\n<p data-start=\"413\" data-end=\"471\">Resistencia al agua (puedes usarla al nadar o ducharte).<\/p>\n<\/li>\n<li data-start=\"472\" data-end=\"536\">\n<p data-start=\"475\" data-end=\"536\">Dise\u00f1o ligero y c\u00f3modo \u2014 ideal para uso continuo en mu\u00f1eca.<\/p>\n<\/li>\n<li data-start=\"537\" data-end=\"633\">\n<p data-start=\"540\" data-end=\"633\">Conectividad con el m\u00f3vil para recibir notificaciones, registrar datos y sincronizar con app.<\/p>\n<\/li>\n<\/ul>\n","protected":false},"featured_media":2182,"comment_status":"open","ping_status":"closed","template":"","meta":{"om_disable_all_campaigns":false,"_monsterinsights_skip_tracking":false,"_monsterinsights_sitenote_active":false,"_monsterinsights_sitenote_note":"","_monsterinsights_sitenote_category":0,"site-sidebar-layout":"default","site-content-layout":"","ast-site-content-layout":"default","site-content-style":"default","site-sidebar-style":"default","ast-global-header-display":"","ast-banner-title-visibility":"","ast-main-header-display":"","ast-hfb-above-header-display":"","ast-hfb-below-header-display":"","ast-hfb-mobile-header-display":"","site-post-title":"","ast-breadcrumbs-content":"","ast-featured-img":"","footer-sml-layout":"","theme-transparent-header-meta":"default","adv-header-id-meta":"","stick-header-meta":"","header-above-stick-meta":"","header-main-stick-meta":"","header-below-stick-meta":"","astra-migrate-meta-layouts":"set","ast-page-background-enabled":"default","ast-page-background-meta":{"desktop":{"background-color":"var(--ast-global-color-4)","background-image":"","background-repeat":"repeat","background-position":"center center","background-size":"auto","background-attachment":"scroll","background-type":"","background-media":"","overlay-type":"","overlay-color":"","overlay-gradient":""},"tablet":{"background-color":"","background-image":"","background-repeat":"repeat","background-position":"center center","background-size":"auto","background-attachment":"scroll","background-type":"","background-media":"","overlay-type":"","overlay-color":"","overlay-gradient":""},"mobile":{"background-color":"","background-image":"","background-repeat":"repeat","background-position":"center center","background-size":"auto","background-attachment":"scroll","background-type":"","background-media":"","overlay-type":"","overlay-color":"","overlay-gradient":""}},"ast-content-background-meta":{"desktop":{"background-color":"var(--ast-global-color-5)","background-image":"","background-repeat":"repeat","background-position":"center center","background-size":"auto","background-attachment":"scroll","background-type":"","background-media":"","overlay-type":"","overlay-color":"","overlay-gradient":""},"tablet":{"background-color":"var(--ast-global-color-5)","background-image":"","background-repeat":"repeat","background-position":"center center","background-size":"auto","background-attachment":"scroll","background-type":"","background-media":"","overlay-type":"","overlay-color":"","overlay-gradient":""},"mobile":{"background-color":"var(--ast-global-color-5)","background-image":"","background-repeat":"repeat","background-position":"center center","background-size":"auto","background-attachment":"scroll","background-type":"","background-media":"","overlay-type":"","overlay-color":"","overlay-gradient":""}}},"product_cat":[32],"product_tag":[],"aioseo_notices":[],"jetpack_sharing_enabled":true,"_links":{"self":[{"href":"https:\/\/lomina.es\/index.php?rest_route=\/wp\/v2\/product\/2181"}],"collection":[{"href":"https:\/\/lomina.es\/index.php?rest_route=\/wp\/v2\/product"}],"about":[{"href":"https:\/\/lomina.es\/index.php?rest_route=\/wp\/v2\/types\/product"}],"replies":[{"embeddable":true,"href":"https:\/\/lomina.es\/index.php?rest_route=%2Fwp%2Fv2%2Fcomments&post=2181"}],"wp:featuredmedia":[{"embeddable":true,"href":"https:\/\/lomina.es\/index.php?rest_route=\/wp\/v2\/media\/2182"}],"wp:attachment":[{"href":"https:\/\/lomina.es\/index.php?rest_route=%2Fwp%2Fv2%2Fmedia&parent=2181"}],"wp:term":[{"taxonomy":"product_cat","embeddable":true,"href":"https:\/\/lomina.es\/index.php?rest_route=%2Fwp%2Fv2%2Fproduct_cat&post=2181"},{"taxonomy":"product_tag","embeddable":true,"href":"https:\/\/lomina.es\/index.php?rest_route=%2Fwp%2Fv2%2Fproduct_tag&post=2181"}],"curies":[{"name":"wp","href":"https:\/\/api.w.org\/{rel}","templated":true}]}}