{"id":2143,"date":"2025-12-02T15:11:57","date_gmt":"2025-12-02T14:11:57","guid":{"rendered":"https:\/\/lomina.es\/?post_type=product&#038;p=2143"},"modified":"2025-12-03T12:53:24","modified_gmt":"2025-12-03T11:53:24","slug":"olla-a-presion-star-recta-magefesa","status":"publish","type":"product","link":"https:\/\/lomina.es\/?product=olla-a-presion-star-recta-magefesa","title":{"rendered":"Olla a presi\u00f3n Star Recta Magefesa"},"content":{"rendered":"<p>Magefesa STAR cuenta con un sistema de cierre progresivo mediante pomo rotatorio que garantiza un manejo seguro.<\/p>\n","protected":false},"excerpt":{"rendered":"<p><strong>Caracter\u00edsticas<\/strong><\/p>\n<ul>\n<li>\n<p data-path-to-node=\"3,0,0\">Material: Fabricada en Acero Inoxidable 18\/10 de alta calidad y resistencia.<\/p>\n<\/li>\n<li>\n<p data-path-to-node=\"3,2,0\">Compatibilidad: Apta para todo tipo de cocinas, incluyendo Inducci\u00f3n.<\/p>\n<\/li>\n<li>\n<p data-path-to-node=\"3,3,0\">Base: Cuenta con un fondo termodifusor encapsulado (a menudo de 5 capas o similar) para una distribuci\u00f3n uniforme y eficiente del calor.<\/p>\n<\/li>\n<li>\n<p data-path-to-node=\"3,4,0\">Presi\u00f3n de Trabajo: Es una olla R\u00e1pida con una presi\u00f3n de trabajo de 55 kPa (Kilopascales).<\/p>\n<\/li>\n<li>\n<p data-path-to-node=\"3,5,0\">Seguridad: Incorpora 3 sistemas de seguridad (como v\u00e1lvula giratoria, v\u00e1lvula depresora y barra de cierre de seguridad).<\/p>\n<\/li>\n<li>\n<p data-path-to-node=\"3,6,0\">Cierre: Utiliza un sistema de cierre progresivo mediante pomo rotatorio en la tapa.<\/p>\n<\/li>\n<li>\n<p data-path-to-node=\"3,7,0\">Ahorro: Permite cocinar hasta 3 veces m\u00e1s r\u00e1pido que una olla convencional y puede ahorrar hasta un 70% de energ\u00eda.<\/p>\n<\/li>\n<\/ul>\n","protected":false},"featured_media":2146,"comment_status":"open","ping_status":"closed","template":"","meta":{"om_disable_all_campaigns":false,"_monsterinsights_skip_tracking":false,"_monsterinsights_sitenote_active":false,"_monsterinsights_sitenote_note":"","_monsterinsights_sitenote_category":0,"site-sidebar-layout":"default","site-content-layout":"","ast-site-content-layout":"default","site-content-style":"default","site-sidebar-style":"default","ast-global-header-display":"","ast-banner-title-visibility":"","ast-main-header-display":"","ast-hfb-above-header-display":"","ast-hfb-below-header-display":"","ast-hfb-mobile-header-display":"","site-post-title":"","ast-breadcrumbs-content":"","ast-featured-img":"","footer-sml-layout":"","theme-transparent-header-meta":"default","adv-header-id-meta":"","stick-header-meta":"","header-above-stick-meta":"","header-main-stick-meta":"","header-below-stick-meta":"","astra-migrate-meta-layouts":"set","ast-page-background-enabled":"default","ast-page-background-meta":{"desktop":{"background-color":"var(--ast-global-color-4)","background-image":"","background-repeat":"repeat","background-position":"center center","background-size":"auto","background-attachment":"scroll","background-type":"","background-media":"","overlay-type":"","overlay-color":"","overlay-gradient":""},"tablet":{"background-color":"","background-image":"","background-repeat":"repeat","background-position":"center center","background-size":"auto","background-attachment":"scroll","background-type":"","background-media":"","overlay-type":"","overlay-color":"","overlay-gradient":""},"mobile":{"background-color":"","background-image":"","background-repeat":"repeat","background-position":"center center","background-size":"auto","background-attachment":"scroll","background-type":"","background-media":"","overlay-type":"","overlay-color":"","overlay-gradient":""}},"ast-content-background-meta":{"desktop":{"background-color":"var(--ast-global-color-5)","background-image":"","background-repeat":"repeat","background-position":"center center","background-size":"auto","background-attachment":"scroll","background-type":"","background-media":"","overlay-type":"","overlay-color":"","overlay-gradient":""},"tablet":{"background-color":"var(--ast-global-color-5)","background-image":"","background-repeat":"repeat","background-position":"center center","background-size":"auto","background-attachment":"scroll","background-type":"","background-media":"","overlay-type":"","overlay-color":"","overlay-gradient":""},"mobile":{"background-color":"var(--ast-global-color-5)","background-image":"","background-repeat":"repeat","background-position":"center center","background-size":"auto","background-attachment":"scroll","background-type":"","background-media":"","overlay-type":"","overlay-color":"","overlay-gradient":""}}},"product_cat":[87],"product_tag":[],"aioseo_notices":[],"jetpack_sharing_enabled":true,"_links":{"self":[{"href":"https:\/\/lomina.es\/index.php?rest_route=\/wp\/v2\/product\/2143"}],"collection":[{"href":"https:\/\/lomina.es\/index.php?rest_route=\/wp\/v2\/product"}],"about":[{"href":"https:\/\/lomina.es\/index.php?rest_route=\/wp\/v2\/types\/product"}],"replies":[{"embeddable":true,"href":"https:\/\/lomina.es\/index.php?rest_route=%2Fwp%2Fv2%2Fcomments&post=2143"}],"wp:featuredmedia":[{"embeddable":true,"href":"https:\/\/lomina.es\/index.php?rest_route=\/wp\/v2\/media\/2146"}],"wp:attachment":[{"href":"https:\/\/lomina.es\/index.php?rest_route=%2Fwp%2Fv2%2Fmedia&parent=2143"}],"wp:term":[{"taxonomy":"product_cat","embeddable":true,"href":"https:\/\/lomina.es\/index.php?rest_route=%2Fwp%2Fv2%2Fproduct_cat&post=2143"},{"taxonomy":"product_tag","embeddable":true,"href":"https:\/\/lomina.es\/index.php?rest_route=%2Fwp%2Fv2%2Fproduct_tag&post=2143"}],"curies":[{"name":"wp","href":"https:\/\/api.w.org\/{rel}","templated":true}]}}