{"id":2139,"date":"2025-12-02T14:55:36","date_gmt":"2025-12-02T13:55:36","guid":{"rendered":"https:\/\/lomina.es\/?post_type=product&#038;p=2139"},"modified":"2025-12-03T12:43:33","modified_gmt":"2025-12-03T11:43:33","slug":"olla-a-presion-magefesa-practika-32-l","status":"publish","type":"product","link":"https:\/\/lomina.es\/?product=olla-a-presion-magefesa-practika-32-l","title":{"rendered":"Olla a presi\u00f3n magefesa Practika 3,2 L"},"content":{"rendered":"<p>Al cocinar a temperaturas m\u00e1s elevadas, la olla a presi\u00f3n cocina de forma m\u00e1s r\u00e1pida, lo que ahorra tiempo y energ\u00eda. Sus asas laterales termo-resistentes aseguran un manejo c\u00f3modo y seguro.<\/p>\n","protected":false},"excerpt":{"rendered":"<p><strong>Caracter\u00edsticas<\/strong><\/p>\n<ul>\n<li>Capacidad: Normalmente 3.2 Litros.\u00a0Es ideal para 1-3 personas.<\/li>\n<li>\n<p data-path-to-node=\"3,1,0\">Material: Fabricada en Acero Inoxidable 18\/10, lo que garantiza durabilidad.<\/p>\n<\/li>\n<li>\n<p data-path-to-node=\"3,2,0\">Compatibilidad: Apta para todo tipo de fuegos, incluyendo Inducci\u00f3n.<\/p>\n<\/li>\n<li>\n<p data-path-to-node=\"3,3,0\">Base: Fondo termodifusor encapsulado de 5 capas que distribuye el calor de forma r\u00e1pida y uniforme, permitiendo un gran ahorro energ\u00e9tico (hasta un 70%).<\/p>\n<\/li>\n<li>\n<p data-path-to-node=\"3,4,0\">Seguridad: Cuenta con 5 sistemas de seguridad (incluyendo sensor de presi\u00f3n, cierre autom\u00e1tico y varias v\u00e1lvulas) para un manejo totalmente fiable.<\/p>\n<\/li>\n<li>\n<p data-path-to-node=\"3,5,0\">Rapidez: Es de cocci\u00f3n S\u00faper R\u00e1pida, reduciendo significativamente los tiempos de cocinado y preservando mejor los nutrientes.<\/p>\n<\/li>\n<\/ul>\n","protected":false},"featured_media":2142,"comment_status":"open","ping_status":"closed","template":"","meta":{"om_disable_all_campaigns":false,"_monsterinsights_skip_tracking":false,"_monsterinsights_sitenote_active":false,"_monsterinsights_sitenote_note":"","_monsterinsights_sitenote_category":0,"site-sidebar-layout":"default","site-content-layout":"","ast-site-content-layout":"default","site-content-style":"default","site-sidebar-style":"default","ast-global-header-display":"","ast-banner-title-visibility":"","ast-main-header-display":"","ast-hfb-above-header-display":"","ast-hfb-below-header-display":"","ast-hfb-mobile-header-display":"","site-post-title":"","ast-breadcrumbs-content":"","ast-featured-img":"","footer-sml-layout":"","theme-transparent-header-meta":"default","adv-header-id-meta":"","stick-header-meta":"","header-above-stick-meta":"","header-main-stick-meta":"","header-below-stick-meta":"","astra-migrate-meta-layouts":"set","ast-page-background-enabled":"default","ast-page-background-meta":{"desktop":{"background-color":"var(--ast-global-color-4)","background-image":"","background-repeat":"repeat","background-position":"center center","background-size":"auto","background-attachment":"scroll","background-type":"","background-media":"","overlay-type":"","overlay-color":"","overlay-gradient":""},"tablet":{"background-color":"","background-image":"","background-repeat":"repeat","background-position":"center center","background-size":"auto","background-attachment":"scroll","background-type":"","background-media":"","overlay-type":"","overlay-color":"","overlay-gradient":""},"mobile":{"background-color":"","background-image":"","background-repeat":"repeat","background-position":"center center","background-size":"auto","background-attachment":"scroll","background-type":"","background-media":"","overlay-type":"","overlay-color":"","overlay-gradient":""}},"ast-content-background-meta":{"desktop":{"background-color":"var(--ast-global-color-5)","background-image":"","background-repeat":"repeat","background-position":"center center","background-size":"auto","background-attachment":"scroll","background-type":"","background-media":"","overlay-type":"","overlay-color":"","overlay-gradient":""},"tablet":{"background-color":"var(--ast-global-color-5)","background-image":"","background-repeat":"repeat","background-position":"center center","background-size":"auto","background-attachment":"scroll","background-type":"","background-media":"","overlay-type":"","overlay-color":"","overlay-gradient":""},"mobile":{"background-color":"var(--ast-global-color-5)","background-image":"","background-repeat":"repeat","background-position":"center center","background-size":"auto","background-attachment":"scroll","background-type":"","background-media":"","overlay-type":"","overlay-color":"","overlay-gradient":""}}},"product_cat":[87],"product_tag":[],"aioseo_notices":[],"jetpack_sharing_enabled":true,"_links":{"self":[{"href":"https:\/\/lomina.es\/index.php?rest_route=\/wp\/v2\/product\/2139"}],"collection":[{"href":"https:\/\/lomina.es\/index.php?rest_route=\/wp\/v2\/product"}],"about":[{"href":"https:\/\/lomina.es\/index.php?rest_route=\/wp\/v2\/types\/product"}],"replies":[{"embeddable":true,"href":"https:\/\/lomina.es\/index.php?rest_route=%2Fwp%2Fv2%2Fcomments&post=2139"}],"wp:featuredmedia":[{"embeddable":true,"href":"https:\/\/lomina.es\/index.php?rest_route=\/wp\/v2\/media\/2142"}],"wp:attachment":[{"href":"https:\/\/lomina.es\/index.php?rest_route=%2Fwp%2Fv2%2Fmedia&parent=2139"}],"wp:term":[{"taxonomy":"product_cat","embeddable":true,"href":"https:\/\/lomina.es\/index.php?rest_route=%2Fwp%2Fv2%2Fproduct_cat&post=2139"},{"taxonomy":"product_tag","embeddable":true,"href":"https:\/\/lomina.es\/index.php?rest_route=%2Fwp%2Fv2%2Fproduct_tag&post=2139"}],"curies":[{"name":"wp","href":"https:\/\/api.w.org\/{rel}","templated":true}]}}