{"id":2131,"date":"2025-12-02T14:46:28","date_gmt":"2025-12-02T13:46:28","guid":{"rendered":"https:\/\/lomina.es\/?post_type=product&#038;p=2131"},"modified":"2025-12-03T12:49:06","modified_gmt":"2025-12-03T11:49:06","slug":"olla-a-presion-magefesa-dynamic","status":"publish","type":"product","link":"https:\/\/lomina.es\/?product=olla-a-presion-magefesa-dynamic","title":{"rendered":"Olla a presi\u00f3n Magefesa Dynamic Acero Inox"},"content":{"rendered":"<p>Nuestra olla mantiene las vitaminas y minerales de los alimentos, lo que se traduce en comidas sabrosas y nutritivas para toda la familia.<\/p>\n","protected":false},"excerpt":{"rendered":"<p><strong>Caracter\u00edsticas<\/strong><\/p>\n<ul>\n<li>\n<p data-path-to-node=\"2,1,0\"><b>Material:<\/b> Fabricada en <b>Acero Inoxidable 18\/10<\/b> de alta resistencia.<\/p>\n<\/li>\n<li>\n<p data-path-to-node=\"2,2,0\"><b>Compatibilidad:<\/b> Apta para <b>todo tipo de cocinas<\/b>, incluyendo <b>Inducci\u00f3n<\/b>.<\/p>\n<\/li>\n<li>\n<p data-path-to-node=\"2,3,0\"><b>Rapidez:<\/b> Cocci\u00f3n S\u00faper R\u00e1pida, hasta 5 veces m\u00e1s r\u00e1pida que las ollas tradicionales.<\/p>\n<\/li>\n<li>\n<p data-path-to-node=\"2,4,0\"><b>Presi\u00f3n de Trabajo:<\/b> 80 kPa (Kilopascales).<\/p>\n<\/li>\n<li>\n<p data-path-to-node=\"2,5,0\"><b>Base:<\/b> Fondo termodifusor de <b>triple capa<\/b> para m\u00e1xima eficiencia energ\u00e9tica y distribuci\u00f3n uniforme del calor.<\/p>\n<\/li>\n<li>\n<p data-path-to-node=\"2,6,0\"><b>Seguridad:<\/b> Equipada con <b>5 sistemas de seguridad<\/b> diferentes.<\/p>\n<\/li>\n<li>\n<p data-path-to-node=\"2,7,0\"><b>Beneficios:<\/b> Ahorra hasta un 70% de energ\u00eda y conserva mejor los nutrientes y vitaminas de los alimentos.<\/p>\n<\/li>\n<\/ul>\n","protected":false},"featured_media":2135,"comment_status":"open","ping_status":"closed","template":"","meta":{"om_disable_all_campaigns":false,"_monsterinsights_skip_tracking":false,"_monsterinsights_sitenote_active":false,"_monsterinsights_sitenote_note":"","_monsterinsights_sitenote_category":0,"site-sidebar-layout":"default","site-content-layout":"","ast-site-content-layout":"default","site-content-style":"default","site-sidebar-style":"default","ast-global-header-display":"","ast-banner-title-visibility":"","ast-main-header-display":"","ast-hfb-above-header-display":"","ast-hfb-below-header-display":"","ast-hfb-mobile-header-display":"","site-post-title":"","ast-breadcrumbs-content":"","ast-featured-img":"","footer-sml-layout":"","theme-transparent-header-meta":"default","adv-header-id-meta":"","stick-header-meta":"","header-above-stick-meta":"","header-main-stick-meta":"","header-below-stick-meta":"","astra-migrate-meta-layouts":"set","ast-page-background-enabled":"default","ast-page-background-meta":{"desktop":{"background-color":"var(--ast-global-color-4)","background-image":"","background-repeat":"repeat","background-position":"center center","background-size":"auto","background-attachment":"scroll","background-type":"","background-media":"","overlay-type":"","overlay-color":"","overlay-gradient":""},"tablet":{"background-color":"","background-image":"","background-repeat":"repeat","background-position":"center center","background-size":"auto","background-attachment":"scroll","background-type":"","background-media":"","overlay-type":"","overlay-color":"","overlay-gradient":""},"mobile":{"background-color":"","background-image":"","background-repeat":"repeat","background-position":"center center","background-size":"auto","background-attachment":"scroll","background-type":"","background-media":"","overlay-type":"","overlay-color":"","overlay-gradient":""}},"ast-content-background-meta":{"desktop":{"background-color":"var(--ast-global-color-5)","background-image":"","background-repeat":"repeat","background-position":"center center","background-size":"auto","background-attachment":"scroll","background-type":"","background-media":"","overlay-type":"","overlay-color":"","overlay-gradient":""},"tablet":{"background-color":"var(--ast-global-color-5)","background-image":"","background-repeat":"repeat","background-position":"center center","background-size":"auto","background-attachment":"scroll","background-type":"","background-media":"","overlay-type":"","overlay-color":"","overlay-gradient":""},"mobile":{"background-color":"var(--ast-global-color-5)","background-image":"","background-repeat":"repeat","background-position":"center center","background-size":"auto","background-attachment":"scroll","background-type":"","background-media":"","overlay-type":"","overlay-color":"","overlay-gradient":""}}},"product_cat":[87],"product_tag":[],"aioseo_notices":[],"jetpack_sharing_enabled":true,"_links":{"self":[{"href":"https:\/\/lomina.es\/index.php?rest_route=\/wp\/v2\/product\/2131"}],"collection":[{"href":"https:\/\/lomina.es\/index.php?rest_route=\/wp\/v2\/product"}],"about":[{"href":"https:\/\/lomina.es\/index.php?rest_route=\/wp\/v2\/types\/product"}],"replies":[{"embeddable":true,"href":"https:\/\/lomina.es\/index.php?rest_route=%2Fwp%2Fv2%2Fcomments&post=2131"}],"wp:featuredmedia":[{"embeddable":true,"href":"https:\/\/lomina.es\/index.php?rest_route=\/wp\/v2\/media\/2135"}],"wp:attachment":[{"href":"https:\/\/lomina.es\/index.php?rest_route=%2Fwp%2Fv2%2Fmedia&parent=2131"}],"wp:term":[{"taxonomy":"product_cat","embeddable":true,"href":"https:\/\/lomina.es\/index.php?rest_route=%2Fwp%2Fv2%2Fproduct_cat&post=2131"},{"taxonomy":"product_tag","embeddable":true,"href":"https:\/\/lomina.es\/index.php?rest_route=%2Fwp%2Fv2%2Fproduct_tag&post=2131"}],"curies":[{"name":"wp","href":"https:\/\/api.w.org\/{rel}","templated":true}]}}