{"id":2126,"date":"2025-12-02T13:53:29","date_gmt":"2025-12-02T12:53:29","guid":{"rendered":"https:\/\/lomina.es\/?post_type=product&#038;p=2126"},"modified":"2025-12-03T12:54:20","modified_gmt":"2025-12-03T11:54:20","slug":"olla-a-presion-bra-vitesse-acero-inox","status":"publish","type":"product","link":"https:\/\/lomina.es\/?product=olla-a-presion-bra-vitesse-acero-inox","title":{"rendered":"Olla a presi\u00f3n Bra Vitesse Acero Inox"},"content":{"rendered":"<p>La olla a presi\u00f3n Vitesse es la olla a presi\u00f3n r\u00e1pida para los m\u00e1s exigentes, con una eficacia y seguridad total para un nivel de cocina intensiva.<\/p>\n","protected":false},"excerpt":{"rendered":"<p><strong>Caracter\u00edsticas<\/strong><\/p>\n<ul>\n<li>Fabricaci\u00f3n en acero inoxidable 18\/10 con gran resistencia al desgaste.<\/li>\n<li>Fondo difusor que consigue la temperatura \u00f3ptima r\u00e1pidamente, apto para todo tipo de cocinas, incluida la inducci\u00f3n.<\/li>\n<li>Asa y mango ergon\u00f3mico de baquelita termo resistente.<\/li>\n<li>Dos niveles de cocci\u00f3n y dispositivo de despresurizaci\u00f3n.<\/li>\n<li>Dispone de 4 sistemas de seguridad:\n<ul>\n<li>3 sistemas de seguridad a presi\u00f3n<\/li>\n<li>1 sistema de bloqueo de apertura<\/li>\n<\/ul>\n<\/li>\n<li>Sistema de cierre deslizante, con apertura y cierre mediante encajado de tapa y cuerpo.<\/li>\n<li>V\u00e1lvula de funcionamiento de acero inoxidable 18\/10.<\/li>\n<li>Cuerpo apto para lavavajillas.<\/li>\n<\/ul>\n","protected":false},"featured_media":2127,"comment_status":"open","ping_status":"closed","template":"","meta":{"om_disable_all_campaigns":false,"_monsterinsights_skip_tracking":false,"_monsterinsights_sitenote_active":false,"_monsterinsights_sitenote_note":"","_monsterinsights_sitenote_category":0,"site-sidebar-layout":"default","site-content-layout":"","ast-site-content-layout":"default","site-content-style":"default","site-sidebar-style":"default","ast-global-header-display":"","ast-banner-title-visibility":"","ast-main-header-display":"","ast-hfb-above-header-display":"","ast-hfb-below-header-display":"","ast-hfb-mobile-header-display":"","site-post-title":"","ast-breadcrumbs-content":"","ast-featured-img":"","footer-sml-layout":"","theme-transparent-header-meta":"default","adv-header-id-meta":"","stick-header-meta":"","header-above-stick-meta":"","header-main-stick-meta":"","header-below-stick-meta":"","astra-migrate-meta-layouts":"set","ast-page-background-enabled":"default","ast-page-background-meta":{"desktop":{"background-color":"var(--ast-global-color-4)","background-image":"","background-repeat":"repeat","background-position":"center center","background-size":"auto","background-attachment":"scroll","background-type":"","background-media":"","overlay-type":"","overlay-color":"","overlay-gradient":""},"tablet":{"background-color":"","background-image":"","background-repeat":"repeat","background-position":"center center","background-size":"auto","background-attachment":"scroll","background-type":"","background-media":"","overlay-type":"","overlay-color":"","overlay-gradient":""},"mobile":{"background-color":"","background-image":"","background-repeat":"repeat","background-position":"center center","background-size":"auto","background-attachment":"scroll","background-type":"","background-media":"","overlay-type":"","overlay-color":"","overlay-gradient":""}},"ast-content-background-meta":{"desktop":{"background-color":"var(--ast-global-color-5)","background-image":"","background-repeat":"repeat","background-position":"center center","background-size":"auto","background-attachment":"scroll","background-type":"","background-media":"","overlay-type":"","overlay-color":"","overlay-gradient":""},"tablet":{"background-color":"var(--ast-global-color-5)","background-image":"","background-repeat":"repeat","background-position":"center center","background-size":"auto","background-attachment":"scroll","background-type":"","background-media":"","overlay-type":"","overlay-color":"","overlay-gradient":""},"mobile":{"background-color":"var(--ast-global-color-5)","background-image":"","background-repeat":"repeat","background-position":"center center","background-size":"auto","background-attachment":"scroll","background-type":"","background-media":"","overlay-type":"","overlay-color":"","overlay-gradient":""}}},"product_cat":[87],"product_tag":[],"aioseo_notices":[],"jetpack_sharing_enabled":true,"_links":{"self":[{"href":"https:\/\/lomina.es\/index.php?rest_route=\/wp\/v2\/product\/2126"}],"collection":[{"href":"https:\/\/lomina.es\/index.php?rest_route=\/wp\/v2\/product"}],"about":[{"href":"https:\/\/lomina.es\/index.php?rest_route=\/wp\/v2\/types\/product"}],"replies":[{"embeddable":true,"href":"https:\/\/lomina.es\/index.php?rest_route=%2Fwp%2Fv2%2Fcomments&post=2126"}],"wp:featuredmedia":[{"embeddable":true,"href":"https:\/\/lomina.es\/index.php?rest_route=\/wp\/v2\/media\/2127"}],"wp:attachment":[{"href":"https:\/\/lomina.es\/index.php?rest_route=%2Fwp%2Fv2%2Fmedia&parent=2126"}],"wp:term":[{"taxonomy":"product_cat","embeddable":true,"href":"https:\/\/lomina.es\/index.php?rest_route=%2Fwp%2Fv2%2Fproduct_cat&post=2126"},{"taxonomy":"product_tag","embeddable":true,"href":"https:\/\/lomina.es\/index.php?rest_route=%2Fwp%2Fv2%2Fproduct_tag&post=2126"}],"curies":[{"name":"wp","href":"https:\/\/api.w.org\/{rel}","templated":true}]}}