{"id":2106,"date":"2025-11-26T20:59:41","date_gmt":"2025-11-26T19:59:41","guid":{"rendered":"https:\/\/lomina.es\/?post_type=product&#038;p=2106"},"modified":"2025-12-03T13:14:07","modified_gmt":"2025-12-03T12:14:07","slug":"pulverizador-dosificador-de-aceite-jata","status":"publish","type":"product","link":"https:\/\/lomina.es\/?product=pulverizador-dosificador-de-aceite-jata","title":{"rendered":"Pulverizador dosificador de Aceite Jata"},"content":{"rendered":"<p>Pulverizador pr\u00e1ctico y compacto para dosificar aceite de forma uniforme sobre tus platos, ideal para cocinar o ali\u00f1ar sin desperdiciar.<\/p>\n","protected":false},"excerpt":{"rendered":"<p><strong>Caracter\u00edsticas<\/strong><\/p>\n<ul>\n<li data-start=\"193\" data-end=\"265\">\n<p data-start=\"195\" data-end=\"265\">Fabricado en vidrio y pl\u00e1stico de alta calidad, ligero y resistente.<\/p>\n<\/li>\n<li data-start=\"266\" data-end=\"301\">\n<p data-start=\"268\" data-end=\"301\">Capacidad aproximada de 150 ml.<\/p>\n<\/li>\n<li data-start=\"302\" data-end=\"373\">\n<p data-start=\"304\" data-end=\"373\">Pulverizaci\u00f3n fina y uniforme para controlar la cantidad de aceite.<\/p>\n<\/li>\n<li data-start=\"374\" data-end=\"432\">\n<p data-start=\"376\" data-end=\"432\">Apto tambi\u00e9n para vinagre, salsas l\u00edquidas o esencias.<\/p>\n<\/li>\n<li data-start=\"433\" data-end=\"492\">\n<p data-start=\"435\" data-end=\"492\">Recipiente recargable, reutilizable y f\u00e1cil de limpiar.<\/p>\n<\/li>\n<li data-start=\"493\" data-end=\"542\">\n<p data-start=\"495\" data-end=\"542\">Dise\u00f1o compacto y ergon\u00f3mico, c\u00f3modo de usar.<\/p>\n<\/li>\n<li data-start=\"543\" data-end=\"558\">\n<p data-start=\"545\" data-end=\"558\">Libre de BPA.<\/p>\n<\/li>\n<\/ul>\n","protected":false},"featured_media":2108,"comment_status":"open","ping_status":"closed","template":"","meta":{"om_disable_all_campaigns":false,"_monsterinsights_skip_tracking":false,"_monsterinsights_sitenote_active":false,"_monsterinsights_sitenote_note":"","_monsterinsights_sitenote_category":0,"site-sidebar-layout":"default","site-content-layout":"","ast-site-content-layout":"default","site-content-style":"default","site-sidebar-style":"default","ast-global-header-display":"","ast-banner-title-visibility":"","ast-main-header-display":"","ast-hfb-above-header-display":"","ast-hfb-below-header-display":"","ast-hfb-mobile-header-display":"","site-post-title":"","ast-breadcrumbs-content":"","ast-featured-img":"","footer-sml-layout":"","theme-transparent-header-meta":"default","adv-header-id-meta":"","stick-header-meta":"","header-above-stick-meta":"","header-main-stick-meta":"","header-below-stick-meta":"","astra-migrate-meta-layouts":"set","ast-page-background-enabled":"default","ast-page-background-meta":{"desktop":{"background-color":"var(--ast-global-color-4)","background-image":"","background-repeat":"repeat","background-position":"center center","background-size":"auto","background-attachment":"scroll","background-type":"","background-media":"","overlay-type":"","overlay-color":"","overlay-gradient":""},"tablet":{"background-color":"","background-image":"","background-repeat":"repeat","background-position":"center center","background-size":"auto","background-attachment":"scroll","background-type":"","background-media":"","overlay-type":"","overlay-color":"","overlay-gradient":""},"mobile":{"background-color":"","background-image":"","background-repeat":"repeat","background-position":"center center","background-size":"auto","background-attachment":"scroll","background-type":"","background-media":"","overlay-type":"","overlay-color":"","overlay-gradient":""}},"ast-content-background-meta":{"desktop":{"background-color":"var(--ast-global-color-5)","background-image":"","background-repeat":"repeat","background-position":"center center","background-size":"auto","background-attachment":"scroll","background-type":"","background-media":"","overlay-type":"","overlay-color":"","overlay-gradient":""},"tablet":{"background-color":"var(--ast-global-color-5)","background-image":"","background-repeat":"repeat","background-position":"center center","background-size":"auto","background-attachment":"scroll","background-type":"","background-media":"","overlay-type":"","overlay-color":"","overlay-gradient":""},"mobile":{"background-color":"var(--ast-global-color-5)","background-image":"","background-repeat":"repeat","background-position":"center center","background-size":"auto","background-attachment":"scroll","background-type":"","background-media":"","overlay-type":"","overlay-color":"","overlay-gradient":""}}},"product_cat":[87],"product_tag":[],"aioseo_notices":[],"jetpack_sharing_enabled":true,"_links":{"self":[{"href":"https:\/\/lomina.es\/index.php?rest_route=\/wp\/v2\/product\/2106"}],"collection":[{"href":"https:\/\/lomina.es\/index.php?rest_route=\/wp\/v2\/product"}],"about":[{"href":"https:\/\/lomina.es\/index.php?rest_route=\/wp\/v2\/types\/product"}],"replies":[{"embeddable":true,"href":"https:\/\/lomina.es\/index.php?rest_route=%2Fwp%2Fv2%2Fcomments&post=2106"}],"wp:featuredmedia":[{"embeddable":true,"href":"https:\/\/lomina.es\/index.php?rest_route=\/wp\/v2\/media\/2108"}],"wp:attachment":[{"href":"https:\/\/lomina.es\/index.php?rest_route=%2Fwp%2Fv2%2Fmedia&parent=2106"}],"wp:term":[{"taxonomy":"product_cat","embeddable":true,"href":"https:\/\/lomina.es\/index.php?rest_route=%2Fwp%2Fv2%2Fproduct_cat&post=2106"},{"taxonomy":"product_tag","embeddable":true,"href":"https:\/\/lomina.es\/index.php?rest_route=%2Fwp%2Fv2%2Fproduct_tag&post=2106"}],"curies":[{"name":"wp","href":"https:\/\/api.w.org\/{rel}","templated":true}]}}