{"id":21,"date":"2024-01-30T03:30:38","date_gmt":"2024-01-30T02:30:38","guid":{"rendered":"https:\/\/lomina.es\/?post_type=product&#038;p=21"},"modified":"2025-04-01T21:04:07","modified_gmt":"2025-04-01T19:04:07","slug":"microondas-de-sobremesa-mi-2115","status":"publish","type":"product","link":"https:\/\/lomina.es\/?product=microondas-de-sobremesa-mi-2115","title":{"rendered":"MICROONDAS DE SOBREMESA MI 2115"},"content":{"rendered":"<p>El microondas de sobremesa MI 2115 de Orbegozo ofrece toda la potencia para disfrutar de la cocina de forma r\u00e1pida y con el resultado m\u00e1s eficiente. Este modelo con acabado blanco y botones cromados hacen que encaje en la decoraci\u00f3n de cualquier cocina. Tiene una capacidad de 20 litros lo cual hace que no ocupe mucho espacio pero a su vez no limita las opciones de cocinado.<\/p>\n<p>Posee seis niveles de potencia microondas con una potencia \u00fatil de 700 W. Su temporizador es regulable hasta 30 minutos, y tiene se\u00f1al de fin de cocci\u00f3n. Por otra parte, incorpora un programa de descongelaci\u00f3n para tratar aquellos alimentos congelados de forma que mantengan su sabor y textura.<\/p>\n<p>No necesitan instalaci\u00f3n, simplemente colocarlos en el lugar deseado, conectarlos a la corriente el\u00e9ctrica y estar\u00e1n listos para usar. Con un funcionamiento e instalaci\u00f3n tan sencillos, su limpieza no pod\u00eda ser de otra forma, ya que la parte interior cuenta con una superficie que facilita su cuidado, limpieza y desinfecci\u00f3n.<\/p>\n<p>Con el microondas MI 2115 de Orbegozo ser\u00e1 posible tener tus alimentos listos en cualquier momento y sin ninguna dificultad.<\/p>\n<p>&nbsp;<\/p>\n<h2>Especificaciones<\/h2>\n<table>\n<tbody>\n<tr>\n<td>Capacidad<\/td>\n<td>20 L<\/td>\n<\/tr>\n<tr>\n<td>Potencia \u00fatil microondas<\/td>\n<td>700W<\/td>\n<\/tr>\n<tr>\n<td>Niveles de potencia de microondas<\/td>\n<td>6<\/td>\n<\/tr>\n<tr>\n<td>Temporizador<\/td>\n<td>hasta 30 minutos<\/td>\n<\/tr>\n<tr>\n<td>Programa de descongelaci\u00f3n<\/td>\n<td>Si<\/td>\n<\/tr>\n<tr>\n<td>Se\u00f1al de fin de cocci\u00f3n<\/td>\n<td>Si<\/td>\n<\/tr>\n<tr>\n<td>Puerta con cierre de seguridad<\/td>\n<td>Si<\/td>\n<\/tr>\n<tr>\n<td>Dimensiones<\/td>\n<td>44,6 x 24,3 x 35,3 cm<\/td>\n<\/tr>\n<tr>\n<td>Peso<\/td>\n<td>9,4 kg<\/td>\n<\/tr>\n<tr>\n<td>Conexi\u00f3n<\/td>\n<td>230 V ~ 50 Hz<\/td>\n<\/tr>\n<\/tbody>\n<\/table>\n","protected":false},"excerpt":{"rendered":"<p>CARACTER\u00cdSTICAS:<\/p>\n<ul>\n<li>Capacidad 20L.<\/li>\n<li class=\"p1\">Potencia \u00fatil microondas: 700 W.<\/li>\n<li class=\"p1\">6 niveles de potencia de microondas.<\/li>\n<li>Temporizador hasta 30 minutos.<\/li>\n<li>Programa de descongelaci\u00f3n.<\/li>\n<li class=\"p1\">Se\u00f1al fin de cocci\u00f3n.<\/li>\n<li class=\"p1\">Puerta con cierre de seguridad.<\/li>\n<\/ul>\n<p>&nbsp;<\/p>\n","protected":false},"featured_media":22,"comment_status":"open","ping_status":"closed","template":"","meta":{"om_disable_all_campaigns":false,"_monsterinsights_skip_tracking":false,"_monsterinsights_sitenote_active":false,"_monsterinsights_sitenote_note":"","_monsterinsights_sitenote_category":0,"site-sidebar-layout":"default","site-content-layout":"","ast-site-content-layout":"default","site-content-style":"default","site-sidebar-style":"default","ast-global-header-display":"","ast-banner-title-visibility":"","ast-main-header-display":"","ast-hfb-above-header-display":"","ast-hfb-below-header-display":"","ast-hfb-mobile-header-display":"","site-post-title":"","ast-breadcrumbs-content":"","ast-featured-img":"","footer-sml-layout":"","theme-transparent-header-meta":"default","adv-header-id-meta":"","stick-header-meta":"","header-above-stick-meta":"","header-main-stick-meta":"","header-below-stick-meta":"","astra-migrate-meta-layouts":"set","ast-page-background-enabled":"default","ast-page-background-meta":{"desktop":{"background-color":"var(--ast-global-color-4)","background-image":"","background-repeat":"repeat","background-position":"center center","background-size":"auto","background-attachment":"scroll","background-type":"","background-media":"","overlay-type":"","overlay-color":"","overlay-gradient":""},"tablet":{"background-color":"","background-image":"","background-repeat":"repeat","background-position":"center center","background-size":"auto","background-attachment":"scroll","background-type":"","background-media":"","overlay-type":"","overlay-color":"","overlay-gradient":""},"mobile":{"background-color":"","background-image":"","background-repeat":"repeat","background-position":"center center","background-size":"auto","background-attachment":"scroll","background-type":"","background-media":"","overlay-type":"","overlay-color":"","overlay-gradient":""}},"ast-content-background-meta":{"desktop":{"background-color":"var(--ast-global-color-5)","background-image":"","background-repeat":"repeat","background-position":"center center","background-size":"auto","background-attachment":"scroll","background-type":"","background-media":"","overlay-type":"","overlay-color":"","overlay-gradient":""},"tablet":{"background-color":"var(--ast-global-color-5)","background-image":"","background-repeat":"repeat","background-position":"center center","background-size":"auto","background-attachment":"scroll","background-type":"","background-media":"","overlay-type":"","overlay-color":"","overlay-gradient":""},"mobile":{"background-color":"var(--ast-global-color-5)","background-image":"","background-repeat":"repeat","background-position":"center center","background-size":"auto","background-attachment":"scroll","background-type":"","background-media":"","overlay-type":"","overlay-color":"","overlay-gradient":""}}},"product_cat":[24,23],"product_tag":[],"aioseo_notices":[],"jetpack_sharing_enabled":true,"_links":{"self":[{"href":"https:\/\/lomina.es\/index.php?rest_route=\/wp\/v2\/product\/21"}],"collection":[{"href":"https:\/\/lomina.es\/index.php?rest_route=\/wp\/v2\/product"}],"about":[{"href":"https:\/\/lomina.es\/index.php?rest_route=\/wp\/v2\/types\/product"}],"replies":[{"embeddable":true,"href":"https:\/\/lomina.es\/index.php?rest_route=%2Fwp%2Fv2%2Fcomments&post=21"}],"wp:featuredmedia":[{"embeddable":true,"href":"https:\/\/lomina.es\/index.php?rest_route=\/wp\/v2\/media\/22"}],"wp:attachment":[{"href":"https:\/\/lomina.es\/index.php?rest_route=%2Fwp%2Fv2%2Fmedia&parent=21"}],"wp:term":[{"taxonomy":"product_cat","embeddable":true,"href":"https:\/\/lomina.es\/index.php?rest_route=%2Fwp%2Fv2%2Fproduct_cat&post=21"},{"taxonomy":"product_tag","embeddable":true,"href":"https:\/\/lomina.es\/index.php?rest_route=%2Fwp%2Fv2%2Fproduct_tag&post=21"}],"curies":[{"name":"wp","href":"https:\/\/api.w.org\/{rel}","templated":true}]}}