{"id":2002,"date":"2025-11-13T15:47:13","date_gmt":"2025-11-13T14:47:13","guid":{"rendered":"https:\/\/lomina.es\/?post_type=product&#038;p=2002"},"modified":"2025-11-13T15:47:13","modified_gmt":"2025-11-13T14:47:13","slug":"sarten-antiadherente-wecook-ecostone-aluminio","status":"publish","type":"product","link":"https:\/\/lomina.es\/?product=sarten-antiadherente-wecook-ecostone-aluminio","title":{"rendered":"Sart\u00e9n Antiadherente Wecook Ecostone Aluminio"},"content":{"rendered":"<p>Sart\u00e9n <strong data-start=\"7\" data-end=\"63\"><span class=\"hover:entity-accent entity-underline inline cursor-pointer align-baseline\"><span class=\"whitespace-normal\">WECOOK!<\/span><\/span> Ecostone<\/strong>\u00a0en aluminio forjado de 4\u202fmm de espesor, recubrimiento antiadherente ecol\u00f3gico \u00abXYLAN\u202fPlus\u00bb sin PFOA, apta para inducci\u00f3n, gas, vitrocer\u00e1mica y lavavajillas.<\/p>\n","protected":false},"excerpt":{"rendered":"<p><strong>Caracter\u00edsticas<\/strong><\/p>\n<ul>\n<li data-start=\"109\" data-end=\"196\">\n<p data-start=\"111\" data-end=\"196\">Fabricada en aluminio forjado, lo que le proporciona buena resistencia estructural.<\/p>\n<\/li>\n<li data-start=\"197\" data-end=\"275\">\n<p data-start=\"199\" data-end=\"275\">Espesor de aproximadamente 4\u202fmm para una distribuci\u00f3n homog\u00e9nea del calor.<\/p>\n<\/li>\n<li data-start=\"276\" data-end=\"345\">\n<p data-start=\"278\" data-end=\"345\">Recubrimiento antiadherente ecol\u00f3gico \u00abXYLAN\u202fPlus\u00bb libre de PFOA.<\/p>\n<\/li>\n<li data-start=\"346\" data-end=\"423\">\n<p data-start=\"348\" data-end=\"423\">Apta para todo tipo de cocinas: inducci\u00f3n, vitrocer\u00e1mica, gas, el\u00e9ctrica.<\/p>\n<\/li>\n<li data-start=\"424\" data-end=\"516\">\n<p data-start=\"426\" data-end=\"516\">Base de inducci\u00f3n completa (100\u202f% de la superficie) para un reparto eficiente del calor.<\/p>\n<\/li>\n<li data-start=\"517\" data-end=\"606\">\n<p data-start=\"519\" data-end=\"606\">Mango ergon\u00f3mico con acabado \u201csoft\u2011touch\u201d o baquelita para un agarre c\u00f3modo y seguro.<\/p>\n<\/li>\n<li data-start=\"607\" data-end=\"708\">\n<p data-start=\"609\" data-end=\"708\">Apta para lavavajillas (aunque para conservar mejor sus propiedades se recomienda lavado manual).<\/p>\n<\/li>\n<li data-start=\"709\" data-end=\"790\">\n<p data-start=\"711\" data-end=\"790\">Disponible en varias medidas (por ejemplo: 18\u202fcm, 20\u202fcm, 22\u202fcm, 24\u202fcm, etc.).<\/p>\n<\/li>\n<\/ul>\n","protected":false},"featured_media":2012,"comment_status":"open","ping_status":"closed","template":"","meta":{"om_disable_all_campaigns":false,"_monsterinsights_skip_tracking":false,"_monsterinsights_sitenote_active":false,"_monsterinsights_sitenote_note":"","_monsterinsights_sitenote_category":0,"site-sidebar-layout":"default","site-content-layout":"","ast-site-content-layout":"default","site-content-style":"default","site-sidebar-style":"default","ast-global-header-display":"","ast-banner-title-visibility":"","ast-main-header-display":"","ast-hfb-above-header-display":"","ast-hfb-below-header-display":"","ast-hfb-mobile-header-display":"","site-post-title":"","ast-breadcrumbs-content":"","ast-featured-img":"","footer-sml-layout":"","theme-transparent-header-meta":"default","adv-header-id-meta":"","stick-header-meta":"","header-above-stick-meta":"","header-main-stick-meta":"","header-below-stick-meta":"","astra-migrate-meta-layouts":"set","ast-page-background-enabled":"default","ast-page-background-meta":{"desktop":{"background-color":"var(--ast-global-color-4)","background-image":"","background-repeat":"repeat","background-position":"center center","background-size":"auto","background-attachment":"scroll","background-type":"","background-media":"","overlay-type":"","overlay-color":"","overlay-gradient":""},"tablet":{"background-color":"","background-image":"","background-repeat":"repeat","background-position":"center center","background-size":"auto","background-attachment":"scroll","background-type":"","background-media":"","overlay-type":"","overlay-color":"","overlay-gradient":""},"mobile":{"background-color":"","background-image":"","background-repeat":"repeat","background-position":"center center","background-size":"auto","background-attachment":"scroll","background-type":"","background-media":"","overlay-type":"","overlay-color":"","overlay-gradient":""}},"ast-content-background-meta":{"desktop":{"background-color":"var(--ast-global-color-5)","background-image":"","background-repeat":"repeat","background-position":"center center","background-size":"auto","background-attachment":"scroll","background-type":"","background-media":"","overlay-type":"","overlay-color":"","overlay-gradient":""},"tablet":{"background-color":"var(--ast-global-color-5)","background-image":"","background-repeat":"repeat","background-position":"center center","background-size":"auto","background-attachment":"scroll","background-type":"","background-media":"","overlay-type":"","overlay-color":"","overlay-gradient":""},"mobile":{"background-color":"var(--ast-global-color-5)","background-image":"","background-repeat":"repeat","background-position":"center center","background-size":"auto","background-attachment":"scroll","background-type":"","background-media":"","overlay-type":"","overlay-color":"","overlay-gradient":""}}},"product_cat":[87],"product_tag":[],"aioseo_notices":[],"jetpack_sharing_enabled":true,"_links":{"self":[{"href":"https:\/\/lomina.es\/index.php?rest_route=\/wp\/v2\/product\/2002"}],"collection":[{"href":"https:\/\/lomina.es\/index.php?rest_route=\/wp\/v2\/product"}],"about":[{"href":"https:\/\/lomina.es\/index.php?rest_route=\/wp\/v2\/types\/product"}],"replies":[{"embeddable":true,"href":"https:\/\/lomina.es\/index.php?rest_route=%2Fwp%2Fv2%2Fcomments&post=2002"}],"wp:featuredmedia":[{"embeddable":true,"href":"https:\/\/lomina.es\/index.php?rest_route=\/wp\/v2\/media\/2012"}],"wp:attachment":[{"href":"https:\/\/lomina.es\/index.php?rest_route=%2Fwp%2Fv2%2Fmedia&parent=2002"}],"wp:term":[{"taxonomy":"product_cat","embeddable":true,"href":"https:\/\/lomina.es\/index.php?rest_route=%2Fwp%2Fv2%2Fproduct_cat&post=2002"},{"taxonomy":"product_tag","embeddable":true,"href":"https:\/\/lomina.es\/index.php?rest_route=%2Fwp%2Fv2%2Fproduct_tag&post=2002"}],"curies":[{"name":"wp","href":"https:\/\/api.w.org\/{rel}","templated":true}]}}