{"id":1969,"date":"2025-11-12T15:39:19","date_gmt":"2025-11-12T14:39:19","guid":{"rendered":"https:\/\/lomina.es\/?post_type=product&#038;p=1969"},"modified":"2025-11-12T15:39:19","modified_gmt":"2025-11-12T14:39:19","slug":"afeitadora-y-recortadora-braun-serie-x","status":"publish","type":"product","link":"https:\/\/lomina.es\/?product=afeitadora-y-recortadora-braun-serie-x","title":{"rendered":"Afeitadora y recortadora Braun Serie X"},"content":{"rendered":"<p>Una herramienta \u00abtodo-en-uno\u00bb de Braun que combina afeitadora, recortadora y perfiladora para rostro y cuerpo, apta para uso en seco o h\u00famedo, con dise\u00f1o resistente al agua y cabezal adaptado para zonas dif\u00edciles.<\/p>\n","protected":false},"excerpt":{"rendered":"<p><strong>Caracter\u00edsticas<\/strong><\/p>\n<ul>\n<li><b>Recorta, perfila y afeita con una herramienta<\/b>: recortadora de barba, afeitadora para cuerpo y maquinilla el\u00e9ctrica para hombre. La Braun Series X es apta para la cara (peines de 1, 2, 3, 5 mm) y peines suaves.<\/li>\n<li><b>R\u00e1pida y eficiente<\/b>: la Cuchilla Flex 4D tiene una amplia \u00e1rea de corte y 450 movimientos por segundo, para que puedas recortar, afeitar y perfilar con precisi\u00f3n.<\/li>\n<li><b>F\u00e1cil y c\u00f3moda<\/b>: logra resultados excelentes y l\u00edneas precisas, incluso en \u00e1reas dif\u00edciles, con la Cabeza Flex pivotante y la cuchilla bidireccional que recorta en cualquier direcci\u00f3n.<\/li>\n<li><b>Suave con la piel<\/b>: la Cuchilla Ultra Afilada de metal completo dura hasta 6 meses y se ajusta c\u00f3modamente a los contornos en cada pasada.<\/li>\n<li><b>Dise\u00f1ada para durar<\/b>: 100% impermeable con mango AquaGrip engomado. XT5 tiene un tiempo de funcionamiento inal\u00e1mbrico de 45 minutos y viene con una bolsa de cord\u00f3n para almacenamiento en el ba\u00f1o.<\/li>\n<\/ul>\n","protected":false},"featured_media":1973,"comment_status":"open","ping_status":"closed","template":"","meta":{"om_disable_all_campaigns":false,"_monsterinsights_skip_tracking":false,"_monsterinsights_sitenote_active":false,"_monsterinsights_sitenote_note":"","_monsterinsights_sitenote_category":0,"site-sidebar-layout":"default","site-content-layout":"","ast-site-content-layout":"default","site-content-style":"default","site-sidebar-style":"default","ast-global-header-display":"","ast-banner-title-visibility":"","ast-main-header-display":"","ast-hfb-above-header-display":"","ast-hfb-below-header-display":"","ast-hfb-mobile-header-display":"","site-post-title":"","ast-breadcrumbs-content":"","ast-featured-img":"","footer-sml-layout":"","theme-transparent-header-meta":"default","adv-header-id-meta":"","stick-header-meta":"","header-above-stick-meta":"","header-main-stick-meta":"","header-below-stick-meta":"","astra-migrate-meta-layouts":"set","ast-page-background-enabled":"default","ast-page-background-meta":{"desktop":{"background-color":"var(--ast-global-color-4)","background-image":"","background-repeat":"repeat","background-position":"center center","background-size":"auto","background-attachment":"scroll","background-type":"","background-media":"","overlay-type":"","overlay-color":"","overlay-gradient":""},"tablet":{"background-color":"","background-image":"","background-repeat":"repeat","background-position":"center center","background-size":"auto","background-attachment":"scroll","background-type":"","background-media":"","overlay-type":"","overlay-color":"","overlay-gradient":""},"mobile":{"background-color":"","background-image":"","background-repeat":"repeat","background-position":"center center","background-size":"auto","background-attachment":"scroll","background-type":"","background-media":"","overlay-type":"","overlay-color":"","overlay-gradient":""}},"ast-content-background-meta":{"desktop":{"background-color":"var(--ast-global-color-5)","background-image":"","background-repeat":"repeat","background-position":"center center","background-size":"auto","background-attachment":"scroll","background-type":"","background-media":"","overlay-type":"","overlay-color":"","overlay-gradient":""},"tablet":{"background-color":"var(--ast-global-color-5)","background-image":"","background-repeat":"repeat","background-position":"center center","background-size":"auto","background-attachment":"scroll","background-type":"","background-media":"","overlay-type":"","overlay-color":"","overlay-gradient":""},"mobile":{"background-color":"var(--ast-global-color-5)","background-image":"","background-repeat":"repeat","background-position":"center center","background-size":"auto","background-attachment":"scroll","background-type":"","background-media":"","overlay-type":"","overlay-color":"","overlay-gradient":""}}},"product_cat":[66],"product_tag":[],"aioseo_notices":[],"jetpack_sharing_enabled":true,"_links":{"self":[{"href":"https:\/\/lomina.es\/index.php?rest_route=\/wp\/v2\/product\/1969"}],"collection":[{"href":"https:\/\/lomina.es\/index.php?rest_route=\/wp\/v2\/product"}],"about":[{"href":"https:\/\/lomina.es\/index.php?rest_route=\/wp\/v2\/types\/product"}],"replies":[{"embeddable":true,"href":"https:\/\/lomina.es\/index.php?rest_route=%2Fwp%2Fv2%2Fcomments&post=1969"}],"wp:featuredmedia":[{"embeddable":true,"href":"https:\/\/lomina.es\/index.php?rest_route=\/wp\/v2\/media\/1973"}],"wp:attachment":[{"href":"https:\/\/lomina.es\/index.php?rest_route=%2Fwp%2Fv2%2Fmedia&parent=1969"}],"wp:term":[{"taxonomy":"product_cat","embeddable":true,"href":"https:\/\/lomina.es\/index.php?rest_route=%2Fwp%2Fv2%2Fproduct_cat&post=1969"},{"taxonomy":"product_tag","embeddable":true,"href":"https:\/\/lomina.es\/index.php?rest_route=%2Fwp%2Fv2%2Fproduct_tag&post=1969"}],"curies":[{"name":"wp","href":"https:\/\/api.w.org\/{rel}","templated":true}]}}