{"id":1963,"date":"2025-11-12T14:35:40","date_gmt":"2025-11-12T13:35:40","guid":{"rendered":"https:\/\/lomina.es\/?post_type=product&#038;p=1963"},"modified":"2025-11-12T14:35:40","modified_gmt":"2025-11-12T13:35:40","slug":"cortapelo-babyliss-multifuncion-6-en-1","status":"publish","type":"product","link":"https:\/\/lomina.es\/?product=cortapelo-babyliss-multifuncion-6-en-1","title":{"rendered":"Cortapelo Babyliss Multifunci\u00f3n 6 en 1"},"content":{"rendered":"<p>Recortadora multifunci\u00f3n inal\u00e1mbrica 6 en 1, ideal para barba, patillas, nariz y orejas, con buena autonom\u00eda y varios accesorios para adaptar el estilo.<\/p>\n","protected":false},"excerpt":{"rendered":"<p><strong>Caracter\u00edsticas<\/strong><\/p>\n<ul>\n<li data-start=\"152\" data-end=\"254\">\n<p data-start=\"154\" data-end=\"254\">Recortadora inal\u00e1mbrica (uso sin cable) con hasta <strong data-start=\"204\" data-end=\"231\">60 minutos de autonom\u00eda<\/strong> tras carga completa.<\/p>\n<\/li>\n<li data-start=\"255\" data-end=\"306\">\n<p data-start=\"257\" data-end=\"306\">Tiempo de carga de aproximadamente <strong data-start=\"292\" data-end=\"303\">8 horas<\/strong>.<\/p>\n<\/li>\n<li data-start=\"307\" data-end=\"379\">\n<p data-start=\"309\" data-end=\"379\">Cuchillas de acero inoxidable de aproximadamente <strong data-start=\"358\" data-end=\"367\">34 mm<\/strong> de ancho.<\/p>\n<\/li>\n<li data-start=\"380\" data-end=\"486\">\n<p data-start=\"382\" data-end=\"486\">Kit \u201c6 en 1\u201d: incluye cabeza para barba precisa, accesorio para nariz\/orejas, y varias gu\u00edas de corte.<\/p>\n<\/li>\n<li data-start=\"487\" data-end=\"574\">\n<p data-start=\"489\" data-end=\"574\">Gu\u00edas de corte para barba de tres d\u00edas: longitud ajustable entre <strong data-start=\"554\" data-end=\"571\">1 mm y 3,5 mm<\/strong>.<\/p>\n<\/li>\n<li data-start=\"575\" data-end=\"644\">\n<p data-start=\"577\" data-end=\"644\">Peines gu\u00eda adicionales para longitudes de <strong data-start=\"620\" data-end=\"641\">5 mm, 6 mm y 7 mm<\/strong>.<\/p>\n<\/li>\n<li data-start=\"645\" data-end=\"689\">\n<p data-start=\"647\" data-end=\"689\">Cabezal lavable para facilitar limpieza.<\/p>\n<\/li>\n<li data-start=\"690\" data-end=\"773\">\n<p data-start=\"692\" data-end=\"773\">Dise\u00f1o ergon\u00f3mico en color negro, con estuche o neceser incluido para transporte.<\/p>\n<\/li>\n<\/ul>\n","protected":false},"featured_media":1967,"comment_status":"open","ping_status":"closed","template":"","meta":{"om_disable_all_campaigns":false,"_monsterinsights_skip_tracking":false,"_monsterinsights_sitenote_active":false,"_monsterinsights_sitenote_note":"","_monsterinsights_sitenote_category":0,"site-sidebar-layout":"default","site-content-layout":"","ast-site-content-layout":"default","site-content-style":"default","site-sidebar-style":"default","ast-global-header-display":"","ast-banner-title-visibility":"","ast-main-header-display":"","ast-hfb-above-header-display":"","ast-hfb-below-header-display":"","ast-hfb-mobile-header-display":"","site-post-title":"","ast-breadcrumbs-content":"","ast-featured-img":"","footer-sml-layout":"","theme-transparent-header-meta":"default","adv-header-id-meta":"","stick-header-meta":"","header-above-stick-meta":"","header-main-stick-meta":"","header-below-stick-meta":"","astra-migrate-meta-layouts":"set","ast-page-background-enabled":"default","ast-page-background-meta":{"desktop":{"background-color":"var(--ast-global-color-4)","background-image":"","background-repeat":"repeat","background-position":"center center","background-size":"auto","background-attachment":"scroll","background-type":"","background-media":"","overlay-type":"","overlay-color":"","overlay-gradient":""},"tablet":{"background-color":"","background-image":"","background-repeat":"repeat","background-position":"center center","background-size":"auto","background-attachment":"scroll","background-type":"","background-media":"","overlay-type":"","overlay-color":"","overlay-gradient":""},"mobile":{"background-color":"","background-image":"","background-repeat":"repeat","background-position":"center center","background-size":"auto","background-attachment":"scroll","background-type":"","background-media":"","overlay-type":"","overlay-color":"","overlay-gradient":""}},"ast-content-background-meta":{"desktop":{"background-color":"var(--ast-global-color-5)","background-image":"","background-repeat":"repeat","background-position":"center center","background-size":"auto","background-attachment":"scroll","background-type":"","background-media":"","overlay-type":"","overlay-color":"","overlay-gradient":""},"tablet":{"background-color":"var(--ast-global-color-5)","background-image":"","background-repeat":"repeat","background-position":"center center","background-size":"auto","background-attachment":"scroll","background-type":"","background-media":"","overlay-type":"","overlay-color":"","overlay-gradient":""},"mobile":{"background-color":"var(--ast-global-color-5)","background-image":"","background-repeat":"repeat","background-position":"center center","background-size":"auto","background-attachment":"scroll","background-type":"","background-media":"","overlay-type":"","overlay-color":"","overlay-gradient":""}}},"product_cat":[66],"product_tag":[],"aioseo_notices":[],"jetpack_sharing_enabled":true,"_links":{"self":[{"href":"https:\/\/lomina.es\/index.php?rest_route=\/wp\/v2\/product\/1963"}],"collection":[{"href":"https:\/\/lomina.es\/index.php?rest_route=\/wp\/v2\/product"}],"about":[{"href":"https:\/\/lomina.es\/index.php?rest_route=\/wp\/v2\/types\/product"}],"replies":[{"embeddable":true,"href":"https:\/\/lomina.es\/index.php?rest_route=%2Fwp%2Fv2%2Fcomments&post=1963"}],"wp:featuredmedia":[{"embeddable":true,"href":"https:\/\/lomina.es\/index.php?rest_route=\/wp\/v2\/media\/1967"}],"wp:attachment":[{"href":"https:\/\/lomina.es\/index.php?rest_route=%2Fwp%2Fv2%2Fmedia&parent=1963"}],"wp:term":[{"taxonomy":"product_cat","embeddable":true,"href":"https:\/\/lomina.es\/index.php?rest_route=%2Fwp%2Fv2%2Fproduct_cat&post=1963"},{"taxonomy":"product_tag","embeddable":true,"href":"https:\/\/lomina.es\/index.php?rest_route=%2Fwp%2Fv2%2Fproduct_tag&post=1963"}],"curies":[{"name":"wp","href":"https:\/\/api.w.org\/{rel}","templated":true}]}}