{"id":1958,"date":"2025-11-12T11:17:58","date_gmt":"2025-11-12T10:17:58","guid":{"rendered":"https:\/\/lomina.es\/?post_type=product&#038;p=1958"},"modified":"2025-11-12T12:56:36","modified_gmt":"2025-11-12T11:56:36","slug":"afeitadora-electrica-philips-x3052","status":"publish","type":"product","link":"https:\/\/lomina.es\/?product=afeitadora-electrica-philips-x3052","title":{"rendered":"Afeitadora el\u00e9ctrica Philips X3052"},"content":{"rendered":"<p>Afeitadora el\u00e9ctrica inal\u00e1mbrica apta para seco y h\u00famedo que ofrece un afeitado c\u00f3modo y eficiente gracias a sus cabezales flotantes y buen rendimiento.<\/p>\n","protected":false},"excerpt":{"rendered":"<p><strong>Caracter\u00edsticas<\/strong><\/p>\n<ul>\n<li data-start=\"265\" data-end=\"331\">\n<p data-start=\"267\" data-end=\"331\">Uso sin cable (inal\u00e1mbrica) para mayor libertad de movimiento.<\/p>\n<\/li>\n<li data-start=\"332\" data-end=\"414\">\n<p data-start=\"334\" data-end=\"414\">Compatible con afeitado en seco o h\u00famedo (gel\/espuma o incluso bajo la ducha).<\/p>\n<\/li>\n<li data-start=\"415\" data-end=\"490\">\n<p data-start=\"417\" data-end=\"490\">Cuchillas autoafilables que permiten mantener un rendimiento constante.<\/p>\n<\/li>\n<li data-start=\"491\" data-end=\"535\">\n<p data-start=\"493\" data-end=\"535\">Dise\u00f1o ergon\u00f3mico para un agarre c\u00f3modo.<\/p>\n<\/li>\n<li data-start=\"536\" data-end=\"584\">\n<p data-start=\"538\" data-end=\"584\">Recortador integrado para bigote y patillas.<\/p>\n<\/li>\n<li data-start=\"585\" data-end=\"637\">\n<p data-start=\"587\" data-end=\"637\">Indicador de bater\u00eda para saber cu\u00e1ndo recargar.<\/p>\n<\/li>\n<li data-start=\"638\" data-end=\"682\">\n<p data-start=\"640\" data-end=\"682\">Buena autonom\u00eda tras una carga completa.<\/p>\n<\/li>\n<\/ul>\n","protected":false},"featured_media":1961,"comment_status":"open","ping_status":"closed","template":"","meta":{"om_disable_all_campaigns":false,"_monsterinsights_skip_tracking":false,"_monsterinsights_sitenote_active":false,"_monsterinsights_sitenote_note":"","_monsterinsights_sitenote_category":0,"site-sidebar-layout":"default","site-content-layout":"","ast-site-content-layout":"default","site-content-style":"default","site-sidebar-style":"default","ast-global-header-display":"","ast-banner-title-visibility":"","ast-main-header-display":"","ast-hfb-above-header-display":"","ast-hfb-below-header-display":"","ast-hfb-mobile-header-display":"","site-post-title":"","ast-breadcrumbs-content":"","ast-featured-img":"","footer-sml-layout":"","theme-transparent-header-meta":"default","adv-header-id-meta":"","stick-header-meta":"","header-above-stick-meta":"","header-main-stick-meta":"","header-below-stick-meta":"","astra-migrate-meta-layouts":"set","ast-page-background-enabled":"default","ast-page-background-meta":{"desktop":{"background-color":"var(--ast-global-color-4)","background-image":"","background-repeat":"repeat","background-position":"center center","background-size":"auto","background-attachment":"scroll","background-type":"","background-media":"","overlay-type":"","overlay-color":"","overlay-gradient":""},"tablet":{"background-color":"","background-image":"","background-repeat":"repeat","background-position":"center center","background-size":"auto","background-attachment":"scroll","background-type":"","background-media":"","overlay-type":"","overlay-color":"","overlay-gradient":""},"mobile":{"background-color":"","background-image":"","background-repeat":"repeat","background-position":"center center","background-size":"auto","background-attachment":"scroll","background-type":"","background-media":"","overlay-type":"","overlay-color":"","overlay-gradient":""}},"ast-content-background-meta":{"desktop":{"background-color":"var(--ast-global-color-5)","background-image":"","background-repeat":"repeat","background-position":"center center","background-size":"auto","background-attachment":"scroll","background-type":"","background-media":"","overlay-type":"","overlay-color":"","overlay-gradient":""},"tablet":{"background-color":"var(--ast-global-color-5)","background-image":"","background-repeat":"repeat","background-position":"center center","background-size":"auto","background-attachment":"scroll","background-type":"","background-media":"","overlay-type":"","overlay-color":"","overlay-gradient":""},"mobile":{"background-color":"var(--ast-global-color-5)","background-image":"","background-repeat":"repeat","background-position":"center center","background-size":"auto","background-attachment":"scroll","background-type":"","background-media":"","overlay-type":"","overlay-color":"","overlay-gradient":""}}},"product_cat":[66],"product_tag":[],"aioseo_notices":[],"jetpack_sharing_enabled":true,"_links":{"self":[{"href":"https:\/\/lomina.es\/index.php?rest_route=\/wp\/v2\/product\/1958"}],"collection":[{"href":"https:\/\/lomina.es\/index.php?rest_route=\/wp\/v2\/product"}],"about":[{"href":"https:\/\/lomina.es\/index.php?rest_route=\/wp\/v2\/types\/product"}],"replies":[{"embeddable":true,"href":"https:\/\/lomina.es\/index.php?rest_route=%2Fwp%2Fv2%2Fcomments&post=1958"}],"wp:featuredmedia":[{"embeddable":true,"href":"https:\/\/lomina.es\/index.php?rest_route=\/wp\/v2\/media\/1961"}],"wp:attachment":[{"href":"https:\/\/lomina.es\/index.php?rest_route=%2Fwp%2Fv2%2Fmedia&parent=1958"}],"wp:term":[{"taxonomy":"product_cat","embeddable":true,"href":"https:\/\/lomina.es\/index.php?rest_route=%2Fwp%2Fv2%2Fproduct_cat&post=1958"},{"taxonomy":"product_tag","embeddable":true,"href":"https:\/\/lomina.es\/index.php?rest_route=%2Fwp%2Fv2%2Fproduct_tag&post=1958"}],"curies":[{"name":"wp","href":"https:\/\/api.w.org\/{rel}","templated":true}]}}