{"id":1914,"date":"2025-11-07T15:29:46","date_gmt":"2025-11-07T14:29:46","guid":{"rendered":"https:\/\/lomina.es\/?post_type=product&#038;p=1914"},"modified":"2025-11-07T15:29:46","modified_gmt":"2025-11-07T14:29:46","slug":"termo-para-solidos-orbegozo-inox-1l","status":"publish","type":"product","link":"https:\/\/lomina.es\/?product=termo-para-solidos-orbegozo-inox-1l","title":{"rendered":"Termo para s\u00f3lidos Orbegozo Inox 1L"},"content":{"rendered":"<p data-start=\"121\" data-end=\"324\">Termo de la marca Orbegozo con capacidad de 1 litro, fabricado en acero inoxidable, apto para s\u00f3lidos y l\u00edquidos, dise\u00f1ado para conservar bien la temperatura durante varias horas.<\/p>\n<p data-start=\"326\" data-end=\"347\">\n","protected":false},"excerpt":{"rendered":"<p><strong>Caracter\u00edsticas<\/strong><\/p>\n<ul>\n<li data-start=\"80\" data-end=\"103\">\n<p data-start=\"82\" data-end=\"103\">Capacidad: 1 litro.<\/p>\n<\/li>\n<li data-start=\"104\" data-end=\"151\">\n<p data-start=\"106\" data-end=\"151\">Material: Acero inoxidable de alta calidad.<\/p>\n<\/li>\n<li data-start=\"152\" data-end=\"197\">\n<p data-start=\"154\" data-end=\"197\">Dise\u00f1o apropiado para s\u00f3lidos y l\u00edquidos.<\/p>\n<\/li>\n<li data-start=\"198\" data-end=\"277\">\n<p data-start=\"200\" data-end=\"277\">Mantiene la temperatura (caliente o fr\u00eda) durante aproximadamente 12 horas.<\/p>\n<\/li>\n<li data-start=\"278\" data-end=\"352\">\n<p data-start=\"280\" data-end=\"352\">Tap\u00f3n con sistema de pulsador o cierre herm\u00e9tico para evitar derrames.<\/p>\n<\/li>\n<li data-start=\"353\" data-end=\"436\">\n<p data-start=\"355\" data-end=\"436\">Taza de aislamiento t\u00e9rmico incluida (o dise\u00f1o que permite beber directamente).<\/p>\n<\/li>\n<li data-start=\"437\" data-end=\"472\">\n<p data-start=\"439\" data-end=\"472\">Color: acabado inox (plateado).<\/p>\n<\/li>\n<li data-start=\"473\" data-end=\"539\">\n<p data-start=\"475\" data-end=\"539\">Construcci\u00f3n robusta, dise\u00f1ada para transporte y uso exterior.<\/p>\n<\/li>\n<li data-start=\"540\" data-end=\"605\">\n<p data-start=\"542\" data-end=\"605\">Accesorio adicional: correa de transporte en algunos modelos.<\/p>\n<\/li>\n<li data-start=\"606\" data-end=\"664\">\n<p data-start=\"608\" data-end=\"664\">Apta para uso diario de comida\/almuerzo fuera de casa.<\/p>\n<\/li>\n<\/ul>\n","protected":false},"featured_media":1916,"comment_status":"open","ping_status":"closed","template":"","meta":{"om_disable_all_campaigns":false,"_monsterinsights_skip_tracking":false,"_monsterinsights_sitenote_active":false,"_monsterinsights_sitenote_note":"","_monsterinsights_sitenote_category":0,"site-sidebar-layout":"default","site-content-layout":"","ast-site-content-layout":"default","site-content-style":"default","site-sidebar-style":"default","ast-global-header-display":"","ast-banner-title-visibility":"","ast-main-header-display":"","ast-hfb-above-header-display":"","ast-hfb-below-header-display":"","ast-hfb-mobile-header-display":"","site-post-title":"","ast-breadcrumbs-content":"","ast-featured-img":"","footer-sml-layout":"","theme-transparent-header-meta":"default","adv-header-id-meta":"","stick-header-meta":"","header-above-stick-meta":"","header-main-stick-meta":"","header-below-stick-meta":"","astra-migrate-meta-layouts":"set","ast-page-background-enabled":"default","ast-page-background-meta":{"desktop":{"background-color":"var(--ast-global-color-4)","background-image":"","background-repeat":"repeat","background-position":"center center","background-size":"auto","background-attachment":"scroll","background-type":"","background-media":"","overlay-type":"","overlay-color":"","overlay-gradient":""},"tablet":{"background-color":"","background-image":"","background-repeat":"repeat","background-position":"center center","background-size":"auto","background-attachment":"scroll","background-type":"","background-media":"","overlay-type":"","overlay-color":"","overlay-gradient":""},"mobile":{"background-color":"","background-image":"","background-repeat":"repeat","background-position":"center center","background-size":"auto","background-attachment":"scroll","background-type":"","background-media":"","overlay-type":"","overlay-color":"","overlay-gradient":""}},"ast-content-background-meta":{"desktop":{"background-color":"var(--ast-global-color-5)","background-image":"","background-repeat":"repeat","background-position":"center center","background-size":"auto","background-attachment":"scroll","background-type":"","background-media":"","overlay-type":"","overlay-color":"","overlay-gradient":""},"tablet":{"background-color":"var(--ast-global-color-5)","background-image":"","background-repeat":"repeat","background-position":"center center","background-size":"auto","background-attachment":"scroll","background-type":"","background-media":"","overlay-type":"","overlay-color":"","overlay-gradient":""},"mobile":{"background-color":"var(--ast-global-color-5)","background-image":"","background-repeat":"repeat","background-position":"center center","background-size":"auto","background-attachment":"scroll","background-type":"","background-media":"","overlay-type":"","overlay-color":"","overlay-gradient":""}}},"product_cat":[87],"product_tag":[],"aioseo_notices":[],"jetpack_sharing_enabled":true,"_links":{"self":[{"href":"https:\/\/lomina.es\/index.php?rest_route=\/wp\/v2\/product\/1914"}],"collection":[{"href":"https:\/\/lomina.es\/index.php?rest_route=\/wp\/v2\/product"}],"about":[{"href":"https:\/\/lomina.es\/index.php?rest_route=\/wp\/v2\/types\/product"}],"replies":[{"embeddable":true,"href":"https:\/\/lomina.es\/index.php?rest_route=%2Fwp%2Fv2%2Fcomments&post=1914"}],"wp:featuredmedia":[{"embeddable":true,"href":"https:\/\/lomina.es\/index.php?rest_route=\/wp\/v2\/media\/1916"}],"wp:attachment":[{"href":"https:\/\/lomina.es\/index.php?rest_route=%2Fwp%2Fv2%2Fmedia&parent=1914"}],"wp:term":[{"taxonomy":"product_cat","embeddable":true,"href":"https:\/\/lomina.es\/index.php?rest_route=%2Fwp%2Fv2%2Fproduct_cat&post=1914"},{"taxonomy":"product_tag","embeddable":true,"href":"https:\/\/lomina.es\/index.php?rest_route=%2Fwp%2Fv2%2Fproduct_tag&post=1914"}],"curies":[{"name":"wp","href":"https:\/\/api.w.org\/{rel}","templated":true}]}}