{"id":1904,"date":"2025-11-07T12:25:27","date_gmt":"2025-11-07T11:25:27","guid":{"rendered":"https:\/\/lomina.es\/?post_type=product&#038;p=1904"},"modified":"2025-11-07T12:25:28","modified_gmt":"2025-11-07T11:25:28","slug":"cafetera-italiana-oroley-still-10-tazas","status":"publish","type":"product","link":"https:\/\/lomina.es\/?product=cafetera-italiana-oroley-still-10-tazas","title":{"rendered":"Cafetera italiana Oroley Still 10 tazas"},"content":{"rendered":"<p data-start=\"96\" data-end=\"286\">Cafetera italiana de acero inoxidable para 10 tazas, dise\u00f1ada para funcionar en todo tipo de cocinas (incluso inducci\u00f3n) con mango ergon\u00f3mico que no se sobrecalienta.<\/p>\n<p data-start=\"288\" data-end=\"309\">\n","protected":false},"excerpt":{"rendered":"<p data-start=\"288\" data-end=\"309\"><strong data-start=\"288\" data-end=\"307\">Caracter\u00edsticas<\/strong><\/p>\n<ul data-start=\"310\" data-end=\"679\">\n<li data-start=\"310\" data-end=\"338\">\n<p data-start=\"312\" data-end=\"338\">Capacidad para 10 tazas.<\/p>\n<\/li>\n<li data-start=\"339\" data-end=\"370\">\n<p data-start=\"341\" data-end=\"370\">Cuerpo de acero inoxidable.<\/p>\n<\/li>\n<li data-start=\"371\" data-end=\"444\">\n<p data-start=\"373\" data-end=\"444\">Apta para cocinas de inducci\u00f3n, vitrocer\u00e1mica, gas y fuego el\u00e9ctrico.<\/p>\n<\/li>\n<li data-start=\"445\" data-end=\"510\">\n<p data-start=\"447\" data-end=\"510\">Mango ergon\u00f3mico de dise\u00f1o propio que evita quema de la mano.<\/p>\n<\/li>\n<li data-start=\"511\" data-end=\"548\">\n<p data-start=\"513\" data-end=\"548\">V\u00e1lvula de seguridad certificada.<\/p>\n<\/li>\n<li data-start=\"549\" data-end=\"619\">\n<p data-start=\"551\" data-end=\"619\">Placa ferromagn\u00e9tica en la base para compatibilidad con inducci\u00f3n.<\/p>\n<\/li>\n<li data-start=\"620\" data-end=\"679\">\n<p data-start=\"622\" data-end=\"679\">Peso aproximado: 1,17 kg; dimensiones: 15 \u00d7 27 \u00d7 21 cm.<\/p>\n<\/li>\n<\/ul>\n","protected":false},"featured_media":1905,"comment_status":"open","ping_status":"closed","template":"","meta":{"om_disable_all_campaigns":false,"_monsterinsights_skip_tracking":false,"_monsterinsights_sitenote_active":false,"_monsterinsights_sitenote_note":"","_monsterinsights_sitenote_category":0,"site-sidebar-layout":"default","site-content-layout":"","ast-site-content-layout":"default","site-content-style":"default","site-sidebar-style":"default","ast-global-header-display":"","ast-banner-title-visibility":"","ast-main-header-display":"","ast-hfb-above-header-display":"","ast-hfb-below-header-display":"","ast-hfb-mobile-header-display":"","site-post-title":"","ast-breadcrumbs-content":"","ast-featured-img":"","footer-sml-layout":"","theme-transparent-header-meta":"default","adv-header-id-meta":"","stick-header-meta":"","header-above-stick-meta":"","header-main-stick-meta":"","header-below-stick-meta":"","astra-migrate-meta-layouts":"set","ast-page-background-enabled":"default","ast-page-background-meta":{"desktop":{"background-color":"var(--ast-global-color-4)","background-image":"","background-repeat":"repeat","background-position":"center center","background-size":"auto","background-attachment":"scroll","background-type":"","background-media":"","overlay-type":"","overlay-color":"","overlay-gradient":""},"tablet":{"background-color":"","background-image":"","background-repeat":"repeat","background-position":"center center","background-size":"auto","background-attachment":"scroll","background-type":"","background-media":"","overlay-type":"","overlay-color":"","overlay-gradient":""},"mobile":{"background-color":"","background-image":"","background-repeat":"repeat","background-position":"center center","background-size":"auto","background-attachment":"scroll","background-type":"","background-media":"","overlay-type":"","overlay-color":"","overlay-gradient":""}},"ast-content-background-meta":{"desktop":{"background-color":"var(--ast-global-color-5)","background-image":"","background-repeat":"repeat","background-position":"center center","background-size":"auto","background-attachment":"scroll","background-type":"","background-media":"","overlay-type":"","overlay-color":"","overlay-gradient":""},"tablet":{"background-color":"var(--ast-global-color-5)","background-image":"","background-repeat":"repeat","background-position":"center center","background-size":"auto","background-attachment":"scroll","background-type":"","background-media":"","overlay-type":"","overlay-color":"","overlay-gradient":""},"mobile":{"background-color":"var(--ast-global-color-5)","background-image":"","background-repeat":"repeat","background-position":"center center","background-size":"auto","background-attachment":"scroll","background-type":"","background-media":"","overlay-type":"","overlay-color":"","overlay-gradient":""}}},"product_cat":[63],"product_tag":[],"aioseo_notices":[],"jetpack_sharing_enabled":true,"_links":{"self":[{"href":"https:\/\/lomina.es\/index.php?rest_route=\/wp\/v2\/product\/1904"}],"collection":[{"href":"https:\/\/lomina.es\/index.php?rest_route=\/wp\/v2\/product"}],"about":[{"href":"https:\/\/lomina.es\/index.php?rest_route=\/wp\/v2\/types\/product"}],"replies":[{"embeddable":true,"href":"https:\/\/lomina.es\/index.php?rest_route=%2Fwp%2Fv2%2Fcomments&post=1904"}],"wp:featuredmedia":[{"embeddable":true,"href":"https:\/\/lomina.es\/index.php?rest_route=\/wp\/v2\/media\/1905"}],"wp:attachment":[{"href":"https:\/\/lomina.es\/index.php?rest_route=%2Fwp%2Fv2%2Fmedia&parent=1904"}],"wp:term":[{"taxonomy":"product_cat","embeddable":true,"href":"https:\/\/lomina.es\/index.php?rest_route=%2Fwp%2Fv2%2Fproduct_cat&post=1904"},{"taxonomy":"product_tag","embeddable":true,"href":"https:\/\/lomina.es\/index.php?rest_route=%2Fwp%2Fv2%2Fproduct_tag&post=1904"}],"curies":[{"name":"wp","href":"https:\/\/api.w.org\/{rel}","templated":true}]}}