{"id":1896,"date":"2025-11-06T15:00:33","date_gmt":"2025-11-06T14:00:33","guid":{"rendered":"https:\/\/lomina.es\/?post_type=product&#038;p=1896"},"modified":"2025-11-06T15:00:34","modified_gmt":"2025-11-06T14:00:34","slug":"cafetera-monix-induction-express","status":"publish","type":"product","link":"https:\/\/lomina.es\/?product=cafetera-monix-induction-express","title":{"rendered":"Cafetera Monix Induction Express"},"content":{"rendered":"<p><strong>\u00a0Induction Express<\/strong>\u00a0es la nueva cafetera de aluminio con fondo difusor adaptado para todo tipo de fuegos, incluidos los de inducci\u00f3n.<\/p>\n","protected":false},"excerpt":{"rendered":"<p><strong>Caracter\u00edsticas:<\/strong><\/p>\n<ul>\n<li>Fabricada en Aluminio. Parte superior fabricada por proceso de inyecci\u00f3n de aluminio fundido a alta presi\u00f3n.<\/li>\n<li>Cafetera de gruesos superiores y con un peso de aluminio, superior en un 20%, a las cafeteras normales de mercado.<\/li>\n<li>Asa y pomo de baquelita con insert de color azul que le confiere un dise\u00f1o moderno y atractivo.<\/li>\n<li>Fondo difusor de acero inoxidable 18% de Cr. con sistema\u00a0<em>Full Induction<\/em>.<\/li>\n<li>Disco de acero inoxidable aplicado en el mismo momento de la fundici\u00f3n, lo que le da una fijaci\u00f3n total y una enorme rigidez al fondo.<\/li>\n<li>Al ser una cafetera de aluminio y gracias a la conductividad de este material, consigue que el gusto del caf\u00e9 sea mejor que el de otras cafeteras.<\/li>\n<li>Cafetera con tapa articulada.<\/li>\n<li>Cafetera de f\u00e1cil limpieza en su parte inferior, al tener una forma totalmente cil\u00edndrica.<\/li>\n<li>Reductor incorporado.<\/li>\n<li><strong>En inducci\u00f3n, utilizar con un di\u00e1metro similar o ligeramente m\u00e1s grande que el di\u00e1metro base de la cafetera.\u00a0<\/strong><\/li>\n<\/ul>\n","protected":false},"featured_media":1901,"comment_status":"open","ping_status":"closed","template":"","meta":{"om_disable_all_campaigns":false,"_monsterinsights_skip_tracking":false,"_monsterinsights_sitenote_active":false,"_monsterinsights_sitenote_note":"","_monsterinsights_sitenote_category":0,"site-sidebar-layout":"default","site-content-layout":"","ast-site-content-layout":"default","site-content-style":"default","site-sidebar-style":"default","ast-global-header-display":"","ast-banner-title-visibility":"","ast-main-header-display":"","ast-hfb-above-header-display":"","ast-hfb-below-header-display":"","ast-hfb-mobile-header-display":"","site-post-title":"","ast-breadcrumbs-content":"","ast-featured-img":"","footer-sml-layout":"","theme-transparent-header-meta":"default","adv-header-id-meta":"","stick-header-meta":"","header-above-stick-meta":"","header-main-stick-meta":"","header-below-stick-meta":"","astra-migrate-meta-layouts":"set","ast-page-background-enabled":"default","ast-page-background-meta":{"desktop":{"background-color":"var(--ast-global-color-4)","background-image":"","background-repeat":"repeat","background-position":"center center","background-size":"auto","background-attachment":"scroll","background-type":"","background-media":"","overlay-type":"","overlay-color":"","overlay-gradient":""},"tablet":{"background-color":"","background-image":"","background-repeat":"repeat","background-position":"center center","background-size":"auto","background-attachment":"scroll","background-type":"","background-media":"","overlay-type":"","overlay-color":"","overlay-gradient":""},"mobile":{"background-color":"","background-image":"","background-repeat":"repeat","background-position":"center center","background-size":"auto","background-attachment":"scroll","background-type":"","background-media":"","overlay-type":"","overlay-color":"","overlay-gradient":""}},"ast-content-background-meta":{"desktop":{"background-color":"var(--ast-global-color-5)","background-image":"","background-repeat":"repeat","background-position":"center center","background-size":"auto","background-attachment":"scroll","background-type":"","background-media":"","overlay-type":"","overlay-color":"","overlay-gradient":""},"tablet":{"background-color":"var(--ast-global-color-5)","background-image":"","background-repeat":"repeat","background-position":"center center","background-size":"auto","background-attachment":"scroll","background-type":"","background-media":"","overlay-type":"","overlay-color":"","overlay-gradient":""},"mobile":{"background-color":"var(--ast-global-color-5)","background-image":"","background-repeat":"repeat","background-position":"center center","background-size":"auto","background-attachment":"scroll","background-type":"","background-media":"","overlay-type":"","overlay-color":"","overlay-gradient":""}}},"product_cat":[18],"product_tag":[],"aioseo_notices":[],"jetpack_sharing_enabled":true,"_links":{"self":[{"href":"https:\/\/lomina.es\/index.php?rest_route=\/wp\/v2\/product\/1896"}],"collection":[{"href":"https:\/\/lomina.es\/index.php?rest_route=\/wp\/v2\/product"}],"about":[{"href":"https:\/\/lomina.es\/index.php?rest_route=\/wp\/v2\/types\/product"}],"replies":[{"embeddable":true,"href":"https:\/\/lomina.es\/index.php?rest_route=%2Fwp%2Fv2%2Fcomments&post=1896"}],"wp:featuredmedia":[{"embeddable":true,"href":"https:\/\/lomina.es\/index.php?rest_route=\/wp\/v2\/media\/1901"}],"wp:attachment":[{"href":"https:\/\/lomina.es\/index.php?rest_route=%2Fwp%2Fv2%2Fmedia&parent=1896"}],"wp:term":[{"taxonomy":"product_cat","embeddable":true,"href":"https:\/\/lomina.es\/index.php?rest_route=%2Fwp%2Fv2%2Fproduct_cat&post=1896"},{"taxonomy":"product_tag","embeddable":true,"href":"https:\/\/lomina.es\/index.php?rest_route=%2Fwp%2Fv2%2Fproduct_tag&post=1896"}],"curies":[{"name":"wp","href":"https:\/\/api.w.org\/{rel}","templated":true}]}}