{"id":1830,"date":"2025-11-03T15:59:33","date_gmt":"2025-11-03T14:59:33","guid":{"rendered":"https:\/\/lomina.es\/?post_type=product&#038;p=1830"},"modified":"2026-01-10T13:06:04","modified_gmt":"2026-01-10T12:06:04","slug":"cafetera-krups-dolce-gusto-piccolo-xs","status":"publish","type":"product","link":"https:\/\/lomina.es\/?product=cafetera-krups-dolce-gusto-piccolo-xs","title":{"rendered":"Cafetera Krups Dolce Gusto Piccolo XS"},"content":{"rendered":"<p>Prepara unos caf\u00e9s de calidad profesional con una espuma densa y cremosa gracias al sistema de alta presi\u00f3n (hasta 15 bares) de esta cafetera de c\u00e1psulas.<\/p>\n","protected":false},"excerpt":{"rendered":"<p><strong>Caracter\u00edsticas\u00a0<\/strong><\/p>\n<ul>\n<li>M\u00e1quina de c\u00e1psulas compatible con el sistema Nescaf\u00e9 Dolce Gusto.<\/li>\n<li>Potencia aproximada de 1.500 W para su funcionamiento.<\/li>\n<li>\u00a0Bomba de presi\u00f3n de hasta 15 bar para una extracci\u00f3n m\u00e1s eficaz.<\/li>\n<li>\u00a0Dep\u00f3sito de agua extra\u00edble con capacidad de 0,8 litros.<\/li>\n<li>\u00a0Funci\u00f3n \u201cXL\u201d que permite preparar bebidas de mayor volumen (hasta ~300 ml).<\/li>\n<li>\u00a0Permite tanto bebidas calientes como fr\u00edas.<\/li>\n<li>\u00a0Bandeja de goteo ajustable en varios niveles para adaptarse a diferentes tama\u00f1os de taza.<\/li>\n<li>\u00a0Dise\u00f1o compacto que la hace adecuada para cocinas con espacio limitado.<\/li>\n<li>\u00a0Apagado autom\u00e1tico o modo ecol\u00f3gico tras un periodo de inactividad.<\/li>\n<li>\u00a0Control sencillo mediante rueda o anillo de selecci\u00f3n de volumen para personalizar la bebida.<\/li>\n<\/ul>\n<p>&nbsp;<\/p>\n","protected":false},"featured_media":1831,"comment_status":"open","ping_status":"closed","template":"","meta":{"om_disable_all_campaigns":false,"_monsterinsights_skip_tracking":false,"_monsterinsights_sitenote_active":false,"_monsterinsights_sitenote_note":"","_monsterinsights_sitenote_category":0,"site-sidebar-layout":"default","site-content-layout":"","ast-site-content-layout":"default","site-content-style":"default","site-sidebar-style":"default","ast-global-header-display":"","ast-banner-title-visibility":"","ast-main-header-display":"","ast-hfb-above-header-display":"","ast-hfb-below-header-display":"","ast-hfb-mobile-header-display":"","site-post-title":"","ast-breadcrumbs-content":"","ast-featured-img":"","footer-sml-layout":"","theme-transparent-header-meta":"default","adv-header-id-meta":"","stick-header-meta":"","header-above-stick-meta":"","header-main-stick-meta":"","header-below-stick-meta":"","astra-migrate-meta-layouts":"set","ast-page-background-enabled":"default","ast-page-background-meta":{"desktop":{"background-color":"var(--ast-global-color-4)","background-image":"","background-repeat":"repeat","background-position":"center center","background-size":"auto","background-attachment":"scroll","background-type":"","background-media":"","overlay-type":"","overlay-color":"","overlay-gradient":""},"tablet":{"background-color":"","background-image":"","background-repeat":"repeat","background-position":"center center","background-size":"auto","background-attachment":"scroll","background-type":"","background-media":"","overlay-type":"","overlay-color":"","overlay-gradient":""},"mobile":{"background-color":"","background-image":"","background-repeat":"repeat","background-position":"center center","background-size":"auto","background-attachment":"scroll","background-type":"","background-media":"","overlay-type":"","overlay-color":"","overlay-gradient":""}},"ast-content-background-meta":{"desktop":{"background-color":"var(--ast-global-color-5)","background-image":"","background-repeat":"repeat","background-position":"center center","background-size":"auto","background-attachment":"scroll","background-type":"","background-media":"","overlay-type":"","overlay-color":"","overlay-gradient":""},"tablet":{"background-color":"var(--ast-global-color-5)","background-image":"","background-repeat":"repeat","background-position":"center center","background-size":"auto","background-attachment":"scroll","background-type":"","background-media":"","overlay-type":"","overlay-color":"","overlay-gradient":""},"mobile":{"background-color":"var(--ast-global-color-5)","background-image":"","background-repeat":"repeat","background-position":"center center","background-size":"auto","background-attachment":"scroll","background-type":"","background-media":"","overlay-type":"","overlay-color":"","overlay-gradient":""}}},"product_cat":[63],"product_tag":[],"aioseo_notices":[],"jetpack_sharing_enabled":true,"_links":{"self":[{"href":"https:\/\/lomina.es\/index.php?rest_route=\/wp\/v2\/product\/1830"}],"collection":[{"href":"https:\/\/lomina.es\/index.php?rest_route=\/wp\/v2\/product"}],"about":[{"href":"https:\/\/lomina.es\/index.php?rest_route=\/wp\/v2\/types\/product"}],"replies":[{"embeddable":true,"href":"https:\/\/lomina.es\/index.php?rest_route=%2Fwp%2Fv2%2Fcomments&post=1830"}],"wp:featuredmedia":[{"embeddable":true,"href":"https:\/\/lomina.es\/index.php?rest_route=\/wp\/v2\/media\/1831"}],"wp:attachment":[{"href":"https:\/\/lomina.es\/index.php?rest_route=%2Fwp%2Fv2%2Fmedia&parent=1830"}],"wp:term":[{"taxonomy":"product_cat","embeddable":true,"href":"https:\/\/lomina.es\/index.php?rest_route=%2Fwp%2Fv2%2Fproduct_cat&post=1830"},{"taxonomy":"product_tag","embeddable":true,"href":"https:\/\/lomina.es\/index.php?rest_route=%2Fwp%2Fv2%2Fproduct_tag&post=1830"}],"curies":[{"name":"wp","href":"https:\/\/api.w.org\/{rel}","templated":true}]}}