{"id":1808,"date":"2025-11-01T14:49:31","date_gmt":"2025-11-01T13:49:31","guid":{"rendered":"https:\/\/lomina.es\/?post_type=product&#038;p=1808"},"modified":"2025-11-01T14:49:31","modified_gmt":"2025-11-01T13:49:31","slug":"hervidor-de-agua-electrico-philips","status":"publish","type":"product","link":"https:\/\/lomina.es\/?product=hervidor-de-agua-electrico-philips","title":{"rendered":"Hervidor de agua el\u00e9ctrico Philips"},"content":{"rendered":"<p data-start=\"138\" data-end=\"332\">Hervidor el\u00e9ctrico de 1,7\u202fL de capacidad, color blanco, con tapa autom\u00e1tica de resorte y piloto luminoso, dise\u00f1ado para un hervido r\u00e1pido y c\u00f3modo gracias a su potencia.<\/p>\n","protected":false},"excerpt":{"rendered":"<p><strong>Caracter\u00edsticas<\/strong><\/p>\n<ul>\n<li data-start=\"137\" data-end=\"165\">\n<p data-start=\"139\" data-end=\"165\">Capacidad de 1,7\u202flitros.<\/p>\n<\/li>\n<li data-start=\"166\" data-end=\"234\">\n<p data-start=\"168\" data-end=\"234\">Potencia de aproximadamente 1.850\u20112.200\u202fW (220\u2011240\u202fV, 50\u201160\u202fHz).<\/p>\n<\/li>\n<li data-start=\"235\" data-end=\"274\">\n<p data-start=\"237\" data-end=\"274\">Cuerpo de pl\u00e1stico en color blanco.<\/p>\n<\/li>\n<li data-start=\"275\" data-end=\"316\">\n<p data-start=\"277\" data-end=\"316\">Tapa con resorte para apertura f\u00e1cil.<\/p>\n<\/li>\n<li data-start=\"317\" data-end=\"353\">\n<p data-start=\"319\" data-end=\"353\">Indicador luminoso de encendido.<\/p>\n<\/li>\n<li data-start=\"354\" data-end=\"393\">\n<p data-start=\"356\" data-end=\"393\">Indicador de nivel de agua visible.<\/p>\n<\/li>\n<li data-start=\"394\" data-end=\"451\">\n<p data-start=\"396\" data-end=\"451\">Base sin cable con giro de 360\u00b0 para mayor comodidad.<\/p>\n<\/li>\n<li data-start=\"452\" data-end=\"532\">\n<p data-start=\"454\" data-end=\"532\">Cable de alimentaci\u00f3n de unos 0,75\u202fm con recogecable integrado bajo la base.<\/p>\n<\/li>\n<li data-start=\"533\" data-end=\"593\">\n<p data-start=\"535\" data-end=\"593\">Filtro antical extra\u00edble para reducir part\u00edculas de cal.<\/p>\n<\/li>\n<li data-start=\"594\" data-end=\"675\">\n<p data-start=\"596\" data-end=\"675\">Elemento calefactor plano oculto para hervido r\u00e1pido y limpia m\u00e1s f\u00e1cilmente.<\/p>\n<\/li>\n<li data-start=\"676\" data-end=\"770\">\n<p data-start=\"678\" data-end=\"770\">Sistema de seguridad m\u00faltiple: apagado autom\u00e1tico al hervir o en caso de ausencia de agua.<\/p>\n<\/li>\n<li data-start=\"771\" data-end=\"812\">\n<p data-start=\"773\" data-end=\"812\">Patas antideslizantes y base estable.<\/p>\n<\/li>\n<li data-start=\"771\" data-end=\"812\">\n<p data-start=\"773\" data-end=\"812\">Dimensiones aproximadas: 160\u202f\u00d7\u202f223\u202f\u00d7\u202f253\u202fmm (An\u202f\u00d7\u202fPr\u202f\u00d7\u202fAl).<\/p>\n<\/li>\n<\/ul>\n","protected":false},"featured_media":1813,"comment_status":"open","ping_status":"closed","template":"","meta":{"om_disable_all_campaigns":false,"_monsterinsights_skip_tracking":false,"_monsterinsights_sitenote_active":false,"_monsterinsights_sitenote_note":"","_monsterinsights_sitenote_category":0,"site-sidebar-layout":"default","site-content-layout":"","ast-site-content-layout":"default","site-content-style":"default","site-sidebar-style":"default","ast-global-header-display":"","ast-banner-title-visibility":"","ast-main-header-display":"","ast-hfb-above-header-display":"","ast-hfb-below-header-display":"","ast-hfb-mobile-header-display":"","site-post-title":"","ast-breadcrumbs-content":"","ast-featured-img":"","footer-sml-layout":"","theme-transparent-header-meta":"default","adv-header-id-meta":"","stick-header-meta":"","header-above-stick-meta":"","header-main-stick-meta":"","header-below-stick-meta":"","astra-migrate-meta-layouts":"set","ast-page-background-enabled":"default","ast-page-background-meta":{"desktop":{"background-color":"var(--ast-global-color-4)","background-image":"","background-repeat":"repeat","background-position":"center center","background-size":"auto","background-attachment":"scroll","background-type":"","background-media":"","overlay-type":"","overlay-color":"","overlay-gradient":""},"tablet":{"background-color":"","background-image":"","background-repeat":"repeat","background-position":"center center","background-size":"auto","background-attachment":"scroll","background-type":"","background-media":"","overlay-type":"","overlay-color":"","overlay-gradient":""},"mobile":{"background-color":"","background-image":"","background-repeat":"repeat","background-position":"center center","background-size":"auto","background-attachment":"scroll","background-type":"","background-media":"","overlay-type":"","overlay-color":"","overlay-gradient":""}},"ast-content-background-meta":{"desktop":{"background-color":"var(--ast-global-color-5)","background-image":"","background-repeat":"repeat","background-position":"center center","background-size":"auto","background-attachment":"scroll","background-type":"","background-media":"","overlay-type":"","overlay-color":"","overlay-gradient":""},"tablet":{"background-color":"var(--ast-global-color-5)","background-image":"","background-repeat":"repeat","background-position":"center center","background-size":"auto","background-attachment":"scroll","background-type":"","background-media":"","overlay-type":"","overlay-color":"","overlay-gradient":""},"mobile":{"background-color":"var(--ast-global-color-5)","background-image":"","background-repeat":"repeat","background-position":"center center","background-size":"auto","background-attachment":"scroll","background-type":"","background-media":"","overlay-type":"","overlay-color":"","overlay-gradient":""}}},"product_cat":[63],"product_tag":[],"aioseo_notices":[],"jetpack_sharing_enabled":true,"_links":{"self":[{"href":"https:\/\/lomina.es\/index.php?rest_route=\/wp\/v2\/product\/1808"}],"collection":[{"href":"https:\/\/lomina.es\/index.php?rest_route=\/wp\/v2\/product"}],"about":[{"href":"https:\/\/lomina.es\/index.php?rest_route=\/wp\/v2\/types\/product"}],"replies":[{"embeddable":true,"href":"https:\/\/lomina.es\/index.php?rest_route=%2Fwp%2Fv2%2Fcomments&post=1808"}],"wp:featuredmedia":[{"embeddable":true,"href":"https:\/\/lomina.es\/index.php?rest_route=\/wp\/v2\/media\/1813"}],"wp:attachment":[{"href":"https:\/\/lomina.es\/index.php?rest_route=%2Fwp%2Fv2%2Fmedia&parent=1808"}],"wp:term":[{"taxonomy":"product_cat","embeddable":true,"href":"https:\/\/lomina.es\/index.php?rest_route=%2Fwp%2Fv2%2Fproduct_cat&post=1808"},{"taxonomy":"product_tag","embeddable":true,"href":"https:\/\/lomina.es\/index.php?rest_route=%2Fwp%2Fv2%2Fproduct_tag&post=1808"}],"curies":[{"name":"wp","href":"https:\/\/api.w.org\/{rel}","templated":true}]}}