{"id":1805,"date":"2025-11-01T14:41:23","date_gmt":"2025-11-01T13:41:23","guid":{"rendered":"https:\/\/lomina.es\/?post_type=product&#038;p=1805"},"modified":"2025-11-01T14:41:23","modified_gmt":"2025-11-01T13:41:23","slug":"mata-insectos-electrico-fabrilamp","status":"publish","type":"product","link":"https:\/\/lomina.es\/?product=mata-insectos-electrico-fabrilamp","title":{"rendered":"Mata insectos el\u00e9ctrico Fabrilamp"},"content":{"rendered":"<p data-start=\"108\" data-end=\"310\">Mata\u2011insectos el\u00e9ctrico de 15\u202fW en color negro, con luz ultravioleta, rejilla de alta tensi\u00f3n y protecci\u00f3n IPX4 para uso interior o exterior. Dimensiones: 31,2\u202f\u00d7\u202f14,7\u202f\u00d7\u202f14,7\u202fcm.<\/p>\n<p data-start=\"312\" data-end=\"346\">\n","protected":false},"excerpt":{"rendered":"<p>Cracter\u00edsticas<\/p>\n<ul>\n<li data-start=\"347\" data-end=\"366\">\n<p data-start=\"349\" data-end=\"366\">Potencia: 15\u202fW.<\/p>\n<\/li>\n<li data-start=\"367\" data-end=\"384\">\n<p data-start=\"369\" data-end=\"384\">Color: Negro.<\/p>\n<\/li>\n<li data-start=\"385\" data-end=\"407\">\n<p data-start=\"387\" data-end=\"407\">Luz: Ultravioleta.<\/p>\n<\/li>\n<li data-start=\"408\" data-end=\"479\">\n<p data-start=\"410\" data-end=\"479\">Dimensiones: 31,2\u202fcm de alto \u00d7 14,7\u202fcm de ancho \u00d7 14,7\u202fcm de fondo.<\/p>\n<\/li>\n<li data-start=\"480\" data-end=\"508\">\n<p data-start=\"482\" data-end=\"508\">Materiales: Metal y ABS.<\/p>\n<\/li>\n<li data-start=\"509\" data-end=\"568\">\n<p data-start=\"511\" data-end=\"568\">\u00cdndice de protecci\u00f3n: IPX4 (resistente a salpicaduras).<\/p>\n<\/li>\n<li data-start=\"569\" data-end=\"619\">\n<p data-start=\"571\" data-end=\"619\">Uso: recomendado para interiores y exteriores.<\/p>\n<\/li>\n<li data-start=\"620\" data-end=\"684\">\n<p data-start=\"622\" data-end=\"684\">Instalaci\u00f3n: tipo sobremesa o suspendida (opci\u00f3n de colgar).<\/p>\n<\/li>\n<li data-start=\"685\" data-end=\"708\">\n<p data-start=\"687\" data-end=\"708\">Voltaje: 220\u2011240\u202fV.<\/p>\n<\/li>\n<li data-start=\"709\" data-end=\"779\">\n<p data-start=\"711\" data-end=\"779\">Rejilla de alta tensi\u00f3n para eliminaci\u00f3n de insectos sin qu\u00edmicos.<\/p>\n<\/li>\n<li data-start=\"780\" data-end=\"844\">\n<p data-start=\"782\" data-end=\"844\">Dise\u00f1o de 360\u00b0 para atraer insectos desde todos los \u00e1ngulos.<\/p>\n<\/li>\n<\/ul>\n","protected":false},"featured_media":1807,"comment_status":"open","ping_status":"closed","template":"","meta":{"om_disable_all_campaigns":false,"_monsterinsights_skip_tracking":false,"_monsterinsights_sitenote_active":false,"_monsterinsights_sitenote_note":"","_monsterinsights_sitenote_category":0,"site-sidebar-layout":"default","site-content-layout":"","ast-site-content-layout":"default","site-content-style":"default","site-sidebar-style":"default","ast-global-header-display":"","ast-banner-title-visibility":"","ast-main-header-display":"","ast-hfb-above-header-display":"","ast-hfb-below-header-display":"","ast-hfb-mobile-header-display":"","site-post-title":"","ast-breadcrumbs-content":"","ast-featured-img":"","footer-sml-layout":"","theme-transparent-header-meta":"default","adv-header-id-meta":"","stick-header-meta":"","header-above-stick-meta":"","header-main-stick-meta":"","header-below-stick-meta":"","astra-migrate-meta-layouts":"set","ast-page-background-enabled":"default","ast-page-background-meta":{"desktop":{"background-color":"var(--ast-global-color-4)","background-image":"","background-repeat":"repeat","background-position":"center center","background-size":"auto","background-attachment":"scroll","background-type":"","background-media":"","overlay-type":"","overlay-color":"","overlay-gradient":""},"tablet":{"background-color":"","background-image":"","background-repeat":"repeat","background-position":"center center","background-size":"auto","background-attachment":"scroll","background-type":"","background-media":"","overlay-type":"","overlay-color":"","overlay-gradient":""},"mobile":{"background-color":"","background-image":"","background-repeat":"repeat","background-position":"center center","background-size":"auto","background-attachment":"scroll","background-type":"","background-media":"","overlay-type":"","overlay-color":"","overlay-gradient":""}},"ast-content-background-meta":{"desktop":{"background-color":"var(--ast-global-color-5)","background-image":"","background-repeat":"repeat","background-position":"center center","background-size":"auto","background-attachment":"scroll","background-type":"","background-media":"","overlay-type":"","overlay-color":"","overlay-gradient":""},"tablet":{"background-color":"var(--ast-global-color-5)","background-image":"","background-repeat":"repeat","background-position":"center center","background-size":"auto","background-attachment":"scroll","background-type":"","background-media":"","overlay-type":"","overlay-color":"","overlay-gradient":""},"mobile":{"background-color":"var(--ast-global-color-5)","background-image":"","background-repeat":"repeat","background-position":"center center","background-size":"auto","background-attachment":"scroll","background-type":"","background-media":"","overlay-type":"","overlay-color":"","overlay-gradient":""}}},"product_cat":[23],"product_tag":[],"aioseo_notices":[],"jetpack_sharing_enabled":true,"_links":{"self":[{"href":"https:\/\/lomina.es\/index.php?rest_route=\/wp\/v2\/product\/1805"}],"collection":[{"href":"https:\/\/lomina.es\/index.php?rest_route=\/wp\/v2\/product"}],"about":[{"href":"https:\/\/lomina.es\/index.php?rest_route=\/wp\/v2\/types\/product"}],"replies":[{"embeddable":true,"href":"https:\/\/lomina.es\/index.php?rest_route=%2Fwp%2Fv2%2Fcomments&post=1805"}],"wp:featuredmedia":[{"embeddable":true,"href":"https:\/\/lomina.es\/index.php?rest_route=\/wp\/v2\/media\/1807"}],"wp:attachment":[{"href":"https:\/\/lomina.es\/index.php?rest_route=%2Fwp%2Fv2%2Fmedia&parent=1805"}],"wp:term":[{"taxonomy":"product_cat","embeddable":true,"href":"https:\/\/lomina.es\/index.php?rest_route=%2Fwp%2Fv2%2Fproduct_cat&post=1805"},{"taxonomy":"product_tag","embeddable":true,"href":"https:\/\/lomina.es\/index.php?rest_route=%2Fwp%2Fv2%2Fproduct_tag&post=1805"}],"curies":[{"name":"wp","href":"https:\/\/api.w.org\/{rel}","templated":true}]}}