{"id":1803,"date":"2025-11-01T14:06:54","date_gmt":"2025-11-01T13:06:54","guid":{"rendered":"https:\/\/lomina.es\/?post_type=product&#038;p=1803"},"modified":"2025-11-01T14:06:54","modified_gmt":"2025-11-01T13:06:54","slug":"mata-insectos-electrico-diablo-fabrilapm","status":"publish","type":"product","link":"https:\/\/lomina.es\/?product=mata-insectos-electrico-diablo-fabrilapm","title":{"rendered":"Mata insectos el\u00e9ctrico Diablo Fabrilapm"},"content":{"rendered":"<article class=\"text-token-text-primary w-full focus:outline-none [--shadow-height:45px] has-data-writing-block:pointer-events-none has-data-writing-block:-mt-(--shadow-height) has-data-writing-block:pt-(--shadow-height) [&amp;:has([data-writing-block])&gt;*]:pointer-events-auto [content-visibility:auto] supports-[content-visibility:auto]:[contain-intrinsic-size:auto_100lvh] scroll-mt-[calc(var(--header-height)+min(200px,max(70px,20svh)))]\" dir=\"auto\" tabindex=\"-1\" data-turn-id=\"request-WEB:5edb36f7-f35e-400e-861f-524e237198b8-9\" data-testid=\"conversation-turn-20\" data-scroll-anchor=\"true\" data-turn=\"assistant\">\n<div class=\"text-base my-auto mx-auto pb-10 [--thread-content-margin:--spacing(4)] thread-sm:[--thread-content-margin:--spacing(6)] thread-lg:[--thread-content-margin:--spacing(16)] px-(--thread-content-margin)\">\n<div class=\"[--thread-content-max-width:40rem] thread-lg:[--thread-content-max-width:48rem] mx-auto max-w-(--thread-content-max-width) flex-1 group\/turn-messages focus-visible:outline-hidden relative flex w-full min-w-0 flex-col agent-turn\" tabindex=\"-1\">\n<div class=\"flex max-w-full flex-col grow\">\n<div class=\"min-h-8 text-message relative flex w-full flex-col items-end gap-2 text-start break-words whitespace-normal [.text-message+&amp;]:mt-1\" dir=\"auto\" data-message-author-role=\"assistant\" data-message-id=\"92f8c893-fb80-4a68-99d7-34581f1915da\" data-message-model-slug=\"gpt-5\">\n<div class=\"flex w-full flex-col gap-1 empty:hidden first:pt-[1px]\">\n<div class=\"markdown prose dark:prose-invert w-full break-words light markdown-new-styling\">\n<p data-start=\"0\" data-end=\"110\" data-is-last-node=\"\" data-is-only-node=\"\">Mata-insectos el\u00e9ctrico de 20 W con 2 tubos UV, cadena para colgar y bandeja extra\u00edble. Cobertura hasta 40 m\u00b2.<\/p>\n<\/div>\n<\/div>\n<\/div>\n<\/div>\n<div class=\"z-0 flex min-h-[46px] justify-start\"><\/div>\n<\/div>\n<\/div>\n<\/article>\n<div class=\"pointer-events-none h-px w-px\" aria-hidden=\"true\" data-edge=\"true\"><\/div>\n","protected":false},"excerpt":{"rendered":"<p>Caracter\u00edsticas<\/p>\n<ul data-start=\"441\" data-end=\"990\">\n<li data-start=\"441\" data-end=\"460\">\n<p data-start=\"443\" data-end=\"460\">Potencia: 20 W.<\/p>\n<\/li>\n<li data-start=\"461\" data-end=\"518\">\n<p data-start=\"463\" data-end=\"518\">Tubos: 2\u00d7 luz ultravioleta (UV) para atraer insectos.<\/p>\n<\/li>\n<li data-start=\"519\" data-end=\"555\">\n<p data-start=\"521\" data-end=\"555\">Alcance estimado: hasta \u2248 40 m\u00b2.<\/p>\n<\/li>\n<li data-start=\"556\" data-end=\"629\">\n<p data-start=\"558\" data-end=\"629\">Tama\u00f1o aproximado: 26,6 cm (alto) \u00d7 38,6 cm (ancho) \u00d7 8,5 cm (fondo).<\/p>\n<\/li>\n<li data-start=\"630\" data-end=\"712\">\n<p data-start=\"632\" data-end=\"712\">Instalaci\u00f3n: puede usarse en superficie o suspendido mediante cadena incluida.<\/p>\n<\/li>\n<li data-start=\"713\" data-end=\"793\">\n<p data-start=\"715\" data-end=\"793\">Materiales: carcasa de ABS, policarbonato y aluminio, en acabado gris\/negro.<\/p>\n<\/li>\n<li data-start=\"794\" data-end=\"822\">\n<p data-start=\"796\" data-end=\"822\">Alimentaci\u00f3n: 220-240 V.<\/p>\n<\/li>\n<li data-start=\"823\" data-end=\"890\">\n<p data-start=\"825\" data-end=\"890\">Incluye bandeja extra\u00edble para facilitar la limpieza de restos.<\/p>\n<\/li>\n<li data-start=\"891\" data-end=\"957\">\n<p data-start=\"893\" data-end=\"957\">Rejilla de protecci\u00f3n y funcionamiento sin productos qu\u00edmicos.<\/p>\n<\/li>\n<li data-start=\"958\" data-end=\"990\">\n<p data-start=\"960\" data-end=\"990\">Uso recomendado en interiores.<\/p>\n<\/li>\n<\/ul>\n","protected":false},"featured_media":1804,"comment_status":"open","ping_status":"closed","template":"","meta":{"om_disable_all_campaigns":false,"_monsterinsights_skip_tracking":false,"_monsterinsights_sitenote_active":false,"_monsterinsights_sitenote_note":"","_monsterinsights_sitenote_category":0,"site-sidebar-layout":"default","site-content-layout":"","ast-site-content-layout":"default","site-content-style":"default","site-sidebar-style":"default","ast-global-header-display":"","ast-banner-title-visibility":"","ast-main-header-display":"","ast-hfb-above-header-display":"","ast-hfb-below-header-display":"","ast-hfb-mobile-header-display":"","site-post-title":"","ast-breadcrumbs-content":"","ast-featured-img":"","footer-sml-layout":"","theme-transparent-header-meta":"default","adv-header-id-meta":"","stick-header-meta":"","header-above-stick-meta":"","header-main-stick-meta":"","header-below-stick-meta":"","astra-migrate-meta-layouts":"set","ast-page-background-enabled":"default","ast-page-background-meta":{"desktop":{"background-color":"var(--ast-global-color-4)","background-image":"","background-repeat":"repeat","background-position":"center center","background-size":"auto","background-attachment":"scroll","background-type":"","background-media":"","overlay-type":"","overlay-color":"","overlay-gradient":""},"tablet":{"background-color":"","background-image":"","background-repeat":"repeat","background-position":"center center","background-size":"auto","background-attachment":"scroll","background-type":"","background-media":"","overlay-type":"","overlay-color":"","overlay-gradient":""},"mobile":{"background-color":"","background-image":"","background-repeat":"repeat","background-position":"center center","background-size":"auto","background-attachment":"scroll","background-type":"","background-media":"","overlay-type":"","overlay-color":"","overlay-gradient":""}},"ast-content-background-meta":{"desktop":{"background-color":"var(--ast-global-color-5)","background-image":"","background-repeat":"repeat","background-position":"center center","background-size":"auto","background-attachment":"scroll","background-type":"","background-media":"","overlay-type":"","overlay-color":"","overlay-gradient":""},"tablet":{"background-color":"var(--ast-global-color-5)","background-image":"","background-repeat":"repeat","background-position":"center center","background-size":"auto","background-attachment":"scroll","background-type":"","background-media":"","overlay-type":"","overlay-color":"","overlay-gradient":""},"mobile":{"background-color":"var(--ast-global-color-5)","background-image":"","background-repeat":"repeat","background-position":"center center","background-size":"auto","background-attachment":"scroll","background-type":"","background-media":"","overlay-type":"","overlay-color":"","overlay-gradient":""}}},"product_cat":[23],"product_tag":[],"aioseo_notices":[],"jetpack_sharing_enabled":true,"_links":{"self":[{"href":"https:\/\/lomina.es\/index.php?rest_route=\/wp\/v2\/product\/1803"}],"collection":[{"href":"https:\/\/lomina.es\/index.php?rest_route=\/wp\/v2\/product"}],"about":[{"href":"https:\/\/lomina.es\/index.php?rest_route=\/wp\/v2\/types\/product"}],"replies":[{"embeddable":true,"href":"https:\/\/lomina.es\/index.php?rest_route=%2Fwp%2Fv2%2Fcomments&post=1803"}],"wp:featuredmedia":[{"embeddable":true,"href":"https:\/\/lomina.es\/index.php?rest_route=\/wp\/v2\/media\/1804"}],"wp:attachment":[{"href":"https:\/\/lomina.es\/index.php?rest_route=%2Fwp%2Fv2%2Fmedia&parent=1803"}],"wp:term":[{"taxonomy":"product_cat","embeddable":true,"href":"https:\/\/lomina.es\/index.php?rest_route=%2Fwp%2Fv2%2Fproduct_cat&post=1803"},{"taxonomy":"product_tag","embeddable":true,"href":"https:\/\/lomina.es\/index.php?rest_route=%2Fwp%2Fv2%2Fproduct_tag&post=1803"}],"curies":[{"name":"wp","href":"https:\/\/api.w.org\/{rel}","templated":true}]}}