{"id":1790,"date":"2025-11-01T13:49:13","date_gmt":"2025-11-01T12:49:13","guid":{"rendered":"https:\/\/lomina.es\/?post_type=product&#038;p=1790"},"modified":"2025-11-01T13:49:13","modified_gmt":"2025-11-01T12:49:13","slug":"jarra-de-agua-brita-deposito-82-l","status":"publish","type":"product","link":"https:\/\/lomina.es\/?product=jarra-de-agua-brita-deposito-82-l","title":{"rendered":"Jarra de agua Brita Deposito 8,2 L"},"content":{"rendered":"<p>Jarra filtrante de gran capacidad (8,2 L) de la marca <span class=\"hover:entity-accent entity-underline inline cursor-pointer align-baseline\"><span class=\"whitespace-normal\">BRITA<\/span><\/span>, dise\u00f1ada para instalar en el frigor\u00edfico, con grifo de dispensado, filtro \u201cMAXTRA PRO All-in-1\u201d incluido, y sistema de filtrado que elimina cloro, part\u00edculas e impurezas para un agua de mejor sabor.<\/p>\n","protected":false},"excerpt":{"rendered":"<p><strong>Caracter\u00edsticas<\/strong><\/p>\n<ul>\n<li data-start=\"512\" data-end=\"592\">\n<p data-start=\"514\" data-end=\"592\">Capacidad total de 8,2 litros (aproximadamente 5,2 litros de agua filtrada).<\/p>\n<\/li>\n<li data-start=\"593\" data-end=\"646\">\n<p data-start=\"595\" data-end=\"646\">Incluye 1 cartucho de filtro MAXTRA PRO All-in-1.<\/p>\n<\/li>\n<li data-start=\"647\" data-end=\"830\">\n<p data-start=\"649\" data-end=\"830\">Filtraci\u00f3n en 4 etapas: malla microm\u00e9trica para part\u00edculas finas, carb\u00f3n activo natural de c\u00e1scaras de coco, perlas de intercambio i\u00f3nico para reducci\u00f3n de cal, plomo, cobre, etc.<\/p>\n<\/li>\n<li data-start=\"831\" data-end=\"954\">\n<p data-start=\"833\" data-end=\"954\">Indicador digital (BRITA Memo) que recuerda el cambio del cartucho cada ~4 semanas para mantener el rendimiento \u00f3ptimo.<\/p>\n<\/li>\n<li data-start=\"955\" data-end=\"1074\">\n<p data-start=\"957\" data-end=\"1074\">Dise\u00f1o apto para frigor\u00edfico (tapa deslizante, forma adaptada) y con grifo para dispensar agua filtrada f\u00e1cilmente.<\/p>\n<\/li>\n<li data-start=\"1075\" data-end=\"1172\">\n<p data-start=\"1077\" data-end=\"1172\">Mejora del sabor del agua, caf\u00e9 o t\u00e9; ayuda a proteger electrodom\u00e9sticos del dep\u00f3sito de cal.<\/p>\n<\/li>\n<li data-start=\"1173\" data-end=\"1230\">\n<p data-start=\"1175\" data-end=\"1230\">Fabricaci\u00f3n alemana con calidad y dise\u00f1o (marca BRITA).<\/p>\n<\/li>\n<\/ul>\n","protected":false},"featured_media":1794,"comment_status":"open","ping_status":"closed","template":"","meta":{"om_disable_all_campaigns":false,"_monsterinsights_skip_tracking":false,"_monsterinsights_sitenote_active":false,"_monsterinsights_sitenote_note":"","_monsterinsights_sitenote_category":0,"site-sidebar-layout":"default","site-content-layout":"","ast-site-content-layout":"default","site-content-style":"default","site-sidebar-style":"default","ast-global-header-display":"","ast-banner-title-visibility":"","ast-main-header-display":"","ast-hfb-above-header-display":"","ast-hfb-below-header-display":"","ast-hfb-mobile-header-display":"","site-post-title":"","ast-breadcrumbs-content":"","ast-featured-img":"","footer-sml-layout":"","theme-transparent-header-meta":"default","adv-header-id-meta":"","stick-header-meta":"","header-above-stick-meta":"","header-main-stick-meta":"","header-below-stick-meta":"","astra-migrate-meta-layouts":"set","ast-page-background-enabled":"default","ast-page-background-meta":{"desktop":{"background-color":"var(--ast-global-color-4)","background-image":"","background-repeat":"repeat","background-position":"center center","background-size":"auto","background-attachment":"scroll","background-type":"","background-media":"","overlay-type":"","overlay-color":"","overlay-gradient":""},"tablet":{"background-color":"","background-image":"","background-repeat":"repeat","background-position":"center center","background-size":"auto","background-attachment":"scroll","background-type":"","background-media":"","overlay-type":"","overlay-color":"","overlay-gradient":""},"mobile":{"background-color":"","background-image":"","background-repeat":"repeat","background-position":"center center","background-size":"auto","background-attachment":"scroll","background-type":"","background-media":"","overlay-type":"","overlay-color":"","overlay-gradient":""}},"ast-content-background-meta":{"desktop":{"background-color":"var(--ast-global-color-5)","background-image":"","background-repeat":"repeat","background-position":"center center","background-size":"auto","background-attachment":"scroll","background-type":"","background-media":"","overlay-type":"","overlay-color":"","overlay-gradient":""},"tablet":{"background-color":"var(--ast-global-color-5)","background-image":"","background-repeat":"repeat","background-position":"center center","background-size":"auto","background-attachment":"scroll","background-type":"","background-media":"","overlay-type":"","overlay-color":"","overlay-gradient":""},"mobile":{"background-color":"var(--ast-global-color-5)","background-image":"","background-repeat":"repeat","background-position":"center center","background-size":"auto","background-attachment":"scroll","background-type":"","background-media":"","overlay-type":"","overlay-color":"","overlay-gradient":""}}},"product_cat":[87],"product_tag":[],"aioseo_notices":[],"jetpack_sharing_enabled":true,"_links":{"self":[{"href":"https:\/\/lomina.es\/index.php?rest_route=\/wp\/v2\/product\/1790"}],"collection":[{"href":"https:\/\/lomina.es\/index.php?rest_route=\/wp\/v2\/product"}],"about":[{"href":"https:\/\/lomina.es\/index.php?rest_route=\/wp\/v2\/types\/product"}],"replies":[{"embeddable":true,"href":"https:\/\/lomina.es\/index.php?rest_route=%2Fwp%2Fv2%2Fcomments&post=1790"}],"wp:featuredmedia":[{"embeddable":true,"href":"https:\/\/lomina.es\/index.php?rest_route=\/wp\/v2\/media\/1794"}],"wp:attachment":[{"href":"https:\/\/lomina.es\/index.php?rest_route=%2Fwp%2Fv2%2Fmedia&parent=1790"}],"wp:term":[{"taxonomy":"product_cat","embeddable":true,"href":"https:\/\/lomina.es\/index.php?rest_route=%2Fwp%2Fv2%2Fproduct_cat&post=1790"},{"taxonomy":"product_tag","embeddable":true,"href":"https:\/\/lomina.es\/index.php?rest_route=%2Fwp%2Fv2%2Fproduct_tag&post=1790"}],"curies":[{"name":"wp","href":"https:\/\/api.w.org\/{rel}","templated":true}]}}