{"id":1786,"date":"2025-11-01T13:31:34","date_gmt":"2025-11-01T12:31:34","guid":{"rendered":"https:\/\/lomina.es\/?post_type=product&#038;p=1786"},"modified":"2025-11-01T13:31:34","modified_gmt":"2025-11-01T12:31:34","slug":"jarra-filtrante-de-agua-brita-style-essential","status":"publish","type":"product","link":"https:\/\/lomina.es\/?product=jarra-filtrante-de-agua-brita-style-essential","title":{"rendered":"Jarra filtrante de agua BRITA Style Essential"},"content":{"rendered":"<p>La jarra moderna y pr\u00e1ctica: llena, filtra y disfruta. Elegante, f\u00e1cil de coger con una mano, rellenable, con tapa abatible y apta para lavavajillas (excepto la luz LED Smart Light)<\/p>\n","protected":false},"excerpt":{"rendered":"<p><strong>Cracter\u00edsticas<\/strong><\/p>\n<ul>\n<li data-start=\"34\" data-end=\"97\">\n<p data-start=\"36\" data-end=\"97\"><strong data-start=\"36\" data-end=\"53\">Tapa pr\u00e1ctica<\/strong> para mantener el agua limpia y sin polvo.<\/p>\n<\/li>\n<li data-start=\"98\" data-end=\"162\">\n<p data-start=\"100\" data-end=\"162\"><strong data-start=\"100\" data-end=\"119\">Dise\u00f1o compacto<\/strong> que encaja en la puerta del frigor\u00edfico.<\/p>\n<\/li>\n<li data-start=\"163\" data-end=\"211\">\n<p data-start=\"165\" data-end=\"211\"><strong data-start=\"165\" data-end=\"185\">Capacidad total:<\/strong> 2,4 L (1,4 L filtrada).<\/p>\n<\/li>\n<li data-start=\"212\" data-end=\"255\">\n<p data-start=\"214\" data-end=\"255\"><strong data-start=\"214\" data-end=\"230\">Dimensiones:<\/strong> 23,9 \u00d7 10,5 \u00d7 27,3 cm.<\/p>\n<\/li>\n<li data-start=\"256\" data-end=\"331\">\n<p data-start=\"258\" data-end=\"331\">Compatible con <strong data-start=\"273\" data-end=\"297\">cartuchos MAXTRA PRO<\/strong>.<\/p>\n<\/li>\n<li data-start=\"332\" data-end=\"452\">\n<p data-start=\"334\" data-end=\"452\"><strong data-start=\"334\" data-end=\"364\">Filtrado PURE PERFORMANCE:<\/strong> elimina sabores desagradables (como cloro), minipart\u00edculas (\u226530 \u00b5m) y microimpurezas.<\/p>\n<\/li>\n<li data-start=\"453\" data-end=\"552\">\n<p data-start=\"455\" data-end=\"552\"><strong data-start=\"455\" data-end=\"481\">Opci\u00f3n EXPERTO EN CAL:<\/strong> ideal para caf\u00e9 o t\u00e9, reduce la cal y protege los electrodom\u00e9sticos.<\/p>\n<\/li>\n<li data-start=\"553\" data-end=\"616\" data-is-last-node=\"\">\n<p data-start=\"555\" data-end=\"616\" data-is-last-node=\"\"><strong data-start=\"555\" data-end=\"578\">Fabricaci\u00f3n alemana<\/strong> con calidad y experiencia desde 1966.<\/p>\n<\/li>\n<\/ul>\n","protected":false},"featured_media":1788,"comment_status":"open","ping_status":"closed","template":"","meta":{"om_disable_all_campaigns":false,"_monsterinsights_skip_tracking":false,"_monsterinsights_sitenote_active":false,"_monsterinsights_sitenote_note":"","_monsterinsights_sitenote_category":0,"site-sidebar-layout":"default","site-content-layout":"","ast-site-content-layout":"default","site-content-style":"default","site-sidebar-style":"default","ast-global-header-display":"","ast-banner-title-visibility":"","ast-main-header-display":"","ast-hfb-above-header-display":"","ast-hfb-below-header-display":"","ast-hfb-mobile-header-display":"","site-post-title":"","ast-breadcrumbs-content":"","ast-featured-img":"","footer-sml-layout":"","theme-transparent-header-meta":"default","adv-header-id-meta":"","stick-header-meta":"","header-above-stick-meta":"","header-main-stick-meta":"","header-below-stick-meta":"","astra-migrate-meta-layouts":"set","ast-page-background-enabled":"default","ast-page-background-meta":{"desktop":{"background-color":"var(--ast-global-color-4)","background-image":"","background-repeat":"repeat","background-position":"center center","background-size":"auto","background-attachment":"scroll","background-type":"","background-media":"","overlay-type":"","overlay-color":"","overlay-gradient":""},"tablet":{"background-color":"","background-image":"","background-repeat":"repeat","background-position":"center center","background-size":"auto","background-attachment":"scroll","background-type":"","background-media":"","overlay-type":"","overlay-color":"","overlay-gradient":""},"mobile":{"background-color":"","background-image":"","background-repeat":"repeat","background-position":"center center","background-size":"auto","background-attachment":"scroll","background-type":"","background-media":"","overlay-type":"","overlay-color":"","overlay-gradient":""}},"ast-content-background-meta":{"desktop":{"background-color":"var(--ast-global-color-5)","background-image":"","background-repeat":"repeat","background-position":"center center","background-size":"auto","background-attachment":"scroll","background-type":"","background-media":"","overlay-type":"","overlay-color":"","overlay-gradient":""},"tablet":{"background-color":"var(--ast-global-color-5)","background-image":"","background-repeat":"repeat","background-position":"center center","background-size":"auto","background-attachment":"scroll","background-type":"","background-media":"","overlay-type":"","overlay-color":"","overlay-gradient":""},"mobile":{"background-color":"var(--ast-global-color-5)","background-image":"","background-repeat":"repeat","background-position":"center center","background-size":"auto","background-attachment":"scroll","background-type":"","background-media":"","overlay-type":"","overlay-color":"","overlay-gradient":""}}},"product_cat":[87],"product_tag":[],"aioseo_notices":[],"jetpack_sharing_enabled":true,"_links":{"self":[{"href":"https:\/\/lomina.es\/index.php?rest_route=\/wp\/v2\/product\/1786"}],"collection":[{"href":"https:\/\/lomina.es\/index.php?rest_route=\/wp\/v2\/product"}],"about":[{"href":"https:\/\/lomina.es\/index.php?rest_route=\/wp\/v2\/types\/product"}],"replies":[{"embeddable":true,"href":"https:\/\/lomina.es\/index.php?rest_route=%2Fwp%2Fv2%2Fcomments&post=1786"}],"wp:featuredmedia":[{"embeddable":true,"href":"https:\/\/lomina.es\/index.php?rest_route=\/wp\/v2\/media\/1788"}],"wp:attachment":[{"href":"https:\/\/lomina.es\/index.php?rest_route=%2Fwp%2Fv2%2Fmedia&parent=1786"}],"wp:term":[{"taxonomy":"product_cat","embeddable":true,"href":"https:\/\/lomina.es\/index.php?rest_route=%2Fwp%2Fv2%2Fproduct_cat&post=1786"},{"taxonomy":"product_tag","embeddable":true,"href":"https:\/\/lomina.es\/index.php?rest_route=%2Fwp%2Fv2%2Fproduct_tag&post=1786"}],"curies":[{"name":"wp","href":"https:\/\/api.w.org\/{rel}","templated":true}]}}