{"id":1747,"date":"2025-10-31T15:58:34","date_gmt":"2025-10-31T14:58:34","guid":{"rendered":"https:\/\/lomina.es\/?post_type=product&#038;p=1747"},"modified":"2025-10-31T15:58:34","modified_gmt":"2025-10-31T14:58:34","slug":"exprimidor-electrico-ufesa-essence","status":"publish","type":"product","link":"https:\/\/lomina.es\/?product=exprimidor-electrico-ufesa-essence","title":{"rendered":"Exprimidor el\u00e9ctrico Ufesa Essence"},"content":{"rendered":"<p data-start=\"99\" data-end=\"267\">Un exprimidor el\u00e9ctrico compacto de 120 W dise\u00f1ado para zumos frescos de c\u00edtricos gracias a su doble cono y sistema antigoteo, garantizando facilidad de uso y limpieza.<\/p>\n<h3 data-start=\"269\" data-end=\"302\"><\/h3>\n","protected":false},"excerpt":{"rendered":"<p>Caracter\u00edsticas<\/p>\n<ul data-start=\"303\" data-end=\"742\">\n<li data-start=\"303\" data-end=\"323\">\n<p data-start=\"305\" data-end=\"323\">Potencia: 120 W.<\/p>\n<\/li>\n<li data-start=\"324\" data-end=\"391\">\n<p data-start=\"326\" data-end=\"391\">Dos conos de diferentes tama\u00f1os para frutas grandes y peque\u00f1as.<\/p>\n<\/li>\n<li data-start=\"392\" data-end=\"430\">\n<p data-start=\"394\" data-end=\"430\">Vertido continuo del zumo al vaso.<\/p>\n<\/li>\n<li data-start=\"431\" data-end=\"474\">\n<p data-start=\"433\" data-end=\"474\">Sistema antigoteo para evitar derrames.<\/p>\n<\/li>\n<li data-start=\"475\" data-end=\"522\">\n<p data-start=\"477\" data-end=\"522\">Filtro y sujeta-frutas en acero inoxidable.<\/p>\n<\/li>\n<li data-start=\"523\" data-end=\"573\">\n<p data-start=\"525\" data-end=\"573\">Brazo de presi\u00f3n para facilitar la extracci\u00f3n.<\/p>\n<\/li>\n<li data-start=\"574\" data-end=\"630\">\n<p data-start=\"576\" data-end=\"630\">Componentes desmontables para una limpieza sencilla.<\/p>\n<\/li>\n<li data-start=\"631\" data-end=\"679\">\n<p data-start=\"633\" data-end=\"679\">Pies antideslizantes para mayor estabilidad.<\/p>\n<\/li>\n<li data-start=\"680\" data-end=\"742\">\n<p data-start=\"682\" data-end=\"742\">Dimensiones aproximadas: 20 \u00d7 15 \u00d7 26,5 cm; peso ~1,07 kg.<\/p>\n<\/li>\n<\/ul>\n<p data-start=\"744\" data-end=\"889\">\n","protected":false},"featured_media":1748,"comment_status":"open","ping_status":"closed","template":"","meta":{"om_disable_all_campaigns":false,"_monsterinsights_skip_tracking":false,"_monsterinsights_sitenote_active":false,"_monsterinsights_sitenote_note":"","_monsterinsights_sitenote_category":0,"site-sidebar-layout":"default","site-content-layout":"","ast-site-content-layout":"default","site-content-style":"default","site-sidebar-style":"default","ast-global-header-display":"","ast-banner-title-visibility":"","ast-main-header-display":"","ast-hfb-above-header-display":"","ast-hfb-below-header-display":"","ast-hfb-mobile-header-display":"","site-post-title":"","ast-breadcrumbs-content":"","ast-featured-img":"","footer-sml-layout":"","theme-transparent-header-meta":"default","adv-header-id-meta":"","stick-header-meta":"","header-above-stick-meta":"","header-main-stick-meta":"","header-below-stick-meta":"","astra-migrate-meta-layouts":"set","ast-page-background-enabled":"default","ast-page-background-meta":{"desktop":{"background-color":"var(--ast-global-color-4)","background-image":"","background-repeat":"repeat","background-position":"center center","background-size":"auto","background-attachment":"scroll","background-type":"","background-media":"","overlay-type":"","overlay-color":"","overlay-gradient":""},"tablet":{"background-color":"","background-image":"","background-repeat":"repeat","background-position":"center center","background-size":"auto","background-attachment":"scroll","background-type":"","background-media":"","overlay-type":"","overlay-color":"","overlay-gradient":""},"mobile":{"background-color":"","background-image":"","background-repeat":"repeat","background-position":"center center","background-size":"auto","background-attachment":"scroll","background-type":"","background-media":"","overlay-type":"","overlay-color":"","overlay-gradient":""}},"ast-content-background-meta":{"desktop":{"background-color":"var(--ast-global-color-5)","background-image":"","background-repeat":"repeat","background-position":"center center","background-size":"auto","background-attachment":"scroll","background-type":"","background-media":"","overlay-type":"","overlay-color":"","overlay-gradient":""},"tablet":{"background-color":"var(--ast-global-color-5)","background-image":"","background-repeat":"repeat","background-position":"center center","background-size":"auto","background-attachment":"scroll","background-type":"","background-media":"","overlay-type":"","overlay-color":"","overlay-gradient":""},"mobile":{"background-color":"var(--ast-global-color-5)","background-image":"","background-repeat":"repeat","background-position":"center center","background-size":"auto","background-attachment":"scroll","background-type":"","background-media":"","overlay-type":"","overlay-color":"","overlay-gradient":""}}},"product_cat":[63],"product_tag":[],"aioseo_notices":[],"jetpack_sharing_enabled":true,"_links":{"self":[{"href":"https:\/\/lomina.es\/index.php?rest_route=\/wp\/v2\/product\/1747"}],"collection":[{"href":"https:\/\/lomina.es\/index.php?rest_route=\/wp\/v2\/product"}],"about":[{"href":"https:\/\/lomina.es\/index.php?rest_route=\/wp\/v2\/types\/product"}],"replies":[{"embeddable":true,"href":"https:\/\/lomina.es\/index.php?rest_route=%2Fwp%2Fv2%2Fcomments&post=1747"}],"wp:featuredmedia":[{"embeddable":true,"href":"https:\/\/lomina.es\/index.php?rest_route=\/wp\/v2\/media\/1748"}],"wp:attachment":[{"href":"https:\/\/lomina.es\/index.php?rest_route=%2Fwp%2Fv2%2Fmedia&parent=1747"}],"wp:term":[{"taxonomy":"product_cat","embeddable":true,"href":"https:\/\/lomina.es\/index.php?rest_route=%2Fwp%2Fv2%2Fproduct_cat&post=1747"},{"taxonomy":"product_tag","embeddable":true,"href":"https:\/\/lomina.es\/index.php?rest_route=%2Fwp%2Fv2%2Fproduct_tag&post=1747"}],"curies":[{"name":"wp","href":"https:\/\/api.w.org\/{rel}","templated":true}]}}