{"id":1695,"date":"2025-10-30T14:54:11","date_gmt":"2025-10-30T13:54:11","guid":{"rendered":"https:\/\/lomina.es\/?post_type=product&#038;p=1695"},"modified":"2025-10-30T14:54:11","modified_gmt":"2025-10-30T13:54:11","slug":"batidora-de-mano-orbegozo-bt2690","status":"publish","type":"product","link":"https:\/\/lomina.es\/?product=batidora-de-mano-orbegozo-bt2690","title":{"rendered":"Batidora de mano Orbegozo BT2690"},"content":{"rendered":"<p>Batidora de mano potente de 1\u202f000\u202fW con brazo y cuchilla de acero inoxidable, selector de velocidad, funci\u00f3n turbo y accesorios para facilitar la preparaci\u00f3n.<\/p>\n","protected":false},"excerpt":{"rendered":"<p>Caracter\u00edsticas<\/p>\n<ul>\n<li data-start=\"323\" data-end=\"345\">\n<p data-start=\"325\" data-end=\"345\">Potencia: 1\u202f000\u202fW.<\/p>\n<\/li>\n<li data-start=\"346\" data-end=\"411\">\n<p data-start=\"348\" data-end=\"411\">Selector de velocidad + 2 pulsadores (incluye funci\u00f3n Turbo).<\/p>\n<\/li>\n<li data-start=\"412\" data-end=\"490\">\n<p data-start=\"414\" data-end=\"490\">Brazo y cuchilla en acero inoxidable; brazo desmontable mediante pulsador.<\/p>\n<\/li>\n<li data-start=\"491\" data-end=\"508\">\n<p data-start=\"493\" data-end=\"508\">Libre de BPA.<\/p>\n<\/li>\n<li data-start=\"509\" data-end=\"597\">\n<p data-start=\"511\" data-end=\"597\">Incluye accesorios: vaso mezclador, batidor de alambre, picador universal (~800\u202fml).<\/p>\n<\/li>\n<li data-start=\"598\" data-end=\"658\">\n<p data-start=\"600\" data-end=\"658\">Dise\u00f1o ergon\u00f3mico con mango c\u00f3modo y anilla para colgar.<\/p>\n<\/li>\n<li data-start=\"659\" data-end=\"694\">\n<p data-start=\"661\" data-end=\"694\">Partes aptas para lavavajillas.<\/p>\n<\/li>\n<\/ul>\n","protected":false},"featured_media":1697,"comment_status":"open","ping_status":"closed","template":"","meta":{"om_disable_all_campaigns":false,"_monsterinsights_skip_tracking":false,"_monsterinsights_sitenote_active":false,"_monsterinsights_sitenote_note":"","_monsterinsights_sitenote_category":0,"site-sidebar-layout":"default","site-content-layout":"","ast-site-content-layout":"default","site-content-style":"default","site-sidebar-style":"default","ast-global-header-display":"","ast-banner-title-visibility":"","ast-main-header-display":"","ast-hfb-above-header-display":"","ast-hfb-below-header-display":"","ast-hfb-mobile-header-display":"","site-post-title":"","ast-breadcrumbs-content":"","ast-featured-img":"","footer-sml-layout":"","theme-transparent-header-meta":"default","adv-header-id-meta":"","stick-header-meta":"","header-above-stick-meta":"","header-main-stick-meta":"","header-below-stick-meta":"","astra-migrate-meta-layouts":"set","ast-page-background-enabled":"default","ast-page-background-meta":{"desktop":{"background-color":"var(--ast-global-color-4)","background-image":"","background-repeat":"repeat","background-position":"center center","background-size":"auto","background-attachment":"scroll","background-type":"","background-media":"","overlay-type":"","overlay-color":"","overlay-gradient":""},"tablet":{"background-color":"","background-image":"","background-repeat":"repeat","background-position":"center center","background-size":"auto","background-attachment":"scroll","background-type":"","background-media":"","overlay-type":"","overlay-color":"","overlay-gradient":""},"mobile":{"background-color":"","background-image":"","background-repeat":"repeat","background-position":"center center","background-size":"auto","background-attachment":"scroll","background-type":"","background-media":"","overlay-type":"","overlay-color":"","overlay-gradient":""}},"ast-content-background-meta":{"desktop":{"background-color":"var(--ast-global-color-5)","background-image":"","background-repeat":"repeat","background-position":"center center","background-size":"auto","background-attachment":"scroll","background-type":"","background-media":"","overlay-type":"","overlay-color":"","overlay-gradient":""},"tablet":{"background-color":"var(--ast-global-color-5)","background-image":"","background-repeat":"repeat","background-position":"center center","background-size":"auto","background-attachment":"scroll","background-type":"","background-media":"","overlay-type":"","overlay-color":"","overlay-gradient":""},"mobile":{"background-color":"var(--ast-global-color-5)","background-image":"","background-repeat":"repeat","background-position":"center center","background-size":"auto","background-attachment":"scroll","background-type":"","background-media":"","overlay-type":"","overlay-color":"","overlay-gradient":""}}},"product_cat":[63],"product_tag":[],"aioseo_notices":[],"jetpack_sharing_enabled":true,"_links":{"self":[{"href":"https:\/\/lomina.es\/index.php?rest_route=\/wp\/v2\/product\/1695"}],"collection":[{"href":"https:\/\/lomina.es\/index.php?rest_route=\/wp\/v2\/product"}],"about":[{"href":"https:\/\/lomina.es\/index.php?rest_route=\/wp\/v2\/types\/product"}],"replies":[{"embeddable":true,"href":"https:\/\/lomina.es\/index.php?rest_route=%2Fwp%2Fv2%2Fcomments&post=1695"}],"wp:featuredmedia":[{"embeddable":true,"href":"https:\/\/lomina.es\/index.php?rest_route=\/wp\/v2\/media\/1697"}],"wp:attachment":[{"href":"https:\/\/lomina.es\/index.php?rest_route=%2Fwp%2Fv2%2Fmedia&parent=1695"}],"wp:term":[{"taxonomy":"product_cat","embeddable":true,"href":"https:\/\/lomina.es\/index.php?rest_route=%2Fwp%2Fv2%2Fproduct_cat&post=1695"},{"taxonomy":"product_tag","embeddable":true,"href":"https:\/\/lomina.es\/index.php?rest_route=%2Fwp%2Fv2%2Fproduct_tag&post=1695"}],"curies":[{"name":"wp","href":"https:\/\/api.w.org\/{rel}","templated":true}]}}